{"id":25843,"date":"2025-04-16T08:59:04","date_gmt":"2025-04-16T08:59:04","guid":{"rendered":"https:\/\/www.freeshopfrontiera.ch\/shop\/yves-saint-laurent-opium-eau-de-parfum\/"},"modified":"2025-05-28T08:12:05","modified_gmt":"2025-05-28T08:12:05","slug":"yves-saint-laurent-opium-eau-de-parfum","status":"publish","type":"product","link":"https:\/\/www.freeshopfrontiera.ch\/fr\/shop\/yves-saint-laurent-opium-eau-de-parfum\/","title":{"rendered":"YVES SAINT LAURENT Opium Eau de Parfum 90ml"},"content":{"rendered":"<p class=\"\" data-start=\"3424\" data-end=\"3686\"><strong data-start=\"3424\" data-end=\"3468\">Opium Eau de Parfum d\u2019Yves Saint Laurent<\/strong> est une fragrance iconique et sensuelle, symbole d\u2019une f\u00e9minit\u00e9 forte, audacieuse et envo\u00fbtante. Ce parfum s\u2019adresse aux femmes passionn\u00e9es, s\u00fbres d\u2019elles, qui aiment affirmer leur pr\u00e9sence avec \u00e9l\u00e9gance et intensit\u00e9.<\/p>\n<p class=\"\" data-start=\"3688\" data-end=\"3996\">Riche et sophistiqu\u00e9, <strong data-start=\"3710\" data-end=\"3723\">Opium EDP<\/strong> incarne le raffinement oriental dans toute sa splendeur. Il est id\u00e9al pour les soir\u00e9es sp\u00e9ciales, les moments intimes ou les occasions o\u00f9 l\u2019on souhaite laisser un sillage inoubliable. Sa chaleur enveloppante transforme chaque vaporisation en un v\u00e9ritable rituel de charme.<\/p>\n<p class=\"\" data-start=\"3998\" data-end=\"4352\">La composition s\u2019ouvre sur des notes hesp\u00e9rid\u00e9es de <strong data-start=\"4050\" data-end=\"4076\">mandarine et bergamote<\/strong>, fra\u00eeches et lumineuses. Le c\u0153ur d\u00e9voile un accord floral profond et myst\u00e9rieux de <strong data-start=\"4160\" data-end=\"4188\">jasmin, \u0153illet et myrrhe<\/strong>, \u00e9voquant sensualit\u00e9 et exotisme. Enfin, le fond associe <strong data-start=\"4246\" data-end=\"4287\">ambre, vanille, patchouli et opoponax<\/strong>, cr\u00e9ant une signature olfactive riche, orientale et persistante.<\/p>\n<p class=\"\" data-start=\"4354\" data-end=\"4553\">Le flacon, \u00e9l\u00e9gant et orn\u00e9 de d\u00e9tails dor\u00e9s, rappelle l\u2019univers opulent et raffin\u00e9 de l\u2019Orient. Son design intemporel en fait un v\u00e9ritable objet de d\u00e9sir, \u00e0 la hauteur de la fragrance qu\u2019il renferme.<\/p>\n<p class=\"\" data-start=\"4555\" data-end=\"4796\"><strong data-start=\"4555\" data-end=\"4597\">Yves Saint Laurent Opium Eau de Parfum<\/strong> est bien plus qu\u2019un parfum : c\u2019est une exp\u00e9rience sensorielle, un geste de beaut\u00e9 affirm\u00e9, un parfum pour celles qui souhaitent s\u00e9duire, affirmer leur personnalit\u00e9 et laisser un sillage inoubliable.<\/p>\n<p data-start=\"1295\" data-end=\"1520\">Follow us!\u00a0<a href=\"https:\/\/www.instagram.com\/freeshopswiss\/\" target=\"_blank\" rel=\"noopener\">@freeshopswiss<\/a><\/p>\n","protected":false},"excerpt":{"rendered":"<p><em><strong>Eau de Parfum<\/strong><\/em><\/p>\n","protected":false},"featured_media":25835,"comment_status":"open","ping_status":"closed","template":"","meta":[],"pwb-brand":[268],"product_brand":[],"product_cat":[87,109],"product_tag":[252,296,789,97],"class_list":{"0":"post-25843","1":"product","2":"type-product","3":"status-publish","4":"has-post-thumbnail","6":"pwb-brand-yves-saint-laurent","7":"product_cat-parfums","8":"product_cat-pour-elle","9":"product_tag-eau-de-parfum-fr","10":"product_tag-femme","11":"product_tag-womens-fragrances-fr","12":"product_tag-parfums","14":"first","15":"instock","16":"sale","17":"taxable","18":"shipping-taxable","19":"purchasable","20":"product-type-simple"},"brands":[{"id":268,"name":"Yves Saint Laurent","slug":"yves-saint-laurent"}],"_links":{"self":[{"href":"https:\/\/www.freeshopfrontiera.ch\/fr\/wp-json\/wp\/v2\/product\/25843","targetHints":{"allow":["GET"]}}],"collection":[{"href":"https:\/\/www.freeshopfrontiera.ch\/fr\/wp-json\/wp\/v2\/product"}],"about":[{"href":"https:\/\/www.freeshopfrontiera.ch\/fr\/wp-json\/wp\/v2\/types\/product"}],"replies":[{"embeddable":true,"href":"https:\/\/www.freeshopfrontiera.ch\/fr\/wp-json\/wp\/v2\/comments?post=25843"}],"version-history":[{"count":3,"href":"https:\/\/www.freeshopfrontiera.ch\/fr\/wp-json\/wp\/v2\/product\/25843\/revisions"}],"predecessor-version":[{"id":31371,"href":"https:\/\/www.freeshopfrontiera.ch\/fr\/wp-json\/wp\/v2\/product\/25843\/revisions\/31371"}],"wp:featuredmedia":[{"embeddable":true,"href":"https:\/\/www.freeshopfrontiera.ch\/fr\/wp-json\/wp\/v2\/media\/25835"}],"wp:attachment":[{"href":"https:\/\/www.freeshopfrontiera.ch\/fr\/wp-json\/wp\/v2\/media?parent=25843"}],"wp:term":[{"taxonomy":"pwb-brand","embeddable":true,"href":"https:\/\/www.freeshopfrontiera.ch\/fr\/wp-json\/wp\/v2\/pwb-brand?post=25843"},{"taxonomy":"product_brand","embeddable":true,"href":"https:\/\/www.freeshopfrontiera.ch\/fr\/wp-json\/wp\/v2\/product_brand?post=25843"},{"taxonomy":"product_cat","embeddable":true,"href":"https:\/\/www.freeshopfrontiera.ch\/fr\/wp-json\/wp\/v2\/product_cat?post=25843"},{"taxonomy":"product_tag","embeddable":true,"href":"https:\/\/www.freeshopfrontiera.ch\/fr\/wp-json\/wp\/v2\/product_tag?post=25843"}],"curies":[{"name":"wp","href":"https:\/\/api.w.org\/{rel}","templated":true}]}}