{"id":25865,"date":"2025-04-16T09:32:20","date_gmt":"2025-04-16T09:32:20","guid":{"rendered":"https:\/\/www.freeshopfrontiera.ch\/shop\/liu-jo-silkway-wow-eau-de-parfum\/"},"modified":"2025-04-16T09:39:14","modified_gmt":"2025-04-16T09:39:14","slug":"liu-jo-silkway-wow-eau-de-parfum","status":"publish","type":"product","link":"https:\/\/www.freeshopfrontiera.ch\/fr\/shop\/liu-jo-silkway-wow-eau-de-parfum\/","title":{"rendered":"LIU JO Silkway Wow Eau de Parfum"},"content":{"rendered":"<p class=\"\" data-start=\"2035\" data-end=\"2380\"><strong data-start=\"2035\" data-end=\"2074\">Silkway Wow Eau de Parfum de Liu Jo<\/strong> rend hommage \u00e0 la femme moderne, libre, lumineuse et \u00e9l\u00e9gante. Inspir\u00e9 par l\u2019envie de voyager, de d\u00e9couvrir et de s\u2019exprimer, ce parfum est une v\u00e9ritable invitation \u00e0 c\u00e9l\u00e9brer la f\u00e9minit\u00e9 dans toute sa complexit\u00e9. Chaque vaporisation \u00e9voque une \u00e9vasion sensorielle entre douceur, puissance et raffinement.<\/p>\n<p class=\"\" data-start=\"2382\" data-end=\"2774\">La fragrance s\u2019ouvre sur des notes fra\u00eeches et p\u00e9tillantes de <strong data-start=\"2444\" data-end=\"2479\">bergamote, poire et poivre rose<\/strong>, qui stimulent les sens d\u00e8s les premi\u00e8res secondes. Le c\u0153ur floral, avec <strong data-start=\"2553\" data-end=\"2588\">magnolia, rose et jasmin sambac<\/strong>, r\u00e9v\u00e8le un accord \u00e0 la fois f\u00e9minin, tendre et captivant. Enfin, les notes de fond \u2014 <strong data-start=\"2674\" data-end=\"2710\">patchouli, vanille et musc blanc<\/strong> \u2014 prolongent l\u2019exp\u00e9rience avec chaleur, \u00e9l\u00e9gance et profondeur.<\/p>\n<p class=\"\" data-start=\"2776\" data-end=\"3053\"><strong data-start=\"2776\" data-end=\"2791\">Silkway Wow<\/strong> est un parfum aux multiples facettes. Il convient parfaitement \u00e0 un usage quotidien, mais se r\u00e9v\u00e8le particuli\u00e8rement irr\u00e9sistible lors de moments plus intimes ou raffin\u00e9s. Sa signature olfactive est pens\u00e9e pour sublimer chaque instant avec douceur et intensit\u00e9.<\/p>\n<p class=\"\" data-start=\"3055\" data-end=\"3254\">Le flacon incarne le style Liu Jo : minimaliste, chic, avec des reflets soyeux et une allure pr\u00e9cieuse. V\u00e9ritable objet de d\u00e9sir, il compl\u00e8te \u00e0 merveille un rituel de beaut\u00e9 sophistiqu\u00e9 et personnel.<\/p>\n<p class=\"\" data-start=\"3256\" data-end=\"3551\"><strong data-start=\"3256\" data-end=\"3285\">Silkway Wow Eau de Parfum<\/strong> est une fragrance qui d\u00e9passe les fronti\u00e8res. Un parfum pour les femmes qui aiment \u00eatre elles-m\u00eames, assumer leur f\u00e9minit\u00e9 et vivre chaque jour avec passion et \u00e9l\u00e9gance. Laissez-vous porter par cette soie invisible qui enveloppe votre peau d\u2019un charme irr\u00e9sistible.<\/p>\n<p data-start=\"1448\" data-end=\"1642\">Follow us!\u00a0<a href=\"https:\/\/www.instagram.com\/freeshopswiss\/\" target=\"_blank\" rel=\"noopener\">@freeshopswiss<\/a><\/p>\n","protected":false},"excerpt":{"rendered":"<p><em><strong>Eau de Parfum<\/strong><\/em><\/p>\n","protected":false},"featured_media":25855,"comment_status":"open","ping_status":"closed","template":"","meta":[],"pwb-brand":[266],"product_brand":[],"product_cat":[87,109],"product_tag":[252,296,789,97],"class_list":{"0":"post-25865","1":"product","2":"type-product","3":"status-publish","4":"has-post-thumbnail","6":"pwb-brand-liu-jo","7":"product_cat-parfums","8":"product_cat-pour-elle","9":"product_tag-eau-de-parfum-fr","10":"product_tag-femme","11":"product_tag-womens-fragrances-fr","12":"product_tag-parfums","14":"first","15":"instock","16":"sale","17":"taxable","18":"shipping-taxable","19":"purchasable","20":"product-type-variable"},"brands":[{"id":266,"name":"Liu Jo","slug":"liu-jo"}],"_links":{"self":[{"href":"https:\/\/www.freeshopfrontiera.ch\/fr\/wp-json\/wp\/v2\/product\/25865","targetHints":{"allow":["GET"]}}],"collection":[{"href":"https:\/\/www.freeshopfrontiera.ch\/fr\/wp-json\/wp\/v2\/product"}],"about":[{"href":"https:\/\/www.freeshopfrontiera.ch\/fr\/wp-json\/wp\/v2\/types\/product"}],"replies":[{"embeddable":true,"href":"https:\/\/www.freeshopfrontiera.ch\/fr\/wp-json\/wp\/v2\/comments?post=25865"}],"version-history":[{"count":2,"href":"https:\/\/www.freeshopfrontiera.ch\/fr\/wp-json\/wp\/v2\/product\/25865\/revisions"}],"predecessor-version":[{"id":25877,"href":"https:\/\/www.freeshopfrontiera.ch\/fr\/wp-json\/wp\/v2\/product\/25865\/revisions\/25877"}],"wp:featuredmedia":[{"embeddable":true,"href":"https:\/\/www.freeshopfrontiera.ch\/fr\/wp-json\/wp\/v2\/media\/25855"}],"wp:attachment":[{"href":"https:\/\/www.freeshopfrontiera.ch\/fr\/wp-json\/wp\/v2\/media?parent=25865"}],"wp:term":[{"taxonomy":"pwb-brand","embeddable":true,"href":"https:\/\/www.freeshopfrontiera.ch\/fr\/wp-json\/wp\/v2\/pwb-brand?post=25865"},{"taxonomy":"product_brand","embeddable":true,"href":"https:\/\/www.freeshopfrontiera.ch\/fr\/wp-json\/wp\/v2\/product_brand?post=25865"},{"taxonomy":"product_cat","embeddable":true,"href":"https:\/\/www.freeshopfrontiera.ch\/fr\/wp-json\/wp\/v2\/product_cat?post=25865"},{"taxonomy":"product_tag","embeddable":true,"href":"https:\/\/www.freeshopfrontiera.ch\/fr\/wp-json\/wp\/v2\/product_tag?post=25865"}],"curies":[{"name":"wp","href":"https:\/\/api.w.org\/{rel}","templated":true}]}}