{"id":25886,"date":"2025-04-16T09:52:32","date_gmt":"2025-04-16T09:52:32","guid":{"rendered":"https:\/\/www.freeshopfrontiera.ch\/shop\/liu-jo-set-lovers-for-him\/"},"modified":"2025-04-16T10:06:56","modified_gmt":"2025-04-16T10:06:56","slug":"liu-jo-set-lovers-for-him","status":"publish","type":"product","link":"https:\/\/www.freeshopfrontiera.ch\/fr\/shop\/liu-jo-set-lovers-for-him\/","title":{"rendered":"LIU JO SET Lovers U Man For Him"},"content":{"rendered":"<p class=\"\" data-start=\"1927\" data-end=\"2253\"><strong data-start=\"1927\" data-end=\"1958\">Liu Jo Lovers For Him U Man<\/strong> est le coffret parfait pour l\u2019homme moderne, dynamique et raffin\u00e9. Une combinaison compl\u00e8te qui refl\u00e8te l\u2019\u00e9quilibre id\u00e9al entre fra\u00eecheur, \u00e9l\u00e9gance et sensualit\u00e9 masculine. Con\u00e7u pour ceux qui aiment prendre soin d\u2019eux avec style, ce duo sign\u00e9 Liu Jo est une v\u00e9ritable d\u00e9claration de caract\u00e8re.<\/p>\n<p class=\"\" data-start=\"2255\" data-end=\"2628\">L\u2019<strong data-start=\"2257\" data-end=\"2282\">Eau de Toilette 100ml<\/strong> d\u00e9bute sur des notes fra\u00eeches et \u00e9pic\u00e9es de <strong data-start=\"2327\" data-end=\"2366\">bergamote, gingembre et poivre noir<\/strong>, pour une ouverture \u00e9nergique et stimulante. Le c\u0153ur d\u00e9voile un m\u00e9lange aromatique de <strong data-start=\"2453\" data-end=\"2483\">lavande, sauge et g\u00e9ranium<\/strong>, apportant profondeur et sophistication. En fond, <strong data-start=\"2534\" data-end=\"2567\">ambroxan, bois nobles et musc<\/strong> cr\u00e9ent un sillage chaud, enveloppant et r\u00e9solument masculin.<\/p>\n<p class=\"\" data-start=\"2630\" data-end=\"2900\">Le <strong data-start=\"2633\" data-end=\"2661\">baume apr\u00e8s-rasage 200ml<\/strong>, \u00e0 la texture l\u00e9g\u00e8re et apaisante, compl\u00e8te parfaitement le parfum. Enrichi en agents hydratants, il calme la peau apr\u00e8s le rasage, la laissant douce, prot\u00e9g\u00e9e et d\u00e9licatement parfum\u00e9e. Sa formule est douce, m\u00eame pour les peaux sensibles.<\/p>\n<p class=\"\" data-start=\"2902\" data-end=\"3099\">Pr\u00e9sent\u00e9 dans un coffret \u00e9l\u00e9gant et minimaliste, ce set est une excellente id\u00e9e cadeau ou un plaisir personnel \u00e0 s\u2019offrir. Parfait pour toutes les occasions, il allie soin et \u00e9l\u00e9gance au quotidien.<\/p>\n<p class=\"\" data-start=\"3101\" data-end=\"3326\"><strong data-start=\"3101\" data-end=\"3132\">Liu Jo Lovers For Him U Man<\/strong> est bien plus qu\u2019un simple parfum : c\u2019est une exp\u00e9rience de soin compl\u00e8te qui r\u00e9v\u00e8le la personnalit\u00e9 de l\u2019homme contemporain. Frais, affirm\u00e9 et \u00e9l\u00e9gant, il accompagne chaque journ\u00e9e avec style.<\/p>\n<p data-start=\"1578\" data-end=\"1811\">Follow us!\u00a0<a href=\"https:\/\/www.instagram.com\/freeshopswiss\/\" target=\"_blank\" rel=\"noopener\">@freeshopswiss<\/a><\/p>\n","protected":false},"excerpt":{"rendered":"<p>Liu Jo Lovers For Him U Man est le coffret parfait pour l\u2019homme moderne, dynamique et raffin\u00e9. Une combinaison compl\u00e8te qui refl\u00e8te l\u2019\u00e9quilibre id\u00e9al entre fra\u00eecheur, \u00e9l\u00e9gance et sensualit\u00e9 masculine. Con\u00e7u pour ceux qui aiment prendre soin d\u2019eux avec style, ce duo sign\u00e9 Liu Jo est une v\u00e9ritable d\u00e9claration de caract\u00e8re. L\u2019Eau de Toilette 100ml [&hellip;]<\/p>\n","protected":false},"featured_media":27298,"comment_status":"open","ping_status":"closed","template":"","meta":[],"pwb-brand":[266],"product_brand":[],"product_cat":[89,484],"product_tag":[459,464,143],"class_list":{"0":"post-25886","1":"product","2":"type-product","3":"status-publish","4":"has-post-thumbnail","6":"pwb-brand-liu-jo","7":"product_cat-pour-lui","8":"product_cat-coffret","9":"product_tag-coffret","10":"product_tag-coffret-homme","11":"product_tag-homme","13":"first","14":"outofstock","15":"sale","16":"taxable","17":"shipping-taxable","18":"purchasable","19":"product-type-simple"},"brands":[{"id":266,"name":"Liu Jo","slug":"liu-jo"}],"_links":{"self":[{"href":"https:\/\/www.freeshopfrontiera.ch\/fr\/wp-json\/wp\/v2\/product\/25886","targetHints":{"allow":["GET"]}}],"collection":[{"href":"https:\/\/www.freeshopfrontiera.ch\/fr\/wp-json\/wp\/v2\/product"}],"about":[{"href":"https:\/\/www.freeshopfrontiera.ch\/fr\/wp-json\/wp\/v2\/types\/product"}],"replies":[{"embeddable":true,"href":"https:\/\/www.freeshopfrontiera.ch\/fr\/wp-json\/wp\/v2\/comments?post=25886"}],"version-history":[{"count":4,"href":"https:\/\/www.freeshopfrontiera.ch\/fr\/wp-json\/wp\/v2\/product\/25886\/revisions"}],"predecessor-version":[{"id":25897,"href":"https:\/\/www.freeshopfrontiera.ch\/fr\/wp-json\/wp\/v2\/product\/25886\/revisions\/25897"}],"wp:featuredmedia":[{"embeddable":true,"href":"https:\/\/www.freeshopfrontiera.ch\/fr\/wp-json\/wp\/v2\/media\/27298"}],"wp:attachment":[{"href":"https:\/\/www.freeshopfrontiera.ch\/fr\/wp-json\/wp\/v2\/media?parent=25886"}],"wp:term":[{"taxonomy":"pwb-brand","embeddable":true,"href":"https:\/\/www.freeshopfrontiera.ch\/fr\/wp-json\/wp\/v2\/pwb-brand?post=25886"},{"taxonomy":"product_brand","embeddable":true,"href":"https:\/\/www.freeshopfrontiera.ch\/fr\/wp-json\/wp\/v2\/product_brand?post=25886"},{"taxonomy":"product_cat","embeddable":true,"href":"https:\/\/www.freeshopfrontiera.ch\/fr\/wp-json\/wp\/v2\/product_cat?post=25886"},{"taxonomy":"product_tag","embeddable":true,"href":"https:\/\/www.freeshopfrontiera.ch\/fr\/wp-json\/wp\/v2\/product_tag?post=25886"}],"curies":[{"name":"wp","href":"https:\/\/api.w.org\/{rel}","templated":true}]}}