{"id":25923,"date":"2025-04-16T10:30:28","date_gmt":"2025-04-16T10:30:28","guid":{"rendered":"https:\/\/www.freeshopfrontiera.ch\/shop\/liu-jo-lovers-for-her-jo\/"},"modified":"2025-04-16T10:39:44","modified_gmt":"2025-04-16T10:39:44","slug":"liu-jo-lovers-for-her-jo","status":"publish","type":"product","link":"https:\/\/www.freeshopfrontiera.ch\/fr\/shop\/liu-jo-lovers-for-her-jo\/","title":{"rendered":"LIU JO Lovers For Her Jo"},"content":{"rendered":"<p class=\"\" data-start=\"1723\" data-end=\"1970\"><strong data-start=\"1723\" data-end=\"1767\">Liu Jo Lovers For Her Jo Eau de Toilette<\/strong> c\u00e9l\u00e8bre la joie de vivre, la l\u00e9g\u00e8ret\u00e9 et le charme naturel. Con\u00e7ue pour la femme moderne, jeune et pleine d\u2019\u00e9nergie, cette fragrance exprime avec \u00e9l\u00e9gance une f\u00e9minit\u00e9 fra\u00eeche, authentique et lumineuse.<\/p>\n<p class=\"\" data-start=\"1972\" data-end=\"2353\">Les <strong data-start=\"1976\" data-end=\"1993\">notes de t\u00eate<\/strong> d\u00e9voilent un m\u00e9lange fruit\u00e9 et vif de <strong data-start=\"2032\" data-end=\"2062\">mandarine, poire et cassis<\/strong>, pour une ouverture brillante et ensoleill\u00e9e. Au <strong data-start=\"2112\" data-end=\"2120\">c\u0153ur<\/strong>, un bouquet floral d\u00e9licat et romantique de <strong data-start=\"2165\" data-end=\"2193\">pivoine, rose et freesia<\/strong> apporte douceur et f\u00e9minit\u00e9. Le <strong data-start=\"2226\" data-end=\"2234\">fond<\/strong> est chaud et sensuel, avec du <strong data-start=\"2265\" data-end=\"2310\">musc blanc, de l\u2019ambre et des bois clairs<\/strong>, cr\u00e9ant un sillage enveloppant et raffin\u00e9.<\/p>\n<p class=\"\" data-start=\"2355\" data-end=\"2543\">Le format est parfait pour celles qui aiment emporter un souffle de fra\u00eecheur et de personnalit\u00e9 avec elles. Id\u00e9al pour le sac \u00e0 main, il accompagne vos journ\u00e9es du matin au soir.<\/p>\n<p class=\"\" data-start=\"2545\" data-end=\"2742\">Le design du flacon, \u00e9pur\u00e9 et f\u00e9minin, refl\u00e8te le style chic et contemporain de Liu Jo. Ses d\u00e9tails \u00e9l\u00e9gants et sa touche glamour en font bien plus qu\u2019un parfum : un v\u00e9ritable accessoire de beaut\u00e9.<\/p>\n<p class=\"\" data-start=\"2744\" data-end=\"3037\"><strong data-start=\"2744\" data-end=\"2772\">Liu Jo Lovers For Her Jo<\/strong> est le parfum id\u00e9al pour les femmes qui aiment se distinguer avec d\u00e9licatesse. Un parfum qui raconte des histoires de libert\u00e9, d\u2019\u00e9motions spontan\u00e9es et de moments l\u00e9gers. Parfait pour un usage quotidien, il offre confiance, douceur et \u00e9clat naturel \u00e0 chaque femme.<\/p>\n<p data-start=\"3101\" data-end=\"3326\">Follow us!\u00a0<a href=\"https:\/\/www.instagram.com\/freeshopswiss\/\" target=\"_blank\" rel=\"noopener\">@freeshopswiss<\/a><\/p>\n","protected":false},"excerpt":{"rendered":"<p><em><strong>Eau de Toilette<\/strong><\/em><\/p>\n","protected":false},"featured_media":25907,"comment_status":"open","ping_status":"closed","template":"","meta":[],"pwb-brand":[266],"product_brand":[],"product_cat":[87,109],"product_tag":[141,296,4348,789,97],"class_list":{"0":"post-25923","1":"product","2":"type-product","3":"status-publish","4":"has-post-thumbnail","6":"pwb-brand-liu-jo","7":"product_cat-parfums","8":"product_cat-pour-elle","9":"product_tag-eau-de-toilette-fr","10":"product_tag-femme","11":"product_tag-fete-des-femmes","12":"product_tag-womens-fragrances-fr","13":"product_tag-parfums","15":"first","16":"instock","17":"sale","18":"taxable","19":"shipping-taxable","20":"purchasable","21":"product-type-variable","22":"has-default-attributes"},"brands":[{"id":266,"name":"Liu Jo","slug":"liu-jo"}],"_links":{"self":[{"href":"https:\/\/www.freeshopfrontiera.ch\/fr\/wp-json\/wp\/v2\/product\/25923","targetHints":{"allow":["GET"]}}],"collection":[{"href":"https:\/\/www.freeshopfrontiera.ch\/fr\/wp-json\/wp\/v2\/product"}],"about":[{"href":"https:\/\/www.freeshopfrontiera.ch\/fr\/wp-json\/wp\/v2\/types\/product"}],"replies":[{"embeddable":true,"href":"https:\/\/www.freeshopfrontiera.ch\/fr\/wp-json\/wp\/v2\/comments?post=25923"}],"version-history":[{"count":3,"href":"https:\/\/www.freeshopfrontiera.ch\/fr\/wp-json\/wp\/v2\/product\/25923\/revisions"}],"predecessor-version":[{"id":25936,"href":"https:\/\/www.freeshopfrontiera.ch\/fr\/wp-json\/wp\/v2\/product\/25923\/revisions\/25936"}],"wp:featuredmedia":[{"embeddable":true,"href":"https:\/\/www.freeshopfrontiera.ch\/fr\/wp-json\/wp\/v2\/media\/25907"}],"wp:attachment":[{"href":"https:\/\/www.freeshopfrontiera.ch\/fr\/wp-json\/wp\/v2\/media?parent=25923"}],"wp:term":[{"taxonomy":"pwb-brand","embeddable":true,"href":"https:\/\/www.freeshopfrontiera.ch\/fr\/wp-json\/wp\/v2\/pwb-brand?post=25923"},{"taxonomy":"product_brand","embeddable":true,"href":"https:\/\/www.freeshopfrontiera.ch\/fr\/wp-json\/wp\/v2\/product_brand?post=25923"},{"taxonomy":"product_cat","embeddable":true,"href":"https:\/\/www.freeshopfrontiera.ch\/fr\/wp-json\/wp\/v2\/product_cat?post=25923"},{"taxonomy":"product_tag","embeddable":true,"href":"https:\/\/www.freeshopfrontiera.ch\/fr\/wp-json\/wp\/v2\/product_tag?post=25923"}],"curies":[{"name":"wp","href":"https:\/\/api.w.org\/{rel}","templated":true}]}}