{"id":25949,"date":"2025-04-16T11:30:48","date_gmt":"2025-04-16T11:30:48","guid":{"rendered":"https:\/\/www.freeshopfrontiera.ch\/shop\/lattafa-badee-al-oud-sublime\/"},"modified":"2025-05-28T08:10:02","modified_gmt":"2025-05-28T08:10:02","slug":"lattafa-badee-al-oud-sublime","status":"publish","type":"product","link":"https:\/\/www.freeshopfrontiera.ch\/fr\/shop\/lattafa-badee-al-oud-sublime\/","title":{"rendered":"LATTAFA Badee Al Oud Sublime 100ml"},"content":{"rendered":"<p class=\"\" data-start=\"1678\" data-end=\"2024\"><strong data-start=\"1678\" data-end=\"1724\">LATTAFA Badee Al Oud Sublime Eau de Parfum<\/strong> rend hommage \u00e0 l\u2019art de la parfumerie orientale. C\u2019est une fragrance qui incarne l\u2019\u00e9l\u00e9gance et la sophistication \u00e0 travers chaque note. Con\u00e7ue pour ceux qui recherchent un parfum alliant tradition et modernit\u00e9, elle d\u00e9voile la richesse et la profondeur du bois d\u2019oud dans une composition envo\u00fbtante.<\/p>\n<p class=\"\" data-start=\"2026\" data-end=\"2467\">Les <strong data-start=\"2030\" data-end=\"2047\">notes de t\u00eate<\/strong> s\u2019ouvrent sur un m\u00e9lange vibrant et \u00e9pic\u00e9 de <strong data-start=\"2093\" data-end=\"2121\">bergamote et poivre noir<\/strong>, offrant un d\u00e9part intense et lumineux. En c\u0153ur, la fragrance r\u00e9v\u00e8le un accord sensuel de <strong data-start=\"2212\" data-end=\"2235\">oud, rose et encens<\/strong>, o\u00f9 la puissance du bois d\u2019oud rencontre la douceur de la rose dans un \u00e9quilibre raffin\u00e9. Le <strong data-start=\"2329\" data-end=\"2337\">fond<\/strong> est chaleureux et persistant, compos\u00e9 de <strong data-start=\"2379\" data-end=\"2416\">ambre gris, musc et bois pr\u00e9cieux<\/strong>, pour une signature olfactive \u00e9l\u00e9gante et durable.<\/p>\n<p class=\"\" data-start=\"2469\" data-end=\"2674\">Le flacon de <strong data-start=\"2482\" data-end=\"2491\">100ml<\/strong> allie luxe et sobri\u00e9t\u00e9, avec un design \u00e9pur\u00e9 et des finitions soign\u00e9es, refl\u00e9tant la qualit\u00e9 intemporelle du parfum. Un excellent choix cadeau pour les amateurs de parfums orientaux.<\/p>\n<p class=\"\" data-start=\"2676\" data-end=\"2949\"><strong data-start=\"2676\" data-end=\"2708\">LATTAFA Badee Al Oud Sublime<\/strong> est id\u00e9al pour les hommes et les femmes \u00e0 la recherche d\u2019un parfum riche, myst\u00e9rieux et puissant. Parfait pour les occasions sp\u00e9ciales, les soir\u00e9es \u00e9l\u00e9gantes ou chaque fois que vous souhaitez porter une fragrance qui ne passe pas inaper\u00e7ue.<\/p>\n<p data-start=\"1395\" data-end=\"1711\">Follow us!\u00a0<a href=\"https:\/\/www.instagram.com\/freeshopswiss\/\" target=\"_blank\" rel=\"noopener\">@freeshopswiss<\/a><\/p>\n","protected":false},"excerpt":{"rendered":"<p><em><strong data-start=\"281\" data-end=\"327\">Eau de Parfum<\/strong><\/em><\/p>\n","protected":false},"featured_media":25945,"comment_status":"open","ping_status":"closed","template":"","meta":[],"pwb-brand":[772],"product_brand":[],"product_cat":[138,87,109,89],"product_tag":[252,1629,143,278,97],"class_list":{"0":"post-25949","1":"product","2":"type-product","3":"status-publish","4":"has-post-thumbnail","6":"pwb-brand-lattafa","7":"product_cat-offre","8":"product_cat-parfums","9":"product_cat-pour-elle","10":"product_cat-pour-lui","11":"product_tag-eau-de-parfum-fr","12":"product_tag-mens-fragrances-fr","13":"product_tag-homme","14":"product_tag-offre","15":"product_tag-parfums","17":"first","18":"instock","19":"sale","20":"taxable","21":"shipping-taxable","22":"purchasable","23":"product-type-simple"},"brands":[{"id":772,"name":"Lattafa","slug":"lattafa"}],"_links":{"self":[{"href":"https:\/\/www.freeshopfrontiera.ch\/fr\/wp-json\/wp\/v2\/product\/25949","targetHints":{"allow":["GET"]}}],"collection":[{"href":"https:\/\/www.freeshopfrontiera.ch\/fr\/wp-json\/wp\/v2\/product"}],"about":[{"href":"https:\/\/www.freeshopfrontiera.ch\/fr\/wp-json\/wp\/v2\/types\/product"}],"replies":[{"embeddable":true,"href":"https:\/\/www.freeshopfrontiera.ch\/fr\/wp-json\/wp\/v2\/comments?post=25949"}],"version-history":[{"count":3,"href":"https:\/\/www.freeshopfrontiera.ch\/fr\/wp-json\/wp\/v2\/product\/25949\/revisions"}],"predecessor-version":[{"id":31367,"href":"https:\/\/www.freeshopfrontiera.ch\/fr\/wp-json\/wp\/v2\/product\/25949\/revisions\/31367"}],"wp:featuredmedia":[{"embeddable":true,"href":"https:\/\/www.freeshopfrontiera.ch\/fr\/wp-json\/wp\/v2\/media\/25945"}],"wp:attachment":[{"href":"https:\/\/www.freeshopfrontiera.ch\/fr\/wp-json\/wp\/v2\/media?parent=25949"}],"wp:term":[{"taxonomy":"pwb-brand","embeddable":true,"href":"https:\/\/www.freeshopfrontiera.ch\/fr\/wp-json\/wp\/v2\/pwb-brand?post=25949"},{"taxonomy":"product_brand","embeddable":true,"href":"https:\/\/www.freeshopfrontiera.ch\/fr\/wp-json\/wp\/v2\/product_brand?post=25949"},{"taxonomy":"product_cat","embeddable":true,"href":"https:\/\/www.freeshopfrontiera.ch\/fr\/wp-json\/wp\/v2\/product_cat?post=25949"},{"taxonomy":"product_tag","embeddable":true,"href":"https:\/\/www.freeshopfrontiera.ch\/fr\/wp-json\/wp\/v2\/product_tag?post=25949"}],"curies":[{"name":"wp","href":"https:\/\/api.w.org\/{rel}","templated":true}]}}