{"id":26150,"date":"2025-04-16T15:52:42","date_gmt":"2025-04-16T15:52:42","guid":{"rendered":"https:\/\/www.freeshopfrontiera.ch\/shop\/tom-ford-tobacco-vanille-eau-de-parfum\/"},"modified":"2025-04-17T08:32:48","modified_gmt":"2025-04-17T08:32:48","slug":"tom-ford-tobacco-vanille-eau-de-parfum","status":"publish","type":"product","link":"https:\/\/www.freeshopfrontiera.ch\/fr\/shop\/tom-ford-tobacco-vanille-eau-de-parfum\/","title":{"rendered":"TOM FORD Tobacco Vanille"},"content":{"rendered":"<p class=\"\" data-start=\"3241\" data-end=\"3500\"><strong data-start=\"3241\" data-end=\"3283\">TOM FORD Tobacco Vanille Eau de Parfum<\/strong> est un parfum riche, enveloppant et irr\u00e9sistiblement \u00e9l\u00e9gant. Inspir\u00e9e par l\u2019atmosph\u00e8re chaleureuse et raffin\u00e9e des clubs anglais, cette cr\u00e9ation unisexe s\u00e9duit d\u00e8s les premi\u00e8res notes par son intensit\u00e9 sophistiqu\u00e9e.<\/p>\n<p class=\"\" data-start=\"3502\" data-end=\"3877\">Les notes de t\u00eate s\u2019ouvrent sur une explosion de feuille de tabac sucr\u00e9e et d\u2019\u00e9pices aromatiques. Le c\u0153ur d\u00e9voile une \u00e2me douce et cr\u00e9meuse, o\u00f9 la vanille se m\u00eale aux f\u00e8ves de cacao, aux fleurs s\u00e9ch\u00e9es et \u00e0 des accords l\u00e9g\u00e8rement fruit\u00e9s. Le fond est profond et persistant, avec des bois pr\u00e9cieux et des touches balsamiques qui rendent la fragrance sensuelle et enveloppante.<\/p>\n<p class=\"\" data-start=\"3879\" data-end=\"4138\"><strong data-start=\"3879\" data-end=\"3898\">Tobacco Vanille<\/strong> est id\u00e9al pour les amateurs de parfums intenses, chaleureux et raffin\u00e9s. Il s\u2019adapte parfaitement \u00e0 la saison froide et aux soir\u00e9es, mais peut \u00e9galement surprendre dans des contextes plus formels gr\u00e2ce \u00e0 son \u00e9l\u00e9gance sobre et intemporelle.<\/p>\n<p class=\"\" data-start=\"4140\" data-end=\"4404\">La composition est sign\u00e9e par le c\u00e9l\u00e8bre cr\u00e9ateur <strong data-start=\"4190\" data-end=\"4202\">Tom Ford<\/strong>, reconnu pour ses parfums au caract\u00e8re fort et inimitable. <strong data-start=\"4262\" data-end=\"4281\">Tobacco Vanille<\/strong> est l\u2019un des piliers de sa collection <strong data-start=\"4320\" data-end=\"4337\">Private Blend<\/strong>, une ligne d\u00e9di\u00e9e aux v\u00e9ritables connaisseurs de parfums de niche.<\/p>\n<p class=\"\" data-start=\"4406\" data-end=\"4599\">Le flacon, \u00e9l\u00e9gant et luxueux, refl\u00e8te le style iconique de la marque. Son design sombre et minimaliste met en valeur le pr\u00e9cieux contenu, faisant de ce parfum un v\u00e9ritable objet de collection.<\/p>\n<p class=\"\" data-start=\"4601\" data-end=\"4678\"><strong data-start=\"4601\" data-end=\"4622\">Notes principales<\/strong> : tabac, \u00e9pices, vanille, cacao, bois secs, f\u00e8ve tonka.<\/p>\n<p class=\"\" data-start=\"4680\" data-end=\"4859\">Si vous recherchez un parfum intense, sensuel et distinctif, <strong data-start=\"4741\" data-end=\"4760\">Tobacco Vanille<\/strong> est le choix parfait. Un parfum qui ne passe pas inaper\u00e7u et qui laisse une empreinte inoubliable.<\/p>\n<p data-start=\"1589\" data-end=\"1756\">Follow us!\u00a0<a href=\"https:\/\/www.instagram.com\/freeshopswiss\/\" target=\"_blank\" rel=\"noopener\">@freeshopswiss<\/a><\/p>\n","protected":false},"excerpt":{"rendered":"<p><em><strong>Eau de Parfum<\/strong><\/em><\/p>\n","protected":false},"featured_media":26096,"comment_status":"open","ping_status":"closed","template":"","meta":[],"pwb-brand":[396],"product_brand":[],"product_cat":[87,109,89],"product_tag":[252,296,789,1629,143,97,594],"class_list":{"0":"post-26150","1":"product","2":"type-product","3":"status-publish","4":"has-post-thumbnail","6":"pwb-brand-tom-ford","7":"product_cat-parfums","8":"product_cat-pour-elle","9":"product_cat-pour-lui","10":"product_tag-eau-de-parfum-fr","11":"product_tag-femme","12":"product_tag-womens-fragrances-fr","13":"product_tag-mens-fragrances-fr","14":"product_tag-homme","15":"product_tag-parfums","16":"product_tag-unisex-fr-2","18":"first","19":"instock","20":"sale","21":"taxable","22":"shipping-taxable","23":"purchasable","24":"product-type-variable","25":"has-default-attributes"},"brands":[{"id":396,"name":"Tom Ford","slug":"tom-ford"}],"_links":{"self":[{"href":"https:\/\/www.freeshopfrontiera.ch\/fr\/wp-json\/wp\/v2\/product\/26150","targetHints":{"allow":["GET"]}}],"collection":[{"href":"https:\/\/www.freeshopfrontiera.ch\/fr\/wp-json\/wp\/v2\/product"}],"about":[{"href":"https:\/\/www.freeshopfrontiera.ch\/fr\/wp-json\/wp\/v2\/types\/product"}],"replies":[{"embeddable":true,"href":"https:\/\/www.freeshopfrontiera.ch\/fr\/wp-json\/wp\/v2\/comments?post=26150"}],"version-history":[{"count":1,"href":"https:\/\/www.freeshopfrontiera.ch\/fr\/wp-json\/wp\/v2\/product\/26150\/revisions"}],"predecessor-version":[{"id":26159,"href":"https:\/\/www.freeshopfrontiera.ch\/fr\/wp-json\/wp\/v2\/product\/26150\/revisions\/26159"}],"wp:featuredmedia":[{"embeddable":true,"href":"https:\/\/www.freeshopfrontiera.ch\/fr\/wp-json\/wp\/v2\/media\/26096"}],"wp:attachment":[{"href":"https:\/\/www.freeshopfrontiera.ch\/fr\/wp-json\/wp\/v2\/media?parent=26150"}],"wp:term":[{"taxonomy":"pwb-brand","embeddable":true,"href":"https:\/\/www.freeshopfrontiera.ch\/fr\/wp-json\/wp\/v2\/pwb-brand?post=26150"},{"taxonomy":"product_brand","embeddable":true,"href":"https:\/\/www.freeshopfrontiera.ch\/fr\/wp-json\/wp\/v2\/product_brand?post=26150"},{"taxonomy":"product_cat","embeddable":true,"href":"https:\/\/www.freeshopfrontiera.ch\/fr\/wp-json\/wp\/v2\/product_cat?post=26150"},{"taxonomy":"product_tag","embeddable":true,"href":"https:\/\/www.freeshopfrontiera.ch\/fr\/wp-json\/wp\/v2\/product_tag?post=26150"}],"curies":[{"name":"wp","href":"https:\/\/api.w.org\/{rel}","templated":true}]}}