{"id":26243,"date":"2025-04-17T10:02:48","date_gmt":"2025-04-17T10:02:48","guid":{"rendered":"https:\/\/www.freeshopfrontiera.ch\/shop\/tom-ford-tuscan-leather\/"},"modified":"2025-05-16T09:53:39","modified_gmt":"2025-05-16T09:53:39","slug":"tom-ford-tuscan-leather","status":"publish","type":"product","link":"https:\/\/www.freeshopfrontiera.ch\/fr\/shop\/tom-ford-tuscan-leather\/","title":{"rendered":"TOM FORD Tuscan Leather"},"content":{"rendered":"<p class=\"\" data-start=\"3223\" data-end=\"3611\"><strong>TOM FORD Tuscan Leather Eau de Parfum<\/strong> est une fragrance intense et sophistiqu\u00e9e, con\u00e7ue pour ceux qui aiment les parfums audacieux et raffin\u00e9s. Elle fait partie de la collection Private Blend de Tom Ford, une ligne exclusive qui met en avant des ingr\u00e9dients pr\u00e9cieux et des compositions audacieuses. Tuscan Leather est un hommage au cuir toscan, travaill\u00e9 \u00e0 la main et riche en caract\u00e8re.<\/p>\n<p class=\"\" data-start=\"3613\" data-end=\"4083\">La fragrance s&rsquo;ouvre sur des notes vives de safran, de framboise et de thym. La framboise ajoute une touche fruit\u00e9e inattendue qui adoucit l&rsquo;intensit\u00e9 initiale. Le c\u0153ur se d\u00e9veloppe ensuite avec des accents puissants d&rsquo;huile d&rsquo;encens et de jasmin, cr\u00e9ant un \u00e9quilibre entre sensualit\u00e9 et profondeur. Mais c&rsquo;est dans la base que Tuscan Leather r\u00e9v\u00e8le toute son \u00e2me : du cuir pr\u00e9cieux, des bois sombres et de l&rsquo;ambre se fondent dans un accord chaud, \u00e9l\u00e9gant et persistant.<\/p>\n<p class=\"\" data-start=\"4085\" data-end=\"4382\">C&rsquo;est un parfum unisexe, mais avec une empreinte fortement masculine, id\u00e9al pour ceux qui souhaitent laisser une impression marquante. Sa tra\u00een\u00e9e est inconfondable, sophistiqu\u00e9e et luxueuse. Parfait pour le soir, les \u00e9v\u00e9nements sp\u00e9ciaux ou les moments o\u00f9 vous souhaitez vous distinguer avec style.<\/p>\n<p class=\"\" data-start=\"4384\" data-end=\"4705\">Le flacon, \u00e9l\u00e9gant et minimaliste, refl\u00e8te l&rsquo;esth\u00e9tique embl\u00e9matique de Tom Ford : luxueux, moderne et intemporel. Tuscan Leather n&rsquo;est pas un parfum pour tout le monde, mais pour ceux qui recherchent quelque chose d&rsquo;unique et d&rsquo;enveloppant. Une essence qui raconte la force, l&rsquo;\u00e9l\u00e9gance et le myst\u00e8re dans chaque facette.<\/p>\n<p class=\"\" data-start=\"4707\" data-end=\"4888\">Porter Tuscan Leather est une exp\u00e9rience sensorielle : c&rsquo;est comme s&rsquo;enrouler dans une nouvelle veste en cuir, chaude et noble. Une d\u00e9claration de style, de caract\u00e8re et de passion.<\/p>\n<p data-start=\"1333\" data-end=\"1498\">Follow us!\u00a0<a href=\"https:\/\/www.instagram.com\/freeshopswiss\/\" target=\"_blank\" rel=\"noopener\">@freeshopswiss<\/a><\/p>\n","protected":false},"excerpt":{"rendered":"<p><em><strong>Eau de Parfum<\/strong><\/em><\/p>\n","protected":false},"featured_media":26215,"comment_status":"open","ping_status":"closed","template":"","meta":[],"pwb-brand":[396],"product_brand":[],"product_cat":[87,109,89],"product_tag":[252,296,789,1629,143,97],"class_list":{"0":"post-26243","1":"product","2":"type-product","3":"status-publish","4":"has-post-thumbnail","6":"pwb-brand-tom-ford","7":"product_cat-parfums","8":"product_cat-pour-elle","9":"product_cat-pour-lui","10":"product_tag-eau-de-parfum-fr","11":"product_tag-femme","12":"product_tag-womens-fragrances-fr","13":"product_tag-mens-fragrances-fr","14":"product_tag-homme","15":"product_tag-parfums","17":"first","18":"instock","19":"taxable","20":"shipping-taxable","21":"product-type-variable","22":"has-default-attributes"},"brands":[{"id":396,"name":"Tom Ford","slug":"tom-ford"}],"_links":{"self":[{"href":"https:\/\/www.freeshopfrontiera.ch\/fr\/wp-json\/wp\/v2\/product\/26243","targetHints":{"allow":["GET"]}}],"collection":[{"href":"https:\/\/www.freeshopfrontiera.ch\/fr\/wp-json\/wp\/v2\/product"}],"about":[{"href":"https:\/\/www.freeshopfrontiera.ch\/fr\/wp-json\/wp\/v2\/types\/product"}],"replies":[{"embeddable":true,"href":"https:\/\/www.freeshopfrontiera.ch\/fr\/wp-json\/wp\/v2\/comments?post=26243"}],"version-history":[{"count":2,"href":"https:\/\/www.freeshopfrontiera.ch\/fr\/wp-json\/wp\/v2\/product\/26243\/revisions"}],"predecessor-version":[{"id":26255,"href":"https:\/\/www.freeshopfrontiera.ch\/fr\/wp-json\/wp\/v2\/product\/26243\/revisions\/26255"}],"wp:featuredmedia":[{"embeddable":true,"href":"https:\/\/www.freeshopfrontiera.ch\/fr\/wp-json\/wp\/v2\/media\/26215"}],"wp:attachment":[{"href":"https:\/\/www.freeshopfrontiera.ch\/fr\/wp-json\/wp\/v2\/media?parent=26243"}],"wp:term":[{"taxonomy":"pwb-brand","embeddable":true,"href":"https:\/\/www.freeshopfrontiera.ch\/fr\/wp-json\/wp\/v2\/pwb-brand?post=26243"},{"taxonomy":"product_brand","embeddable":true,"href":"https:\/\/www.freeshopfrontiera.ch\/fr\/wp-json\/wp\/v2\/product_brand?post=26243"},{"taxonomy":"product_cat","embeddable":true,"href":"https:\/\/www.freeshopfrontiera.ch\/fr\/wp-json\/wp\/v2\/product_cat?post=26243"},{"taxonomy":"product_tag","embeddable":true,"href":"https:\/\/www.freeshopfrontiera.ch\/fr\/wp-json\/wp\/v2\/product_tag?post=26243"}],"curies":[{"name":"wp","href":"https:\/\/api.w.org\/{rel}","templated":true}]}}