{"id":26279,"date":"2025-04-17T11:08:07","date_gmt":"2025-04-17T11:08:07","guid":{"rendered":"https:\/\/www.freeshopfrontiera.ch\/shop\/tom-ford-rose-prick\/"},"modified":"2025-04-17T11:33:22","modified_gmt":"2025-04-17T11:33:22","slug":"tom-ford-rose-prick","status":"publish","type":"product","link":"https:\/\/www.freeshopfrontiera.ch\/fr\/shop\/tom-ford-rose-prick\/","title":{"rendered":"TOM FORD Rose Prick"},"content":{"rendered":"<p class=\"\" data-start=\"4072\" data-end=\"4515\"><strong data-start=\"4072\" data-end=\"4109\">TOM FORD Rose Prick Eau de Parfum<\/strong> n\u2019est pas un simple parfum : c\u2019est une exp\u00e9rience olfactive intense, audacieuse et envo\u00fbtante. Inspir\u00e9e du jardin priv\u00e9 de roses de Tom Ford, cette fragrance capture le charme sauvage de la nature \u2014 ses \u00e9pines ac\u00e9r\u00e9es et sa beaut\u00e9 saisissante. Elle fait partie de la c\u00e9l\u00e8bre collection <strong data-start=\"4396\" data-end=\"4413\">Private Blend<\/strong>, une ligne luxueuse qui c\u00e9l\u00e8bre l\u2019art de la parfumerie \u00e0 travers des compositions os\u00e9es et raffin\u00e9es.<\/p>\n<p class=\"\" data-start=\"4517\" data-end=\"4888\">Le parfum s\u2019ouvre sur un <strong data-start=\"4542\" data-end=\"4575\">trio de roses exceptionnelles<\/strong> : Rose de Mai, Rose turque et Rose bulgare. Chaque rose a \u00e9t\u00e9 choisie pour son intensit\u00e9 et sa personnalit\u00e9 unique, formant un bouquet floral \u00e9l\u00e9gant, vibrant de passion. Le c\u0153ur r\u00e9v\u00e8le des <strong data-start=\"4766\" data-end=\"4818\">notes \u00e9pic\u00e9es de poivre du Sichuan et de curcuma<\/strong>, qui r\u00e9chauffent la composition avec une touche moderne et \u00e9nergique.<\/p>\n<p class=\"\" data-start=\"4890\" data-end=\"5191\">En fond, on d\u00e9couvre la <strong data-start=\"4914\" data-end=\"4950\">profondeur terreuse du patchouli<\/strong> et la douceur enveloppante de la <strong data-start=\"4984\" data-end=\"5006\">f\u00e8ve tonka grill\u00e9e<\/strong>, qui offrent \u00e0 la fragrance une \u00e2me chaleureuse, persistante et sensuelle. Le r\u00e9sultat est un parfum qui allie douceur et audace, romantisme et provocation \u2014 un contraste irr\u00e9sistible.<\/p>\n<p class=\"\" data-start=\"5193\" data-end=\"5477\"><strong data-start=\"5193\" data-end=\"5229\">Rose Prick est un parfum unisexe<\/strong>, con\u00e7u pour ceux qui aiment se d\u00e9marquer avec \u00e9l\u00e9gance et une pointe d\u2019ironie. Parfait pour le soir, un rendez-vous ou toute occasion o\u00f9 l\u2019on veut marquer les esprits. Son <strong data-start=\"5402\" data-end=\"5429\">sillage floral et \u00e9pic\u00e9<\/strong> est sophistiqu\u00e9, affirm\u00e9, et r\u00e9solument unique.<\/p>\n<p class=\"\" data-start=\"5479\" data-end=\"5708\">Le flacon, en <strong data-start=\"5493\" data-end=\"5528\">rose mat avec des d\u00e9tails noirs<\/strong>, est une pi\u00e8ce de design iconique : moderne, provocante, surprenante. Il refl\u00e8te parfaitement l\u2019esprit de la fragrance \u2014 une fusion entre beaut\u00e9 classique et audace contemporaine.<\/p>\n<p class=\"\" data-start=\"5710\" data-end=\"5948\">Porter Rose Prick, c\u2019est comme p\u00e9n\u00e9trer dans une <strong data-start=\"5759\" data-end=\"5781\">roseraie interdite<\/strong>, o\u00f9 chaque p\u00e9tale incarne la beaut\u00e9 et chaque \u00e9pine, le d\u00e9sir. Un geste de s\u00e9duction, une d\u00e9claration de caract\u00e8re \u2014 un parfum qui n\u2019a pas peur de se faire remarquer.<\/p>\n<p data-start=\"1976\" data-end=\"2220\">Follow us!\u00a0<a href=\"https:\/\/www.instagram.com\/freeshopswiss\/\" target=\"_blank\" rel=\"noopener\">@freeshopswiss<\/a><\/p>\n","protected":false},"excerpt":{"rendered":"<p><em><strong>Eau de Parfum<\/strong><\/em><\/p>\n","protected":false},"featured_media":26262,"comment_status":"open","ping_status":"closed","template":"","meta":[],"pwb-brand":[396],"product_brand":[],"product_cat":[87,109],"product_tag":[252,296,5050,789,97,4367],"class_list":{"0":"post-26279","1":"product","2":"type-product","3":"status-publish","4":"has-post-thumbnail","6":"pwb-brand-tom-ford","7":"product_cat-parfums","8":"product_cat-pour-elle","9":"product_tag-eau-de-parfum-fr","10":"product_tag-femme","11":"product_tag-fete-des-meres","12":"product_tag-womens-fragrances-fr","13":"product_tag-parfums","14":"product_tag-special-printemps","16":"first","17":"instock","18":"sale","19":"taxable","20":"shipping-taxable","21":"purchasable","22":"product-type-variable","23":"has-default-attributes"},"brands":[{"id":396,"name":"Tom Ford","slug":"tom-ford"}],"_links":{"self":[{"href":"https:\/\/www.freeshopfrontiera.ch\/fr\/wp-json\/wp\/v2\/product\/26279","targetHints":{"allow":["GET"]}}],"collection":[{"href":"https:\/\/www.freeshopfrontiera.ch\/fr\/wp-json\/wp\/v2\/product"}],"about":[{"href":"https:\/\/www.freeshopfrontiera.ch\/fr\/wp-json\/wp\/v2\/types\/product"}],"replies":[{"embeddable":true,"href":"https:\/\/www.freeshopfrontiera.ch\/fr\/wp-json\/wp\/v2\/comments?post=26279"}],"version-history":[{"count":2,"href":"https:\/\/www.freeshopfrontiera.ch\/fr\/wp-json\/wp\/v2\/product\/26279\/revisions"}],"predecessor-version":[{"id":26295,"href":"https:\/\/www.freeshopfrontiera.ch\/fr\/wp-json\/wp\/v2\/product\/26279\/revisions\/26295"}],"wp:featuredmedia":[{"embeddable":true,"href":"https:\/\/www.freeshopfrontiera.ch\/fr\/wp-json\/wp\/v2\/media\/26262"}],"wp:attachment":[{"href":"https:\/\/www.freeshopfrontiera.ch\/fr\/wp-json\/wp\/v2\/media?parent=26279"}],"wp:term":[{"taxonomy":"pwb-brand","embeddable":true,"href":"https:\/\/www.freeshopfrontiera.ch\/fr\/wp-json\/wp\/v2\/pwb-brand?post=26279"},{"taxonomy":"product_brand","embeddable":true,"href":"https:\/\/www.freeshopfrontiera.ch\/fr\/wp-json\/wp\/v2\/product_brand?post=26279"},{"taxonomy":"product_cat","embeddable":true,"href":"https:\/\/www.freeshopfrontiera.ch\/fr\/wp-json\/wp\/v2\/product_cat?post=26279"},{"taxonomy":"product_tag","embeddable":true,"href":"https:\/\/www.freeshopfrontiera.ch\/fr\/wp-json\/wp\/v2\/product_tag?post=26279"}],"curies":[{"name":"wp","href":"https:\/\/api.w.org\/{rel}","templated":true}]}}