{"id":26325,"date":"2025-04-17T12:00:13","date_gmt":"2025-04-17T12:00:13","guid":{"rendered":"https:\/\/www.freeshopfrontiera.ch\/shop\/tom-ford-soleil-blanc-eau-de-parfum\/"},"modified":"2025-04-17T12:42:39","modified_gmt":"2025-04-17T12:42:39","slug":"tom-ford-soleil-blanc-eau-de-parfum","status":"publish","type":"product","link":"https:\/\/www.freeshopfrontiera.ch\/fr\/shop\/tom-ford-soleil-blanc-eau-de-parfum\/","title":{"rendered":"TOM FORD Soleil Blanc Eau de Parfum"},"content":{"rendered":"<p class=\"\" data-start=\"3519\" data-end=\"3962\"><strong data-start=\"3519\" data-end=\"3558\">TOM FORD Soleil Blanc Eau de Parfum<\/strong> est un parfum solaire, opulent et irr\u00e9sistiblement sensuel. Il \u00e9voque la chaleur dor\u00e9e de la peau embrass\u00e9e par le soleil, le luxe d\u00e9contract\u00e9 d\u2019une escapade tropicale exclusive et le plaisir ultime sous un ciel infini. Faisant partie de la prestigieuse collection <strong data-start=\"3824\" data-end=\"3841\">Private Blend<\/strong> de Tom Ford, ce parfum est destin\u00e9 \u00e0 ceux qui recherchent la lumi\u00e8re, l\u2019\u00e9l\u00e9gance et la volupt\u00e9 dans chaque vaporisation.<\/p>\n<p class=\"\" data-start=\"3964\" data-end=\"4304\">Soleil Blanc s\u2019ouvre sur un \u00e9clat vibrant de <strong data-start=\"4009\" data-end=\"4053\">bergamote, cardamome et pistache grill\u00e9e<\/strong>, une combinaison \u00e9tonnante et savoureuse qui \u00e9veille instantan\u00e9ment les sens. Le c\u0153ur r\u00e9v\u00e8le un bouquet solaire et cr\u00e9meux de <strong data-start=\"4180\" data-end=\"4225\">tub\u00e9reuse, ylang-ylang et jasmin \u00e9gyptien<\/strong>, des fleurs blanches \u00e9voquant la sensualit\u00e9 d\u2019une peau chauff\u00e9e par le soleil.<\/p>\n<p class=\"\" data-start=\"4306\" data-end=\"4537\">En fond, le parfum devient plus doux et enveloppant gr\u00e2ce \u00e0 l\u2019association de <strong data-start=\"4383\" data-end=\"4429\">ambre, noix de coco, benjoin et f\u00e8ve tonka<\/strong>, laissant un sillage chaud, gourmand et s\u00e9duisant. Un effet caresse dor\u00e9e sur la peau, luxueux et lumineux.<\/p>\n<p class=\"\" data-start=\"4539\" data-end=\"4807\"><strong data-start=\"4539\" data-end=\"4577\">Soleil Blanc est un parfum unisexe<\/strong>, parfait pour ceux qui aiment les parfums solaires mais sophistiqu\u00e9s, capables d\u2019\u00e9voquer \u00e0 la fois l\u2019\u00e9l\u00e9gance et le d\u00e9sir. Id\u00e9al en \u00e9t\u00e9, mais \u00e9tonnamment r\u00e9confortant en hiver : un parfum qui fait briller le soleil toute l\u2019ann\u00e9e.<\/p>\n<p class=\"\" data-start=\"4809\" data-end=\"5078\">Le flacon, aux lignes \u00e9pur\u00e9es, en blanc laqu\u00e9 avec des d\u00e9tails dor\u00e9s, rappelle l\u2019esth\u00e9tique d\u2019une villa luxueuse en bord de mer : simple, chic et intemporel. <strong data-start=\"4967\" data-end=\"5020\">Porter Soleil Blanc, c\u2019est appeler un \u00e9t\u00e9 \u00e9ternel<\/strong>, entre sable blanc, lumi\u00e8re dor\u00e9e et sensualit\u00e9 sans fin.<\/p>\n<p data-start=\"1646\" data-end=\"1943\">Follow us!\u00a0<a href=\"https:\/\/www.instagram.com\/freeshopswiss\/\" target=\"_blank\" rel=\"noopener\">@freeshopswiss<\/a><\/p>\n","protected":false},"excerpt":{"rendered":"<p><em><strong>Eau de Parfum<\/strong><\/em><\/p>\n","protected":false},"featured_media":26299,"comment_status":"open","ping_status":"closed","template":"","meta":[],"pwb-brand":[396],"product_brand":[],"product_cat":[87,109,89],"product_tag":[252,296,5050,789,1629,143,97],"class_list":{"0":"post-26325","1":"product","2":"type-product","3":"status-publish","4":"has-post-thumbnail","6":"pwb-brand-tom-ford","7":"product_cat-parfums","8":"product_cat-pour-elle","9":"product_cat-pour-lui","10":"product_tag-eau-de-parfum-fr","11":"product_tag-femme","12":"product_tag-fete-des-meres","13":"product_tag-womens-fragrances-fr","14":"product_tag-mens-fragrances-fr","15":"product_tag-homme","16":"product_tag-parfums","18":"first","19":"instock","20":"sale","21":"taxable","22":"shipping-taxable","23":"purchasable","24":"product-type-variable"},"brands":[{"id":396,"name":"Tom Ford","slug":"tom-ford"}],"_links":{"self":[{"href":"https:\/\/www.freeshopfrontiera.ch\/fr\/wp-json\/wp\/v2\/product\/26325","targetHints":{"allow":["GET"]}}],"collection":[{"href":"https:\/\/www.freeshopfrontiera.ch\/fr\/wp-json\/wp\/v2\/product"}],"about":[{"href":"https:\/\/www.freeshopfrontiera.ch\/fr\/wp-json\/wp\/v2\/types\/product"}],"replies":[{"embeddable":true,"href":"https:\/\/www.freeshopfrontiera.ch\/fr\/wp-json\/wp\/v2\/comments?post=26325"}],"version-history":[{"count":2,"href":"https:\/\/www.freeshopfrontiera.ch\/fr\/wp-json\/wp\/v2\/product\/26325\/revisions"}],"predecessor-version":[{"id":26340,"href":"https:\/\/www.freeshopfrontiera.ch\/fr\/wp-json\/wp\/v2\/product\/26325\/revisions\/26340"}],"wp:featuredmedia":[{"embeddable":true,"href":"https:\/\/www.freeshopfrontiera.ch\/fr\/wp-json\/wp\/v2\/media\/26299"}],"wp:attachment":[{"href":"https:\/\/www.freeshopfrontiera.ch\/fr\/wp-json\/wp\/v2\/media?parent=26325"}],"wp:term":[{"taxonomy":"pwb-brand","embeddable":true,"href":"https:\/\/www.freeshopfrontiera.ch\/fr\/wp-json\/wp\/v2\/pwb-brand?post=26325"},{"taxonomy":"product_brand","embeddable":true,"href":"https:\/\/www.freeshopfrontiera.ch\/fr\/wp-json\/wp\/v2\/product_brand?post=26325"},{"taxonomy":"product_cat","embeddable":true,"href":"https:\/\/www.freeshopfrontiera.ch\/fr\/wp-json\/wp\/v2\/product_cat?post=26325"},{"taxonomy":"product_tag","embeddable":true,"href":"https:\/\/www.freeshopfrontiera.ch\/fr\/wp-json\/wp\/v2\/product_tag?post=26325"}],"curies":[{"name":"wp","href":"https:\/\/api.w.org\/{rel}","templated":true}]}}