{"id":26367,"date":"2025-04-17T13:15:57","date_gmt":"2025-04-17T13:15:57","guid":{"rendered":"https:\/\/www.freeshopfrontiera.ch\/shop\/tom-ford-ebene-fume\/"},"modified":"2025-04-23T11:40:02","modified_gmt":"2025-04-23T11:40:02","slug":"tom-ford-ebene-fume","status":"publish","type":"product","link":"https:\/\/www.freeshopfrontiera.ch\/fr\/shop\/tom-ford-ebene-fume\/","title":{"rendered":"TOM FORD \u00c9b\u00e8ne Fum\u00e9"},"content":{"rendered":"<p class=\"\" data-start=\"193\" data-end=\"610\"><strong data-start=\"193\" data-end=\"230\">TOM FORD \u00c9b\u00e8ne Fum\u00e9 Eau de Parfum<\/strong> est un voyage olfactif profond et spirituel, une essence qui m\u00eale le myst\u00e8re de la fum\u00e9e \u00e0 la chaleur enveloppante du bois. Une fragrance mystique et raffin\u00e9e, pens\u00e9e pour celles et ceux qui recherchent une connexion intime entre le corps, l\u2019esprit et l\u2019\u00e2me. Elle fait partie de la collection Private Blend de Tom Ford, d\u00e9di\u00e9e aux cr\u00e9ations artistiques, audacieuses et luxueuses.<\/p>\n<p class=\"\" data-start=\"612\" data-end=\"997\">L\u2019ingr\u00e9dient vedette est le bois sacr\u00e9 <strong data-start=\"651\" data-end=\"665\">palo santo<\/strong>, utilis\u00e9 dans les rituels spirituels pour purifier et prot\u00e9ger. Son ar\u00f4me fum\u00e9, balsamique et myst\u00e9rieux ouvre la composition avec une intensit\u00e9 enveloppante, presque m\u00e9ditative. Le c\u0153ur de la fragrance m\u00eale encens, poivre noir et violette pour cr\u00e9er un accord aromatique et envo\u00fbtant, o\u00f9 les \u00e9pices rencontrent la douceur florale.<\/p>\n<p class=\"\" data-start=\"999\" data-end=\"1275\">Le fond est chaud, profond et sensuel : cuir, r\u00e9sines, bois de ga\u00efac et labdanum fusionnent dans une base sombre et sophistiqu\u00e9e, laissant un sillage magn\u00e9tique et persistant. Le r\u00e9sultat est un parfum complexe, presque rituel, qui \u00e9voque force int\u00e9rieure et s\u00e9r\u00e9nit\u00e9 absolue.<\/p>\n<p class=\"\" data-start=\"1277\" data-end=\"1538\"><strong data-start=\"1277\" data-end=\"1291\">\u00c9b\u00e8ne Fum\u00e9<\/strong> est une fragrance unisexe, \u00e0 l\u2019\u00e2me affirm\u00e9e et contemplative. Parfaite pour les soir\u00e9es, l\u2019hiver ou les moments d\u2019introspection, elle s\u00e9duira les amateurs de parfums bois\u00e9s, fum\u00e9s et intenses, avec une touche spirituelle et une \u00e9l\u00e9gance profonde.<\/p>\n<p class=\"\" data-start=\"1540\" data-end=\"1731\">Le flacon en verre sombre aux finitions dor\u00e9es \u00e9voque la mati\u00e8re brute du bois et le myst\u00e8re de la flamme. \u00c9pur\u00e9 mais sophistiqu\u00e9, il refl\u00e8te parfaitement le caract\u00e8re unique de la fragrance.<\/p>\n<p class=\"\" data-start=\"1733\" data-end=\"1963\">Porter \u00c9b\u00e8ne Fum\u00e9, c\u2019est entrer dans un temple parfum\u00e9 baign\u00e9 de silence et de lumi\u00e8re chaude. C\u2019est une d\u00e9claration de profondeur, d\u2019\u00e9l\u00e9gance int\u00e9rieure et de pr\u00e9sence. Une essence inoubliable, qui marque avec intensit\u00e9 et style.<\/p>\n<p data-start=\"1834\" data-end=\"2073\">Follow us!\u00a0<a href=\"https:\/\/www.instagram.com\/freeshopswiss\/\" target=\"_blank\" rel=\"noopener\">@freeshopswiss<\/a><\/p>\n","protected":false},"excerpt":{"rendered":"<p><strong><em>Eau de Parfum<\/em><\/strong><\/p>\n","protected":false},"featured_media":26905,"comment_status":"open","ping_status":"closed","template":"","meta":[],"pwb-brand":[396],"product_brand":[],"product_cat":[87,109,89],"product_tag":[252,296,789,1629,143,97,594],"class_list":{"0":"post-26367","1":"product","2":"type-product","3":"status-publish","4":"has-post-thumbnail","6":"pwb-brand-tom-ford","7":"product_cat-parfums","8":"product_cat-pour-elle","9":"product_cat-pour-lui","10":"product_tag-eau-de-parfum-fr","11":"product_tag-femme","12":"product_tag-womens-fragrances-fr","13":"product_tag-mens-fragrances-fr","14":"product_tag-homme","15":"product_tag-parfums","16":"product_tag-unisex-fr-2","18":"first","19":"instock","20":"sale","21":"taxable","22":"shipping-taxable","23":"purchasable","24":"product-type-variable"},"brands":[{"id":396,"name":"Tom Ford","slug":"tom-ford"}],"_links":{"self":[{"href":"https:\/\/www.freeshopfrontiera.ch\/fr\/wp-json\/wp\/v2\/product\/26367","targetHints":{"allow":["GET"]}}],"collection":[{"href":"https:\/\/www.freeshopfrontiera.ch\/fr\/wp-json\/wp\/v2\/product"}],"about":[{"href":"https:\/\/www.freeshopfrontiera.ch\/fr\/wp-json\/wp\/v2\/types\/product"}],"replies":[{"embeddable":true,"href":"https:\/\/www.freeshopfrontiera.ch\/fr\/wp-json\/wp\/v2\/comments?post=26367"}],"version-history":[{"count":3,"href":"https:\/\/www.freeshopfrontiera.ch\/fr\/wp-json\/wp\/v2\/product\/26367\/revisions"}],"predecessor-version":[{"id":27989,"href":"https:\/\/www.freeshopfrontiera.ch\/fr\/wp-json\/wp\/v2\/product\/26367\/revisions\/27989"}],"wp:featuredmedia":[{"embeddable":true,"href":"https:\/\/www.freeshopfrontiera.ch\/fr\/wp-json\/wp\/v2\/media\/26905"}],"wp:attachment":[{"href":"https:\/\/www.freeshopfrontiera.ch\/fr\/wp-json\/wp\/v2\/media?parent=26367"}],"wp:term":[{"taxonomy":"pwb-brand","embeddable":true,"href":"https:\/\/www.freeshopfrontiera.ch\/fr\/wp-json\/wp\/v2\/pwb-brand?post=26367"},{"taxonomy":"product_brand","embeddable":true,"href":"https:\/\/www.freeshopfrontiera.ch\/fr\/wp-json\/wp\/v2\/product_brand?post=26367"},{"taxonomy":"product_cat","embeddable":true,"href":"https:\/\/www.freeshopfrontiera.ch\/fr\/wp-json\/wp\/v2\/product_cat?post=26367"},{"taxonomy":"product_tag","embeddable":true,"href":"https:\/\/www.freeshopfrontiera.ch\/fr\/wp-json\/wp\/v2\/product_tag?post=26367"}],"curies":[{"name":"wp","href":"https:\/\/api.w.org\/{rel}","templated":true}]}}