{"id":26432,"date":"2025-04-17T14:04:29","date_gmt":"2025-04-17T14:04:29","guid":{"rendered":"https:\/\/www.freeshopfrontiera.ch\/shop\/lattafa-yara\/"},"modified":"2025-04-17T15:15:02","modified_gmt":"2025-04-17T15:15:02","slug":"lattafa-yara","status":"publish","type":"product","link":"https:\/\/www.freeshopfrontiera.ch\/fr\/shop\/lattafa-yara\/","title":{"rendered":"LATTAFA Yara Eau de Parfum 100ml"},"content":{"rendered":"<p class=\"\" data-start=\"3520\" data-end=\"3892\"><strong data-start=\"3520\" data-end=\"3550\">LATTAFA Yara Eau de Parfum<\/strong> est un hommage \u00e0 la f\u00e9minit\u00e9 rayonnante et s\u00e9duisante \u2013 un voyage olfactif qui marie des notes fruit\u00e9es, florales et gourmandes dans un parfait \u00e9quilibre entre douceur et chaleur. Con\u00e7u \u00e0 Duba\u00ef et lanc\u00e9 en 2020, Yara fait partie des cr\u00e9ations les plus appr\u00e9ci\u00e9es de Lattafa Perfumes, marque r\u00e9put\u00e9e pour ses parfums orientaux \u00e0 longue tenue.<\/p>\n<p class=\"\" data-start=\"3894\" data-end=\"4138\"><strong data-start=\"3894\" data-end=\"3913\">Notes de t\u00eate \u2013<\/strong> L\u2019ouverture est \u00e9clatante de fra\u00eecheur gr\u00e2ce \u00e0 la mandarine, qui apporte une touche d\u2019agrume lumineuse, adoucie par la d\u00e9licatesse florale de l\u2019h\u00e9liotrope et l\u2019\u00e9l\u00e9gance exotique de l\u2019orchid\u00e9e. Un d\u00e9part p\u00e9tillant et raffin\u00e9.<\/p>\n<p class=\"\" data-start=\"4140\" data-end=\"4401\"><strong data-start=\"4140\" data-end=\"4159\">Notes de c\u0153ur \u2013<\/strong> Le c\u0153ur d\u00e9voile un accord gourmand aux accents tropicaux : un m\u00e9lange velout\u00e9 de fruits exotiques (ananas, mangue, papaye), enrichi de nuances douces et cr\u00e9meuses, qui enveloppent la peau d\u2019une caresse d\u00e9licieusement sucr\u00e9e et contemporaine.<\/p>\n<p class=\"\" data-start=\"4403\" data-end=\"4667\"><strong data-start=\"4403\" data-end=\"4422\">Notes de fond \u2013<\/strong> En se d\u00e9veloppant, Yara devient plus enveloppant gr\u00e2ce \u00e0 la tendresse de la vanille, \u00e0 la chaleur bois\u00e9e du santal et \u00e0 la sensualit\u00e9 du musc. Ce trio de fond assure un sillage chaud, confortable et durable, tout en conservant son charme sucr\u00e9.<\/p>\n<p class=\"\" data-start=\"4669\" data-end=\"5044\"><strong data-start=\"4669\" data-end=\"4697\">Caract\u00e8re et occasions \u2013<\/strong> Destin\u00e9 principalement \u00e0 un public f\u00e9minin, Yara est parfait pour celles qui aiment les parfums doux mais sophistiqu\u00e9s, adapt\u00e9s aussi bien pour la journ\u00e9e que pour la soir\u00e9e, notamment au printemps et en \u00e9t\u00e9. Gr\u00e2ce \u00e0 sa polyvalence et sa tenue remarquable, il est id\u00e9al pour une journ\u00e9e de travail, un ap\u00e9ritif entre amies ou un d\u00eener romantique.<\/p>\n<p class=\"\" data-start=\"5046\" data-end=\"5294\">Le <strong data-start=\"5049\" data-end=\"5069\">flacon de 100 ml<\/strong> refl\u00e8te l\u2019essence du parfum : un verre moderne et cristallin, l\u00e9g\u00e8rement teint\u00e9 de rose pour rappeler la douceur fruit\u00e9e de sa composition, surmont\u00e9 d\u2019un bouchon noir brillant qui apporte une touche d\u2019\u00e9l\u00e9gance et de myst\u00e8re.<\/p>\n<p>Follow us!\u00a0<a href=\"https:\/\/www.instagram.com\/freeshopswiss\/\" target=\"_blank\" rel=\"noopener\">@freeshopswiss<\/a><\/p>\n","protected":false},"excerpt":{"rendered":"<p><em><strong>Eau de Parfum<\/strong><\/em><\/p>\n","protected":false},"featured_media":26394,"comment_status":"open","ping_status":"closed","template":"","meta":[],"pwb-brand":[772],"product_brand":[],"product_cat":[96,138,87,109,4195],"product_tag":[252,296,4348,5050,789,5046,97,5074,4367],"class_list":{"0":"post-26432","1":"product","2":"type-product","3":"status-publish","4":"has-post-thumbnail","6":"pwb-brand-lattafa","7":"product_cat-evidence","8":"product_cat-offre","9":"product_cat-parfums","10":"product_cat-pour-elle","11":"product_cat-parfums-offer","12":"product_tag-eau-de-parfum-fr","13":"product_tag-femme","14":"product_tag-fete-des-femmes","15":"product_tag-fete-des-meres","16":"product_tag-womens-fragrances-fr","17":"product_tag-moins-de-30-chf","18":"product_tag-parfums","19":"product_tag-parfums-pour-la-fete-des-meres","20":"product_tag-special-printemps","22":"first","23":"instock","24":"sale","25":"taxable","26":"shipping-taxable","27":"purchasable","28":"product-type-simple"},"brands":[{"id":772,"name":"Lattafa","slug":"lattafa"}],"_links":{"self":[{"href":"https:\/\/www.freeshopfrontiera.ch\/fr\/wp-json\/wp\/v2\/product\/26432","targetHints":{"allow":["GET"]}}],"collection":[{"href":"https:\/\/www.freeshopfrontiera.ch\/fr\/wp-json\/wp\/v2\/product"}],"about":[{"href":"https:\/\/www.freeshopfrontiera.ch\/fr\/wp-json\/wp\/v2\/types\/product"}],"replies":[{"embeddable":true,"href":"https:\/\/www.freeshopfrontiera.ch\/fr\/wp-json\/wp\/v2\/comments?post=26432"}],"version-history":[{"count":2,"href":"https:\/\/www.freeshopfrontiera.ch\/fr\/wp-json\/wp\/v2\/product\/26432\/revisions"}],"predecessor-version":[{"id":26478,"href":"https:\/\/www.freeshopfrontiera.ch\/fr\/wp-json\/wp\/v2\/product\/26432\/revisions\/26478"}],"wp:featuredmedia":[{"embeddable":true,"href":"https:\/\/www.freeshopfrontiera.ch\/fr\/wp-json\/wp\/v2\/media\/26394"}],"wp:attachment":[{"href":"https:\/\/www.freeshopfrontiera.ch\/fr\/wp-json\/wp\/v2\/media?parent=26432"}],"wp:term":[{"taxonomy":"pwb-brand","embeddable":true,"href":"https:\/\/www.freeshopfrontiera.ch\/fr\/wp-json\/wp\/v2\/pwb-brand?post=26432"},{"taxonomy":"product_brand","embeddable":true,"href":"https:\/\/www.freeshopfrontiera.ch\/fr\/wp-json\/wp\/v2\/product_brand?post=26432"},{"taxonomy":"product_cat","embeddable":true,"href":"https:\/\/www.freeshopfrontiera.ch\/fr\/wp-json\/wp\/v2\/product_cat?post=26432"},{"taxonomy":"product_tag","embeddable":true,"href":"https:\/\/www.freeshopfrontiera.ch\/fr\/wp-json\/wp\/v2\/product_tag?post=26432"}],"curies":[{"name":"wp","href":"https:\/\/api.w.org\/{rel}","templated":true}]}}