{"id":26564,"date":"2025-04-18T07:18:04","date_gmt":"2025-04-18T07:18:04","guid":{"rendered":"https:\/\/www.freeshopfrontiera.ch\/shop\/creed-delphinus-eau-deparfum\/"},"modified":"2025-04-18T07:23:22","modified_gmt":"2025-04-18T07:23:22","slug":"creed-delphinus-eau-deparfum","status":"publish","type":"product","link":"https:\/\/www.freeshopfrontiera.ch\/fr\/shop\/creed-delphinus-eau-deparfum\/","title":{"rendered":"CREED Delphinus EdP"},"content":{"rendered":"<p class=\"\" data-start=\"2596\" data-end=\"2821\"><strong data-start=\"2596\" data-end=\"2630\">CREED Delphinius Eau de Parfum<\/strong> incarne la libert\u00e9 et la fra\u00eecheur marine dans une fragrance \u00e9l\u00e9gante et lumineuse. Ce parfum unisexe \u00e9voque les grands espaces, la l\u00e9g\u00e8ret\u00e9 de l\u2019air salin et l\u2019intemporalit\u00e9 du style CREED.<\/p>\n<p class=\"\" data-start=\"2823\" data-end=\"3093\">En t\u00eate, un trio \u00e9clatant de <strong data-start=\"2852\" data-end=\"2874\">bergamote d\u2019Italie<\/strong>, <strong data-start=\"2876\" data-end=\"2889\">mandarine<\/strong> et <strong data-start=\"2893\" data-end=\"2908\">poivre rose<\/strong>. Au c\u0153ur, des <strong data-start=\"2923\" data-end=\"2940\">notes marines<\/strong>, de la <strong data-start=\"2948\" data-end=\"2959\">lavande<\/strong> et un souffle de <strong data-start=\"2977\" data-end=\"2987\">jasmin<\/strong>. En fond, l\u2019<strong data-start=\"3000\" data-end=\"3012\">ambroxan<\/strong>, le <strong data-start=\"3017\" data-end=\"3031\">musc blanc<\/strong> et des <strong data-start=\"3039\" data-end=\"3054\">bois clairs<\/strong> laissent un sillage propre et raffin\u00e9.<\/p>\n<p class=\"\" data-start=\"3095\" data-end=\"3172\">Un parfum parfait pour ceux qui recherchent fra\u00eecheur, \u00e9l\u00e9gance et modernit\u00e9.<\/p>\n<p data-start=\"1424\" data-end=\"1547\">Suivez tout notre actualit\u00e9 ! <a href=\"https:\/\/www.instagram.com\/freeshopswiss\/\" target=\"_blank\" rel=\"noopener\">@freeshopswiss<\/a><\/p>\n","protected":false},"excerpt":{"rendered":"<p>Delphinius est un parfum frais et raffin\u00e9 sign\u00e9 Creed, qui \u00e9voque les grands espaces et la l\u00e9g\u00e8ret\u00e9 marine.<\/p>\n","protected":false},"featured_media":26880,"comment_status":"open","ping_status":"closed","template":"","meta":[],"pwb-brand":[403],"product_brand":[],"product_cat":[87],"product_tag":[252,97],"class_list":{"0":"post-26564","1":"product","2":"type-product","3":"status-publish","4":"has-post-thumbnail","6":"pwb-brand-creed","7":"product_cat-parfums","8":"product_tag-eau-de-parfum-fr","9":"product_tag-parfums","11":"first","12":"instock","13":"taxable","14":"shipping-taxable","15":"purchasable","16":"product-type-variable","17":"has-default-attributes"},"brands":[{"id":403,"name":"Creed","slug":"creed"}],"_links":{"self":[{"href":"https:\/\/www.freeshopfrontiera.ch\/fr\/wp-json\/wp\/v2\/product\/26564","targetHints":{"allow":["GET"]}}],"collection":[{"href":"https:\/\/www.freeshopfrontiera.ch\/fr\/wp-json\/wp\/v2\/product"}],"about":[{"href":"https:\/\/www.freeshopfrontiera.ch\/fr\/wp-json\/wp\/v2\/types\/product"}],"replies":[{"embeddable":true,"href":"https:\/\/www.freeshopfrontiera.ch\/fr\/wp-json\/wp\/v2\/comments?post=26564"}],"version-history":[{"count":2,"href":"https:\/\/www.freeshopfrontiera.ch\/fr\/wp-json\/wp\/v2\/product\/26564\/revisions"}],"predecessor-version":[{"id":26573,"href":"https:\/\/www.freeshopfrontiera.ch\/fr\/wp-json\/wp\/v2\/product\/26564\/revisions\/26573"}],"wp:featuredmedia":[{"embeddable":true,"href":"https:\/\/www.freeshopfrontiera.ch\/fr\/wp-json\/wp\/v2\/media\/26880"}],"wp:attachment":[{"href":"https:\/\/www.freeshopfrontiera.ch\/fr\/wp-json\/wp\/v2\/media?parent=26564"}],"wp:term":[{"taxonomy":"pwb-brand","embeddable":true,"href":"https:\/\/www.freeshopfrontiera.ch\/fr\/wp-json\/wp\/v2\/pwb-brand?post=26564"},{"taxonomy":"product_brand","embeddable":true,"href":"https:\/\/www.freeshopfrontiera.ch\/fr\/wp-json\/wp\/v2\/product_brand?post=26564"},{"taxonomy":"product_cat","embeddable":true,"href":"https:\/\/www.freeshopfrontiera.ch\/fr\/wp-json\/wp\/v2\/product_cat?post=26564"},{"taxonomy":"product_tag","embeddable":true,"href":"https:\/\/www.freeshopfrontiera.ch\/fr\/wp-json\/wp\/v2\/product_tag?post=26564"}],"curies":[{"name":"wp","href":"https:\/\/api.w.org\/{rel}","templated":true}]}}