{"id":26595,"date":"2025-04-18T07:31:53","date_gmt":"2025-04-18T07:31:53","guid":{"rendered":"https:\/\/www.freeshopfrontiera.ch\/shop\/creed-millesime-aventus-cologne\/"},"modified":"2025-05-28T08:05:37","modified_gmt":"2025-05-28T08:05:37","slug":"creed-millesime-aventus-cologne","status":"publish","type":"product","link":"https:\/\/www.freeshopfrontiera.ch\/fr\/shop\/creed-millesime-aventus-cologne\/","title":{"rendered":"CREED Millesime Aventus Cologne 100ml"},"content":{"rendered":"<p class=\"\" data-start=\"3285\" data-end=\"3533\"><strong data-start=\"3285\" data-end=\"3324\">CREED Aventus Cologne Eau de Parfum<\/strong> est une interpr\u00e9tation moderne et lumineuse du c\u00e9l\u00e8bre Aventus. Con\u00e7ue pour l\u2019homme contemporain, \u00e9l\u00e9gant et s\u00fbr de lui, cette fragrance allie fra\u00eecheur vive et profondeur bois\u00e9e dans un sillage irr\u00e9sistible.<\/p>\n<p class=\"\" data-start=\"3535\" data-end=\"3857\">L\u2019ouverture combine <strong data-start=\"3555\" data-end=\"3574\">mandarine verte<\/strong>, <strong data-start=\"3576\" data-end=\"3589\">gingembre<\/strong> et <strong data-start=\"3593\" data-end=\"3608\">poivre rose<\/strong>, pour une explosion d\u2019\u00e9nergie. Le c\u0153ur r\u00e9v\u00e8le une richesse \u00e9l\u00e9gante avec du <strong data-start=\"3685\" data-end=\"3698\">patchouli<\/strong>, du <strong data-start=\"3703\" data-end=\"3726\">v\u00e9tiver d\u2019Indon\u00e9sie<\/strong> et du <strong data-start=\"3733\" data-end=\"3751\">bois de santal<\/strong>. En fond, la <strong data-start=\"3765\" data-end=\"3779\">f\u00e8ve tonka<\/strong>, le <strong data-start=\"3784\" data-end=\"3794\">styrax<\/strong> et le <strong data-start=\"3801\" data-end=\"3811\">musque<\/strong> laissent une empreinte chaude et persistante.<\/p>\n<p class=\"\" data-start=\"3859\" data-end=\"4051\">Parfum id\u00e9al pour l\u2019homme qui souhaite une signature olfactive fra\u00eeche mais sophistiqu\u00e9e, Aventus Cologne reste fid\u00e8le \u00e0 l\u2019ADN d\u2019Aventus tout en offrant une version plus l\u00e9g\u00e8re et quotidienne.<\/p>\n<p data-start=\"1763\" data-end=\"1910\">Suivez toute notre actualit\u00e9 ! <a href=\"https:\/\/www.instagram.com\/freeshopswiss\/\" target=\"_blank\" rel=\"noopener\">@freeshopswiss<\/a><\/p>\n","protected":false},"excerpt":{"rendered":"<p>Un parfum frais et charismatique pour l\u2019homme s\u00fbr de lui. Aventus Cologne incarne l\u2019\u00e9l\u00e9gance au quotidien.<\/p>\n","protected":false},"featured_media":26868,"comment_status":"open","ping_status":"closed","template":"","meta":[],"pwb-brand":[403],"product_brand":[],"product_cat":[87,89],"product_tag":[252,1629,143,97,4367],"class_list":{"0":"post-26595","1":"product","2":"type-product","3":"status-publish","4":"has-post-thumbnail","6":"pwb-brand-creed","7":"product_cat-parfums","8":"product_cat-pour-lui","9":"product_tag-eau-de-parfum-fr","10":"product_tag-mens-fragrances-fr","11":"product_tag-homme","12":"product_tag-parfums","13":"product_tag-special-printemps","15":"first","16":"instock","17":"taxable","18":"shipping-taxable","19":"purchasable","20":"product-type-simple"},"brands":[{"id":403,"name":"Creed","slug":"creed"}],"_links":{"self":[{"href":"https:\/\/www.freeshopfrontiera.ch\/fr\/wp-json\/wp\/v2\/product\/26595","targetHints":{"allow":["GET"]}}],"collection":[{"href":"https:\/\/www.freeshopfrontiera.ch\/fr\/wp-json\/wp\/v2\/product"}],"about":[{"href":"https:\/\/www.freeshopfrontiera.ch\/fr\/wp-json\/wp\/v2\/types\/product"}],"replies":[{"embeddable":true,"href":"https:\/\/www.freeshopfrontiera.ch\/fr\/wp-json\/wp\/v2\/comments?post=26595"}],"version-history":[{"count":2,"href":"https:\/\/www.freeshopfrontiera.ch\/fr\/wp-json\/wp\/v2\/product\/26595\/revisions"}],"predecessor-version":[{"id":31362,"href":"https:\/\/www.freeshopfrontiera.ch\/fr\/wp-json\/wp\/v2\/product\/26595\/revisions\/31362"}],"wp:featuredmedia":[{"embeddable":true,"href":"https:\/\/www.freeshopfrontiera.ch\/fr\/wp-json\/wp\/v2\/media\/26868"}],"wp:attachment":[{"href":"https:\/\/www.freeshopfrontiera.ch\/fr\/wp-json\/wp\/v2\/media?parent=26595"}],"wp:term":[{"taxonomy":"pwb-brand","embeddable":true,"href":"https:\/\/www.freeshopfrontiera.ch\/fr\/wp-json\/wp\/v2\/pwb-brand?post=26595"},{"taxonomy":"product_brand","embeddable":true,"href":"https:\/\/www.freeshopfrontiera.ch\/fr\/wp-json\/wp\/v2\/product_brand?post=26595"},{"taxonomy":"product_cat","embeddable":true,"href":"https:\/\/www.freeshopfrontiera.ch\/fr\/wp-json\/wp\/v2\/product_cat?post=26595"},{"taxonomy":"product_tag","embeddable":true,"href":"https:\/\/www.freeshopfrontiera.ch\/fr\/wp-json\/wp\/v2\/product_tag?post=26595"}],"curies":[{"name":"wp","href":"https:\/\/api.w.org\/{rel}","templated":true}]}}