{"id":26614,"date":"2025-04-18T07:40:43","date_gmt":"2025-04-18T07:40:43","guid":{"rendered":"https:\/\/www.freeshopfrontiera.ch\/shop\/creed-millesime-viking-cologne\/"},"modified":"2025-05-28T08:03:03","modified_gmt":"2025-05-28T08:03:03","slug":"creed-millesime-viking-cologne","status":"publish","type":"product","link":"https:\/\/www.freeshopfrontiera.ch\/fr\/shop\/creed-millesime-viking-cologne\/","title":{"rendered":"CREED Millesime Viking Cologne 100ml"},"content":{"rendered":"<p class=\"\" data-start=\"2500\" data-end=\"2719\"><strong data-start=\"2500\" data-end=\"2538\">CREED Viking Cologne Eau de Parfum<\/strong> est un parfum masculin audacieux et rafra\u00eechissant, inspir\u00e9 de l\u2019esprit conqu\u00e9rant des Vikings. Il marie des notes d\u2019agrumes vives \u00e0 un c\u0153ur aromatique et une base bois\u00e9e \u00e9l\u00e9gante.<\/p>\n<p class=\"\" data-start=\"2721\" data-end=\"2979\">L\u2019ouverture allie <strong data-start=\"2739\" data-end=\"2752\">bergamote<\/strong>, <strong data-start=\"2754\" data-end=\"2764\">citron<\/strong> et <strong data-start=\"2768\" data-end=\"2781\">mandarine<\/strong>, suivie par la <strong data-start=\"2797\" data-end=\"2814\">sauge sclar\u00e9e<\/strong> et la <strong data-start=\"2821\" data-end=\"2839\">menthe poivr\u00e9e<\/strong>. Le c\u0153ur floral et \u00e9pic\u00e9 de <strong data-start=\"2868\" data-end=\"2879\">lavande<\/strong>, <strong data-start=\"2881\" data-end=\"2893\">g\u00e9ranium<\/strong> et <strong data-start=\"2897\" data-end=\"2905\">rose<\/strong> pr\u00e9c\u00e8de une base chaude de <strong data-start=\"2933\" data-end=\"2944\">v\u00e9tiver<\/strong>, <strong data-start=\"2946\" data-end=\"2964\">bois de santal<\/strong> et <strong data-start=\"2968\" data-end=\"2978\">oliban<\/strong>.<\/p>\n<p class=\"\" data-start=\"2981\" data-end=\"3059\">Id\u00e9al pour les hommes s\u00fbrs d\u2019eux, en qu\u00eate d\u2019une fragrance unique et raffin\u00e9e.<\/p>\n<p data-start=\"1363\" data-end=\"1505\">Suivez toute notre actualit\u00e9 ! <a href=\"https:\/\/www.instagram.com\/freeshopswiss\/\" target=\"_blank\" rel=\"noopener\">@freeshopswiss<\/a><\/p>\n","protected":false},"excerpt":{"rendered":"<p>Un parfum masculin vif et raffin\u00e9, inspir\u00e9 des Vikings. Frais, bois\u00e9 et aromatique : la force \u00e9l\u00e9gante au quotidien.<\/p>\n","protected":false},"featured_media":26852,"comment_status":"open","ping_status":"closed","template":"","meta":[],"pwb-brand":[403],"product_brand":[],"product_cat":[87,89],"product_tag":[252,1629,143],"class_list":{"0":"post-26614","1":"product","2":"type-product","3":"status-publish","4":"has-post-thumbnail","6":"pwb-brand-creed","7":"product_cat-parfums","8":"product_cat-pour-lui","9":"product_tag-eau-de-parfum-fr","10":"product_tag-mens-fragrances-fr","11":"product_tag-homme","13":"first","14":"instock","15":"taxable","16":"shipping-taxable","17":"purchasable","18":"product-type-simple"},"brands":[{"id":403,"name":"Creed","slug":"creed"}],"_links":{"self":[{"href":"https:\/\/www.freeshopfrontiera.ch\/fr\/wp-json\/wp\/v2\/product\/26614","targetHints":{"allow":["GET"]}}],"collection":[{"href":"https:\/\/www.freeshopfrontiera.ch\/fr\/wp-json\/wp\/v2\/product"}],"about":[{"href":"https:\/\/www.freeshopfrontiera.ch\/fr\/wp-json\/wp\/v2\/types\/product"}],"replies":[{"embeddable":true,"href":"https:\/\/www.freeshopfrontiera.ch\/fr\/wp-json\/wp\/v2\/comments?post=26614"}],"version-history":[{"count":3,"href":"https:\/\/www.freeshopfrontiera.ch\/fr\/wp-json\/wp\/v2\/product\/26614\/revisions"}],"predecessor-version":[{"id":31359,"href":"https:\/\/www.freeshopfrontiera.ch\/fr\/wp-json\/wp\/v2\/product\/26614\/revisions\/31359"}],"wp:featuredmedia":[{"embeddable":true,"href":"https:\/\/www.freeshopfrontiera.ch\/fr\/wp-json\/wp\/v2\/media\/26852"}],"wp:attachment":[{"href":"https:\/\/www.freeshopfrontiera.ch\/fr\/wp-json\/wp\/v2\/media?parent=26614"}],"wp:term":[{"taxonomy":"pwb-brand","embeddable":true,"href":"https:\/\/www.freeshopfrontiera.ch\/fr\/wp-json\/wp\/v2\/pwb-brand?post=26614"},{"taxonomy":"product_brand","embeddable":true,"href":"https:\/\/www.freeshopfrontiera.ch\/fr\/wp-json\/wp\/v2\/product_brand?post=26614"},{"taxonomy":"product_cat","embeddable":true,"href":"https:\/\/www.freeshopfrontiera.ch\/fr\/wp-json\/wp\/v2\/product_cat?post=26614"},{"taxonomy":"product_tag","embeddable":true,"href":"https:\/\/www.freeshopfrontiera.ch\/fr\/wp-json\/wp\/v2\/product_tag?post=26614"}],"curies":[{"name":"wp","href":"https:\/\/api.w.org\/{rel}","templated":true}]}}