{"id":26643,"date":"2025-04-18T07:58:36","date_gmt":"2025-04-18T07:58:36","guid":{"rendered":"https:\/\/www.freeshopfrontiera.ch\/shop\/creed-millesime-wind-flowers\/"},"modified":"2025-04-18T08:02:35","modified_gmt":"2025-04-18T08:02:35","slug":"creed-millesime-wind-flowers","status":"publish","type":"product","link":"https:\/\/www.freeshopfrontiera.ch\/fr\/shop\/creed-millesime-wind-flowers\/","title":{"rendered":"CREED Millesime Wind Flowers"},"content":{"rendered":"<p class=\"\" data-start=\"2474\" data-end=\"2686\"><strong data-start=\"2474\" data-end=\"2510\">CREED Wind Flowers Eau de Parfum<\/strong> est un parfum f\u00e9minin envo\u00fbtant, inspir\u00e9 par la gr\u00e2ce du mouvement et la force de la danse. Con\u00e7u par la maison CREED, ce parfum marie des notes florales, fruit\u00e9es et bois\u00e9es.<\/p>\n<p class=\"\" data-start=\"2688\" data-end=\"2922\">Le d\u00e9part s\u2019ouvre sur le <strong data-start=\"2713\" data-end=\"2723\">jasmin<\/strong>, la <strong data-start=\"2728\" data-end=\"2747\">fleur d\u2019oranger<\/strong> et la <strong data-start=\"2754\" data-end=\"2763\">p\u00eache<\/strong>, puis \u00e9volue vers un c\u0153ur floral riche en <strong data-start=\"2806\" data-end=\"2819\">tub\u00e9reuse<\/strong> et <strong data-start=\"2823\" data-end=\"2840\">jasmin sambac<\/strong>. Le fond chaud et sensuel m\u00eale <strong data-start=\"2872\" data-end=\"2882\">santal<\/strong>, <strong data-start=\"2884\" data-end=\"2892\">musc<\/strong> et une touche de <strong data-start=\"2910\" data-end=\"2921\">praline<\/strong>.<\/p>\n<p class=\"\" data-start=\"2924\" data-end=\"3067\">Le flacon, moderne et \u00e9l\u00e9gant, orn\u00e9 d\u2019un ruban de soie, c\u00e9l\u00e8bre la f\u00e9minit\u00e9 en mouvement. Parfait pour les femmes qui allient force et douceur.<\/p>\n<p data-start=\"1142\" data-end=\"1382\">Suivez toute notre actualit\u00e9 ! <a href=\"https:\/\/www.instagram.com\/freeshopswiss\/\" target=\"_blank\" rel=\"noopener\">@freeshopswiss<\/a><\/p>\n","protected":false},"excerpt":{"rendered":"<p>Creed Wind Flowers est un parfum floral lumineux au jasmin et musc, d\u00e9licat et sophistiqu\u00e9 \u00e0 la fois.<\/p>\n","protected":false},"featured_media":26860,"comment_status":"open","ping_status":"closed","template":"","meta":[],"pwb-brand":[403],"product_brand":[],"product_cat":[87,109],"product_tag":[789,97,4367],"class_list":{"0":"post-26643","1":"product","2":"type-product","3":"status-publish","4":"has-post-thumbnail","6":"pwb-brand-creed","7":"product_cat-parfums","8":"product_cat-pour-elle","9":"product_tag-womens-fragrances-fr","10":"product_tag-parfums","11":"product_tag-special-printemps","13":"first","14":"instock","15":"taxable","16":"shipping-taxable","17":"purchasable","18":"product-type-variable","19":"has-default-attributes"},"brands":[{"id":403,"name":"Creed","slug":"creed"}],"_links":{"self":[{"href":"https:\/\/www.freeshopfrontiera.ch\/fr\/wp-json\/wp\/v2\/product\/26643","targetHints":{"allow":["GET"]}}],"collection":[{"href":"https:\/\/www.freeshopfrontiera.ch\/fr\/wp-json\/wp\/v2\/product"}],"about":[{"href":"https:\/\/www.freeshopfrontiera.ch\/fr\/wp-json\/wp\/v2\/types\/product"}],"replies":[{"embeddable":true,"href":"https:\/\/www.freeshopfrontiera.ch\/fr\/wp-json\/wp\/v2\/comments?post=26643"}],"version-history":[{"count":1,"href":"https:\/\/www.freeshopfrontiera.ch\/fr\/wp-json\/wp\/v2\/product\/26643\/revisions"}],"predecessor-version":[{"id":26651,"href":"https:\/\/www.freeshopfrontiera.ch\/fr\/wp-json\/wp\/v2\/product\/26643\/revisions\/26651"}],"wp:featuredmedia":[{"embeddable":true,"href":"https:\/\/www.freeshopfrontiera.ch\/fr\/wp-json\/wp\/v2\/media\/26860"}],"wp:attachment":[{"href":"https:\/\/www.freeshopfrontiera.ch\/fr\/wp-json\/wp\/v2\/media?parent=26643"}],"wp:term":[{"taxonomy":"pwb-brand","embeddable":true,"href":"https:\/\/www.freeshopfrontiera.ch\/fr\/wp-json\/wp\/v2\/pwb-brand?post=26643"},{"taxonomy":"product_brand","embeddable":true,"href":"https:\/\/www.freeshopfrontiera.ch\/fr\/wp-json\/wp\/v2\/product_brand?post=26643"},{"taxonomy":"product_cat","embeddable":true,"href":"https:\/\/www.freeshopfrontiera.ch\/fr\/wp-json\/wp\/v2\/product_cat?post=26643"},{"taxonomy":"product_tag","embeddable":true,"href":"https:\/\/www.freeshopfrontiera.ch\/fr\/wp-json\/wp\/v2\/product_tag?post=26643"}],"curies":[{"name":"wp","href":"https:\/\/api.w.org\/{rel}","templated":true}]}}