{"id":26681,"date":"2025-04-18T08:14:07","date_gmt":"2025-04-18T08:14:07","guid":{"rendered":"https:\/\/www.freeshopfrontiera.ch\/shop\/narciso-rodriguez-edp-radiante\/"},"modified":"2025-04-18T08:17:53","modified_gmt":"2025-04-18T08:17:53","slug":"narciso-rodriguez-edp-radiante","status":"publish","type":"product","link":"https:\/\/www.freeshopfrontiera.ch\/fr\/shop\/narciso-rodriguez-edp-radiante\/","title":{"rendered":"NARCISO RODRIGUEZ EdP Radiante"},"content":{"rendered":"<h3 class=\"\" data-start=\"3202\" data-end=\"3290\">NARCISO RODRIGUEZ Eau de Parfum Radiante \u2013 Une explosion de lumi\u00e8re et de sensualit\u00e9<\/h3>\n<p class=\"\" data-start=\"3292\" data-end=\"3564\"><strong data-start=\"3292\" data-end=\"3326\">NARCISO Eau de Parfum Radiante<\/strong> est la nouvelle cr\u00e9ation f\u00e9minine sign\u00e9e <strong data-start=\"3368\" data-end=\"3389\">Narciso Rodriguez<\/strong>, un parfum lumineux, raffin\u00e9 et profond\u00e9ment sensuel. Pens\u00e9 pour la femme moderne, ce parfum r\u00e9invente le c\u0153ur musqu\u00e9 iconique de la marque avec une touche solaire \u00e9clatante.<\/p>\n<p class=\"\" data-start=\"3566\" data-end=\"3864\">Les notes de t\u00eate s\u2019ouvrent sur un <strong data-start=\"3601\" data-end=\"3614\">mandarine<\/strong> et un <strong data-start=\"3621\" data-end=\"3634\">bergamote<\/strong> p\u00e9tillants qui offrent une fra\u00eecheur imm\u00e9diate. Le c\u0153ur d\u00e9voile un <strong data-start=\"3702\" data-end=\"3724\">musque enveloppant<\/strong>, enrichi de fleurs d\u2019<strong data-start=\"3746\" data-end=\"3757\">oranger<\/strong> et de <strong data-start=\"3764\" data-end=\"3780\">frangipanier<\/strong>. Le fond chaud allie <strong data-start=\"3802\" data-end=\"3819\">bois de c\u00e8dre<\/strong>, <strong data-start=\"3821\" data-end=\"3831\">santal<\/strong> et une note solaire persistante.<\/p>\n<p class=\"\" data-start=\"3866\" data-end=\"4049\">Le flacon, \u00e9l\u00e9gant et minimaliste, se pare d\u2019un ton p\u00eache radieux qui refl\u00e8te la lumi\u00e8re et c\u00e9l\u00e8bre une f\u00e9minit\u00e9 \u00e9clatante. Un design pur, embl\u00e9matique de l\u2019univers Narciso Rodriguez.<\/p>\n<p class=\"\" data-start=\"4051\" data-end=\"4197\"><strong data-start=\"4051\" data-end=\"4085\">NARCISO Eau de Parfum Radiante<\/strong> est parfait en journ\u00e9e comme en soir\u00e9e, pour celles qui recherchent un parfum raffin\u00e9, lumineux et inoubliable.<\/p>\n<p class=\"\" data-start=\"4199\" data-end=\"4327\">D\u00e9couvrez <strong data-start=\"4209\" data-end=\"4229\">Narciso Radiante<\/strong>, et laissez-vous s\u00e9duire par une lumi\u00e8re olfactive unique qui incarne force, gr\u00e2ce et sensualit\u00e9.<\/p>\n<p data-start=\"1543\" data-end=\"1667\">Suivez toute notre actualit\u00e9 ! <a href=\"https:\/\/www.instagram.com\/freeshopswiss\/\" target=\"_blank\" rel=\"noopener\">@freshopswiss<\/a><\/p>\n","protected":false},"excerpt":{"rendered":"<p>NARCISO Eau de Parfum Radiante est un parfum f\u00e9minin solaire et envo\u00fbtant. Le musc signature se m\u00eale \u00e0 des fleurs et bois pour une \u00e9l\u00e9gance \u00e9clatante.<\/p>\n","protected":false},"featured_media":26864,"comment_status":"open","ping_status":"closed","template":"","meta":[],"pwb-brand":[284],"product_brand":[],"product_cat":[87,109],"product_tag":[252,296,5050,789,97,5074],"class_list":{"0":"post-26681","1":"product","2":"type-product","3":"status-publish","4":"has-post-thumbnail","6":"pwb-brand-narciso-rodriguez","7":"product_cat-parfums","8":"product_cat-pour-elle","9":"product_tag-eau-de-parfum-fr","10":"product_tag-femme","11":"product_tag-fete-des-meres","12":"product_tag-womens-fragrances-fr","13":"product_tag-parfums","14":"product_tag-parfums-pour-la-fete-des-meres","16":"first","17":"instock","18":"sale","19":"taxable","20":"shipping-taxable","21":"purchasable","22":"product-type-variable","23":"has-default-attributes"},"brands":[{"id":284,"name":"Narciso Rodriguez","slug":"narciso-rodriguez"}],"_links":{"self":[{"href":"https:\/\/www.freeshopfrontiera.ch\/fr\/wp-json\/wp\/v2\/product\/26681","targetHints":{"allow":["GET"]}}],"collection":[{"href":"https:\/\/www.freeshopfrontiera.ch\/fr\/wp-json\/wp\/v2\/product"}],"about":[{"href":"https:\/\/www.freeshopfrontiera.ch\/fr\/wp-json\/wp\/v2\/types\/product"}],"replies":[{"embeddable":true,"href":"https:\/\/www.freeshopfrontiera.ch\/fr\/wp-json\/wp\/v2\/comments?post=26681"}],"version-history":[{"count":1,"href":"https:\/\/www.freeshopfrontiera.ch\/fr\/wp-json\/wp\/v2\/product\/26681\/revisions"}],"predecessor-version":[{"id":26689,"href":"https:\/\/www.freeshopfrontiera.ch\/fr\/wp-json\/wp\/v2\/product\/26681\/revisions\/26689"}],"wp:featuredmedia":[{"embeddable":true,"href":"https:\/\/www.freeshopfrontiera.ch\/fr\/wp-json\/wp\/v2\/media\/26864"}],"wp:attachment":[{"href":"https:\/\/www.freeshopfrontiera.ch\/fr\/wp-json\/wp\/v2\/media?parent=26681"}],"wp:term":[{"taxonomy":"pwb-brand","embeddable":true,"href":"https:\/\/www.freeshopfrontiera.ch\/fr\/wp-json\/wp\/v2\/pwb-brand?post=26681"},{"taxonomy":"product_brand","embeddable":true,"href":"https:\/\/www.freeshopfrontiera.ch\/fr\/wp-json\/wp\/v2\/product_brand?post=26681"},{"taxonomy":"product_cat","embeddable":true,"href":"https:\/\/www.freeshopfrontiera.ch\/fr\/wp-json\/wp\/v2\/product_cat?post=26681"},{"taxonomy":"product_tag","embeddable":true,"href":"https:\/\/www.freeshopfrontiera.ch\/fr\/wp-json\/wp\/v2\/product_tag?post=26681"}],"curies":[{"name":"wp","href":"https:\/\/api.w.org\/{rel}","templated":true}]}}