{"id":26695,"date":"2025-04-18T08:22:36","date_gmt":"2025-04-18T08:22:36","guid":{"rendered":"https:\/\/www.freeshopfrontiera.ch\/shop\/lattafa-kashan-eau-de-parfum-100ml\/"},"modified":"2025-04-23T11:35:26","modified_gmt":"2025-04-23T11:35:26","slug":"lattafa-kashan-eau-de-parfum-100ml","status":"publish","type":"product","link":"https:\/\/www.freeshopfrontiera.ch\/fr\/shop\/lattafa-kashan-eau-de-parfum-100ml\/","title":{"rendered":"LATTAFA Kashan Eau de Parfum 100ml"},"content":{"rendered":"<p><strong>L&rsquo;Eau de Parfum LATTAFA Kashan 100 ml<\/strong> est un parfum unisexe issu de la collection exclusive \u00ab Pride \u00bb de Lattafa, lanc\u00e9e en 2024. Ce parfum incarne l&rsquo;\u00e9quilibre parfait entre \u00e9l\u00e9gance, modernit\u00e9 et profondeur sensorielle. Con\u00e7u pour ceux qui aiment se d\u00e9marquer avec style et subtilit\u00e9, Kashan s\u00e9duit aussi bien les femmes que les hommes qui appr\u00e9cient les compositions intenses et harmonieuses qui accompagnent naturellement chaque instant de la journ\u00e9e.<\/p>\n<p>La fragrance s&rsquo;ouvre sur des notes de t\u00eate lumineuses et vivifiantes de poivre rose, d&rsquo;\u00e9corce d&rsquo;orange et de sauge sclar\u00e9e, cr\u00e9ant un d\u00e9part frais, vibrant et l\u00e9g\u00e8rement aromatique. Cette introduction \u00e9nergique m\u00e8ne \u00e0 un c\u0153ur plus enveloppant de framboise, d&rsquo;ambroxan et de cachemire\u00a0: un m\u00e9lange s\u00e9duisant et velout\u00e9, riche en nuances, qui conf\u00e8re \u00e0 la composition une dimension chaleureuse et sensuelle.<\/p>\n<p>En notes de fond, le parfum s&rsquo;installe sur un fond sophistiqu\u00e9 et durable de v\u00e9tiver, de musc et de bois de santal. Ces ingr\u00e9dients apportent profondeur, stabilit\u00e9 et un sillage \u00e9l\u00e9gant qui persiste sur la peau sans \u00eatre envahissant. Kashan se distingue par son \u00e9quilibre entre douceur fruit\u00e9e, notes \u00e9pic\u00e9es et notes bois\u00e9es, ce qui en fait un parfum extr\u00eamement polyvalent.<\/p>\n<p>Id\u00e9al pour les mi-saisons, notamment le printemps et l&rsquo;automne, Kashan se porte aussi bien au quotidien que pour les grandes occasions. Son flacon de 100 ml, au design raffin\u00e9 et moderne, refl\u00e8te l&rsquo;identit\u00e9 \u00e9l\u00e9gante de la fragrance. LATTAFA Kashan est plus qu&rsquo;un simple parfum\u00a0: c&rsquo;est une d\u00e9claration de style, de personnalit\u00e9 et de go\u00fbt contemporain, cr\u00e9\u00e9e pour celles qui aiment laisser leur empreinte avec \u00e9l\u00e9gance et discr\u00e9tion.<\/p>\n<p data-start=\"1292\" data-end=\"1706\">Follow us! <a href=\"https:\/\/www.instagram.com\/freeshopswiss\/\" target=\"_blank\" rel=\"noopener\">@freeshopswiss<\/a><\/p>\n","protected":false},"excerpt":{"rendered":"<p><em><strong>Eau de Parfum<\/strong><\/em><\/p>\n","protected":false},"featured_media":26663,"comment_status":"open","ping_status":"closed","template":"","meta":[],"pwb-brand":[772],"product_brand":[],"product_cat":[87,109,89],"product_tag":[252,296,789,1629,143,594],"class_list":{"0":"post-26695","1":"product","2":"type-product","3":"status-publish","4":"has-post-thumbnail","6":"pwb-brand-lattafa","7":"product_cat-parfums","8":"product_cat-pour-elle","9":"product_cat-pour-lui","10":"product_tag-eau-de-parfum-fr","11":"product_tag-femme","12":"product_tag-womens-fragrances-fr","13":"product_tag-mens-fragrances-fr","14":"product_tag-homme","15":"product_tag-unisex-fr-2","17":"first","18":"outofstock","19":"sale","20":"taxable","21":"shipping-taxable","22":"purchasable","23":"product-type-simple"},"brands":[{"id":772,"name":"Lattafa","slug":"lattafa"}],"_links":{"self":[{"href":"https:\/\/www.freeshopfrontiera.ch\/fr\/wp-json\/wp\/v2\/product\/26695","targetHints":{"allow":["GET"]}}],"collection":[{"href":"https:\/\/www.freeshopfrontiera.ch\/fr\/wp-json\/wp\/v2\/product"}],"about":[{"href":"https:\/\/www.freeshopfrontiera.ch\/fr\/wp-json\/wp\/v2\/types\/product"}],"replies":[{"embeddable":true,"href":"https:\/\/www.freeshopfrontiera.ch\/fr\/wp-json\/wp\/v2\/comments?post=26695"}],"version-history":[{"count":3,"href":"https:\/\/www.freeshopfrontiera.ch\/fr\/wp-json\/wp\/v2\/product\/26695\/revisions"}],"predecessor-version":[{"id":27985,"href":"https:\/\/www.freeshopfrontiera.ch\/fr\/wp-json\/wp\/v2\/product\/26695\/revisions\/27985"}],"wp:featuredmedia":[{"embeddable":true,"href":"https:\/\/www.freeshopfrontiera.ch\/fr\/wp-json\/wp\/v2\/media\/26663"}],"wp:attachment":[{"href":"https:\/\/www.freeshopfrontiera.ch\/fr\/wp-json\/wp\/v2\/media?parent=26695"}],"wp:term":[{"taxonomy":"pwb-brand","embeddable":true,"href":"https:\/\/www.freeshopfrontiera.ch\/fr\/wp-json\/wp\/v2\/pwb-brand?post=26695"},{"taxonomy":"product_brand","embeddable":true,"href":"https:\/\/www.freeshopfrontiera.ch\/fr\/wp-json\/wp\/v2\/product_brand?post=26695"},{"taxonomy":"product_cat","embeddable":true,"href":"https:\/\/www.freeshopfrontiera.ch\/fr\/wp-json\/wp\/v2\/product_cat?post=26695"},{"taxonomy":"product_tag","embeddable":true,"href":"https:\/\/www.freeshopfrontiera.ch\/fr\/wp-json\/wp\/v2\/product_tag?post=26695"}],"curies":[{"name":"wp","href":"https:\/\/api.w.org\/{rel}","templated":true}]}}