{"id":26821,"date":"2025-04-18T09:10:30","date_gmt":"2025-04-18T09:10:30","guid":{"rendered":"https:\/\/www.freeshopfrontiera.ch\/shop\/thierry-mugler-alien-extraintense\/"},"modified":"2025-04-18T09:14:38","modified_gmt":"2025-04-18T09:14:38","slug":"thierry-mugler-alien-extraintense","status":"publish","type":"product","link":"https:\/\/www.freeshopfrontiera.ch\/fr\/shop\/thierry-mugler-alien-extraintense\/","title":{"rendered":"THIERRY MUGLER Alien Extraintense"},"content":{"rendered":"<h3 class=\"\" data-start=\"1714\" data-end=\"1810\">THIERRY MUGLER Alien Extraintense Eau de Parfum Intense \u2013 Une nouvelle dimension d\u2019intensit\u00e9<\/h3>\n<p class=\"\" data-start=\"1812\" data-end=\"2185\"><strong data-start=\"1812\" data-end=\"1871\">THIERRY MUGLER Alien Extraintense Eau de Parfum Intense<\/strong> est une r\u00e9interpr\u00e9tation audacieuse et puissante du parfum embl\u00e9matique Alien. Un sillage intense et magn\u00e9tique, destin\u00e9 \u00e0 une femme qui affirme son \u00e9nergie int\u00e9rieure avec force et lumi\u00e8re. Cette version Extraintense sublime les notes iconiques d\u2019Alien avec des accords plus profonds, chaleureux et enveloppants.<\/p>\n<p class=\"\" data-start=\"2187\" data-end=\"2460\">La fragrance s\u2019ouvre sur un <strong data-start=\"2215\" data-end=\"2240\">jasmin sambac solaire<\/strong>, symbole de puret\u00e9 et de f\u00e9minit\u00e9 \u00e9clatante. En c\u0153ur, le <strong data-start=\"2298\" data-end=\"2319\">bois de cashmeran<\/strong> apporte une chaleur bois\u00e9e et une texture luxueuse. En fond, l\u2019<strong data-start=\"2383\" data-end=\"2398\">ambre blanc<\/strong>, signature d\u2019Alien, se r\u00e9v\u00e8le encore plus intense et sensuel.<\/p>\n<p class=\"\" data-start=\"2462\" data-end=\"2681\"><strong data-start=\"2462\" data-end=\"2484\">Alien Extraintense<\/strong> est bien plus qu\u2019un parfum : c\u2019est une aura magn\u00e9tique qui enveloppe et laisse une trace inoubliable. Id\u00e9al pour les occasions sp\u00e9ciales ou pour celles qui souhaitent un parfum durable et affirm\u00e9.<\/p>\n<p class=\"\" data-start=\"2683\" data-end=\"2864\">Le flacon en forme de talisman adopte des teintes ambr\u00e9es profondes, reflet de la force et du myst\u00e8re de la fragrance. Un v\u00e9ritable objet de collection, embl\u00e8me de l\u2019univers MUGLER.<\/p>\n<p class=\"\" data-start=\"2866\" data-end=\"3024\">D\u00e9couvrez <strong data-start=\"2876\" data-end=\"2935\">THIERRY MUGLER Alien Extraintense Eau de Parfum Intense<\/strong> : une nouvelle intensit\u00e9 olfactive, \u00e0 la fois solaire, sensuelle et r\u00e9solument f\u00e9minine.<\/p>\n<p data-start=\"1543\" data-end=\"1715\">Suivez toute notre actualit\u00e9 ! <a href=\"https:\/\/www.instagram.com\/freeshopswiss\/\" target=\"_blank\" rel=\"noopener\">@freeshopswiss<\/a><\/p>\n","protected":false},"excerpt":{"rendered":"<p>THIERRY MUGLER Alien Extraintense Eau de Parfum Intense est un parfum lumineux et captivant, m\u00ealant jasmin, ambre et bois pour une signature audacieuse.<\/p>\n","protected":false},"featured_media":27171,"comment_status":"open","ping_status":"closed","template":"","meta":[],"pwb-brand":[395],"product_brand":[],"product_cat":[87,109],"product_tag":[252,789,97],"class_list":{"0":"post-26821","1":"product","2":"type-product","3":"status-publish","4":"has-post-thumbnail","6":"pwb-brand-thierry-mugler","7":"product_cat-parfums","8":"product_cat-pour-elle","9":"product_tag-eau-de-parfum-fr","10":"product_tag-womens-fragrances-fr","11":"product_tag-parfums","13":"first","14":"instock","15":"sale","16":"taxable","17":"shipping-taxable","18":"purchasable","19":"product-type-variable","20":"has-default-attributes"},"brands":[{"id":395,"name":"Thierry Mugler","slug":"thierry-mugler"}],"_links":{"self":[{"href":"https:\/\/www.freeshopfrontiera.ch\/fr\/wp-json\/wp\/v2\/product\/26821","targetHints":{"allow":["GET"]}}],"collection":[{"href":"https:\/\/www.freeshopfrontiera.ch\/fr\/wp-json\/wp\/v2\/product"}],"about":[{"href":"https:\/\/www.freeshopfrontiera.ch\/fr\/wp-json\/wp\/v2\/types\/product"}],"replies":[{"embeddable":true,"href":"https:\/\/www.freeshopfrontiera.ch\/fr\/wp-json\/wp\/v2\/comments?post=26821"}],"version-history":[{"count":1,"href":"https:\/\/www.freeshopfrontiera.ch\/fr\/wp-json\/wp\/v2\/product\/26821\/revisions"}],"predecessor-version":[{"id":26832,"href":"https:\/\/www.freeshopfrontiera.ch\/fr\/wp-json\/wp\/v2\/product\/26821\/revisions\/26832"}],"wp:featuredmedia":[{"embeddable":true,"href":"https:\/\/www.freeshopfrontiera.ch\/fr\/wp-json\/wp\/v2\/media\/27171"}],"wp:attachment":[{"href":"https:\/\/www.freeshopfrontiera.ch\/fr\/wp-json\/wp\/v2\/media?parent=26821"}],"wp:term":[{"taxonomy":"pwb-brand","embeddable":true,"href":"https:\/\/www.freeshopfrontiera.ch\/fr\/wp-json\/wp\/v2\/pwb-brand?post=26821"},{"taxonomy":"product_brand","embeddable":true,"href":"https:\/\/www.freeshopfrontiera.ch\/fr\/wp-json\/wp\/v2\/product_brand?post=26821"},{"taxonomy":"product_cat","embeddable":true,"href":"https:\/\/www.freeshopfrontiera.ch\/fr\/wp-json\/wp\/v2\/product_cat?post=26821"},{"taxonomy":"product_tag","embeddable":true,"href":"https:\/\/www.freeshopfrontiera.ch\/fr\/wp-json\/wp\/v2\/product_tag?post=26821"}],"curies":[{"name":"wp","href":"https:\/\/api.w.org\/{rel}","templated":true}]}}