{"id":26927,"date":"2025-04-18T09:45:37","date_gmt":"2025-04-18T09:45:37","guid":{"rendered":"https:\/\/www.freeshopfrontiera.ch\/shop\/giorgio-armani-my-way-ylang\/"},"modified":"2025-04-18T09:50:51","modified_gmt":"2025-04-18T09:50:51","slug":"giorgio-armani-my-way-ylang","status":"publish","type":"product","link":"https:\/\/www.freeshopfrontiera.ch\/fr\/shop\/giorgio-armani-my-way-ylang\/","title":{"rendered":"GIORGIO ARMANI My Way Ylang"},"content":{"rendered":"<h3 class=\"\" data-start=\"1776\" data-end=\"1891\">GIORGIO ARMANI My Way Ylang Eau de Parfum \u2013 Un voyage olfactif entre fleurs exotiques et \u00e9l\u00e9gance contemporaine<\/h3>\n<p class=\"\" data-start=\"1893\" data-end=\"2209\"><strong data-start=\"1893\" data-end=\"1938\">GIORGIO ARMANI My Way Ylang Eau de Parfum<\/strong> est un parfum f\u00e9minin lumineux et enveloppant, con\u00e7u pour celles qui recherchent l\u2019intensit\u00e9 florale alli\u00e9e \u00e0 une touche moderne de sophistication. Cette version de la collection <strong data-start=\"2118\" data-end=\"2128\">My Way<\/strong> met \u00e0 l\u2019honneur l\u2019<strong data-start=\"2147\" data-end=\"2162\">ylang-ylang<\/strong> des Comores, ingr\u00e9dient phare de la fragrance.<\/p>\n<p class=\"\" data-start=\"2211\" data-end=\"2550\">L\u2019ouverture d\u00e9voile des notes fra\u00eeches et fruit\u00e9es de <strong data-start=\"2265\" data-end=\"2278\">bergamote<\/strong> et <strong data-start=\"2282\" data-end=\"2294\">d\u2019orange<\/strong>, suivies d\u2019un c\u0153ur floral riche et sensuel o\u00f9 l\u2019<strong data-start=\"2343\" data-end=\"2358\">ylang-ylang<\/strong> s\u2019associe \u00e0 la <strong data-start=\"2374\" data-end=\"2387\">tub\u00e9reuse<\/strong> et au <strong data-start=\"2394\" data-end=\"2404\">jasmin<\/strong>. Le fond, chaud et persistant, r\u00e9v\u00e8le des accords de <strong data-start=\"2458\" data-end=\"2477\">vanille bourbon<\/strong>, <strong data-start=\"2479\" data-end=\"2494\">bois blancs<\/strong> et <strong data-start=\"2498\" data-end=\"2507\">ambre<\/strong>, pour une signature olfactive inoubliable.<\/p>\n<p class=\"\" data-start=\"2552\" data-end=\"2746\"><strong data-start=\"2552\" data-end=\"2568\">My Way Ylang<\/strong> est le choix id\u00e9al pour la femme qui souhaite affirmer sa personnalit\u00e9 \u00e0 travers un parfum unique et raffin\u00e9. Adapt\u00e9 \u00e0 toutes les saisons, il est parfait du matin jusqu\u2019au soir.<\/p>\n<p class=\"\" data-start=\"2748\" data-end=\"3030\">Le flacon, \u00e9l\u00e9gant et reconnaissable, est <strong data-start=\"2790\" data-end=\"2806\">rechargeable<\/strong> et fabriqu\u00e9 \u00e0 partir de <strong data-start=\"2831\" data-end=\"2853\">mat\u00e9riaux recycl\u00e9s<\/strong>, en accord avec les engagements durables de la marque. Son bouchon bleu profond, semblable \u00e0 un bijou, symbolise la rencontre entre ciel et terre, entre identit\u00e9 et d\u00e9couverte.<\/p>\n<p class=\"\" data-start=\"3032\" data-end=\"3170\">D\u00e9couvrez <strong data-start=\"3042\" data-end=\"3087\">GIORGIO ARMANI My Way Ylang Eau de Parfum<\/strong> et laissez-vous emporter par un voyage sensoriel empreint d\u2019\u00e9motions et de beaut\u00e9.<\/p>\n<p data-start=\"1648\" data-end=\"1788\">Suivez toute notre actualit\u00e9! <a href=\"https:\/\/www.instagram.com\/freeshopswiss\/\" target=\"_blank\" rel=\"noopener\">@freeshopswiss<\/a><\/p>\n","protected":false},"excerpt":{"rendered":"<p>GIORGIO ARMANI My Way Ylang Eau de Parfum est un bouquet floral intense et lumineux, alliant ylang-ylang, vanille et bois pour une \u00e9l\u00e9gance moderne.<\/p>\n","protected":false},"featured_media":27147,"comment_status":"open","ping_status":"closed","template":"","meta":[],"pwb-brand":[263],"product_brand":[],"product_cat":[87,109],"product_tag":[252,296,5050,789,97],"class_list":{"0":"post-26927","1":"product","2":"type-product","3":"status-publish","4":"has-post-thumbnail","6":"pwb-brand-giorgio-armani","7":"product_cat-parfums","8":"product_cat-pour-elle","9":"product_tag-eau-de-parfum-fr","10":"product_tag-femme","11":"product_tag-fete-des-meres","12":"product_tag-womens-fragrances-fr","13":"product_tag-parfums","15":"first","16":"instock","17":"sale","18":"taxable","19":"shipping-taxable","20":"purchasable","21":"product-type-variable","22":"has-default-attributes"},"brands":[{"id":263,"name":"Giorgio Armani","slug":"giorgio-armani"}],"_links":{"self":[{"href":"https:\/\/www.freeshopfrontiera.ch\/fr\/wp-json\/wp\/v2\/product\/26927","targetHints":{"allow":["GET"]}}],"collection":[{"href":"https:\/\/www.freeshopfrontiera.ch\/fr\/wp-json\/wp\/v2\/product"}],"about":[{"href":"https:\/\/www.freeshopfrontiera.ch\/fr\/wp-json\/wp\/v2\/types\/product"}],"replies":[{"embeddable":true,"href":"https:\/\/www.freeshopfrontiera.ch\/fr\/wp-json\/wp\/v2\/comments?post=26927"}],"version-history":[{"count":1,"href":"https:\/\/www.freeshopfrontiera.ch\/fr\/wp-json\/wp\/v2\/product\/26927\/revisions"}],"predecessor-version":[{"id":26939,"href":"https:\/\/www.freeshopfrontiera.ch\/fr\/wp-json\/wp\/v2\/product\/26927\/revisions\/26939"}],"wp:featuredmedia":[{"embeddable":true,"href":"https:\/\/www.freeshopfrontiera.ch\/fr\/wp-json\/wp\/v2\/media\/27147"}],"wp:attachment":[{"href":"https:\/\/www.freeshopfrontiera.ch\/fr\/wp-json\/wp\/v2\/media?parent=26927"}],"wp:term":[{"taxonomy":"pwb-brand","embeddable":true,"href":"https:\/\/www.freeshopfrontiera.ch\/fr\/wp-json\/wp\/v2\/pwb-brand?post=26927"},{"taxonomy":"product_brand","embeddable":true,"href":"https:\/\/www.freeshopfrontiera.ch\/fr\/wp-json\/wp\/v2\/product_brand?post=26927"},{"taxonomy":"product_cat","embeddable":true,"href":"https:\/\/www.freeshopfrontiera.ch\/fr\/wp-json\/wp\/v2\/product_cat?post=26927"},{"taxonomy":"product_tag","embeddable":true,"href":"https:\/\/www.freeshopfrontiera.ch\/fr\/wp-json\/wp\/v2\/product_tag?post=26927"}],"curies":[{"name":"wp","href":"https:\/\/api.w.org\/{rel}","templated":true}]}}