{"id":26971,"date":"2025-04-18T10:02:55","date_gmt":"2025-04-18T10:02:55","guid":{"rendered":"https:\/\/www.freeshopfrontiera.ch\/shop\/tom-ford-grey-vetiver\/"},"modified":"2025-04-18T10:09:24","modified_gmt":"2025-04-18T10:09:24","slug":"tom-ford-grey-vetiver","status":"publish","type":"product","link":"https:\/\/www.freeshopfrontiera.ch\/fr\/shop\/tom-ford-grey-vetiver\/","title":{"rendered":"TOM FORD Grey Vetiver"},"content":{"rendered":"<h3 class=\"\" data-start=\"1640\" data-end=\"1724\">TOM FORD Grey Vetiver Eau de Parfum \u2013 \u00c9l\u00e9gance intemporelle pour l\u2019homme moderne<\/h3>\n<p class=\"\" data-start=\"1726\" data-end=\"1996\"><strong data-start=\"1726\" data-end=\"1765\">TOM FORD Grey Vetiver Eau de Parfum<\/strong> est un parfum masculin raffin\u00e9 et sophistiqu\u00e9, pens\u00e9 pour l\u2019homme moderne en qu\u00eate de distinction. Cette fragrance rend hommage \u00e0 la puret\u00e9 du <strong data-start=\"1909\" data-end=\"1920\">v\u00e9tiver<\/strong>, r\u00e9interpr\u00e9t\u00e9 avec \u00e9l\u00e9gance pour exprimer fra\u00eecheur, charisme et assurance.<\/p>\n<p class=\"\" data-start=\"1998\" data-end=\"2406\">Les notes de t\u00eate d\u00e9voilent des <strong data-start=\"2030\" data-end=\"2050\">agrumes vibrants<\/strong> comme le <strong data-start=\"2060\" data-end=\"2076\">pamplemousse<\/strong> et l\u2019<strong data-start=\"2082\" data-end=\"2098\">orange am\u00e8re<\/strong>, relev\u00e9s d\u2019une touche de <strong data-start=\"2124\" data-end=\"2135\">muscade<\/strong>. Le c\u0153ur met en lumi\u00e8re le <strong data-start=\"2163\" data-end=\"2182\">v\u00e9tiver ha\u00eftien<\/strong>, noble et bois\u00e9, associ\u00e9 \u00e0 la <strong data-start=\"2213\" data-end=\"2230\">sauge sclar\u00e9e<\/strong> et \u00e0 des racines aromatiques pour une signature olfactive s\u00e8che et affirm\u00e9e. Le fond est chaleureux et persistant, compos\u00e9 de <strong data-start=\"2357\" data-end=\"2372\">bois ambr\u00e9s<\/strong>, <strong data-start=\"2374\" data-end=\"2382\">musc<\/strong> et <strong data-start=\"2386\" data-end=\"2405\">mousse de ch\u00eane<\/strong>.<\/p>\n<p class=\"\" data-start=\"2408\" data-end=\"2581\"><strong data-start=\"2408\" data-end=\"2424\">Grey Vetiver<\/strong> est id\u00e9al pour ceux qui recherchent un parfum frais mais intense, parfait en toute saison et pour toutes les occasions, du quotidien aux \u00e9v\u00e9nements formels.<\/p>\n<p class=\"\" data-start=\"2583\" data-end=\"2701\">Son flacon au design sobre et luxueux incarne parfaitement l\u2019esth\u00e9tique de TOM FORD : minimaliste, chic et intemporel.<\/p>\n<p class=\"\" data-start=\"2703\" data-end=\"2869\">Commandez d\u00e8s maintenant <strong data-start=\"2728\" data-end=\"2767\">TOM FORD Grey Vetiver Eau de Parfum<\/strong> sur notre boutique en ligne et laissez-vous s\u00e9duire par un classique moderne au charme incontestable.<\/p>\n<p data-start=\"1487\" data-end=\"1646\">Suivez toute notre actualit\u00e9 !\u00a0 <a href=\"https:\/\/www.instagram.com\/freeshopswiss\/\" target=\"_blank\" rel=\"noopener\">@freeshopswiss<\/a><\/p>\n","protected":false},"excerpt":{"rendered":"<p>TOM FORD Grey Vetiver est une fragrance raffin\u00e9e et affirm\u00e9e, m\u00ealant agrumes frais et v\u00e9tiver \u00e9l\u00e9gant. Id\u00e9ale pour toutes les occasions.<\/p>\n","protected":false},"featured_media":27167,"comment_status":"open","ping_status":"closed","template":"","meta":[],"pwb-brand":[396],"product_brand":[],"product_cat":[87,89],"product_tag":[252,1629,97],"class_list":{"0":"post-26971","1":"product","2":"type-product","3":"status-publish","4":"has-post-thumbnail","6":"pwb-brand-tom-ford","7":"product_cat-parfums","8":"product_cat-pour-lui","9":"product_tag-eau-de-parfum-fr","10":"product_tag-mens-fragrances-fr","11":"product_tag-parfums","13":"first","14":"instock","15":"sale","16":"taxable","17":"shipping-taxable","18":"purchasable","19":"product-type-variable","20":"has-default-attributes"},"brands":[{"id":396,"name":"Tom Ford","slug":"tom-ford"}],"_links":{"self":[{"href":"https:\/\/www.freeshopfrontiera.ch\/fr\/wp-json\/wp\/v2\/product\/26971","targetHints":{"allow":["GET"]}}],"collection":[{"href":"https:\/\/www.freeshopfrontiera.ch\/fr\/wp-json\/wp\/v2\/product"}],"about":[{"href":"https:\/\/www.freeshopfrontiera.ch\/fr\/wp-json\/wp\/v2\/types\/product"}],"replies":[{"embeddable":true,"href":"https:\/\/www.freeshopfrontiera.ch\/fr\/wp-json\/wp\/v2\/comments?post=26971"}],"version-history":[{"count":1,"href":"https:\/\/www.freeshopfrontiera.ch\/fr\/wp-json\/wp\/v2\/product\/26971\/revisions"}],"predecessor-version":[{"id":26978,"href":"https:\/\/www.freeshopfrontiera.ch\/fr\/wp-json\/wp\/v2\/product\/26971\/revisions\/26978"}],"wp:featuredmedia":[{"embeddable":true,"href":"https:\/\/www.freeshopfrontiera.ch\/fr\/wp-json\/wp\/v2\/media\/27167"}],"wp:attachment":[{"href":"https:\/\/www.freeshopfrontiera.ch\/fr\/wp-json\/wp\/v2\/media?parent=26971"}],"wp:term":[{"taxonomy":"pwb-brand","embeddable":true,"href":"https:\/\/www.freeshopfrontiera.ch\/fr\/wp-json\/wp\/v2\/pwb-brand?post=26971"},{"taxonomy":"product_brand","embeddable":true,"href":"https:\/\/www.freeshopfrontiera.ch\/fr\/wp-json\/wp\/v2\/product_brand?post=26971"},{"taxonomy":"product_cat","embeddable":true,"href":"https:\/\/www.freeshopfrontiera.ch\/fr\/wp-json\/wp\/v2\/product_cat?post=26971"},{"taxonomy":"product_tag","embeddable":true,"href":"https:\/\/www.freeshopfrontiera.ch\/fr\/wp-json\/wp\/v2\/product_tag?post=26971"}],"curies":[{"name":"wp","href":"https:\/\/api.w.org\/{rel}","templated":true}]}}