{"id":27104,"date":"2025-04-18T11:04:43","date_gmt":"2025-04-18T11:04:43","guid":{"rendered":"https:\/\/www.freeshopfrontiera.ch\/shop\/tom-ford-vanilla-sex\/"},"modified":"2025-04-18T11:16:38","modified_gmt":"2025-04-18T11:16:38","slug":"tom-ford-vanilla-sex","status":"publish","type":"product","link":"https:\/\/www.freeshopfrontiera.ch\/fr\/shop\/tom-ford-vanilla-sex\/","title":{"rendered":"TOM FORD Vanilla Sex"},"content":{"rendered":"<h3 class=\"\" data-start=\"2872\" data-end=\"2950\">TOM FORD Vanilla Sex Eau de Parfum \u2013 La vanille r\u00e9invent\u00e9e avec sensualit\u00e9<\/h3>\n<p class=\"\" data-start=\"2952\" data-end=\"3176\"><strong data-start=\"2952\" data-end=\"2990\">TOM FORD Vanilla Sex Eau de Parfum<\/strong> est un parfum intense et envo\u00fbtant qui d\u00e9voile la facette la plus sensuelle de la vanille. Issu de la collection Private Blend, ce parfum unisexe s\u00e9duit par sa profondeur et son audace.<\/p>\n<p class=\"\" data-start=\"3178\" data-end=\"3471\">L\u2019ouverture d\u00e9voile des notes cr\u00e9meuses et \u00e9pic\u00e9es, suivies d\u2019un c\u0153ur compos\u00e9 de <strong data-start=\"3259\" data-end=\"3276\">vanille noire<\/strong> et <strong data-start=\"3280\" data-end=\"3312\">d\u2019absolue de fleur d\u2019oranger<\/strong>, pour un effet chaud et gourmand. Le fond, sensuel et persistant, marie <strong data-start=\"3385\" data-end=\"3400\">bois ambr\u00e9s<\/strong>, <strong data-start=\"3402\" data-end=\"3415\">cuir doux<\/strong> et <strong data-start=\"3419\" data-end=\"3428\">muscs<\/strong>, pour une signature olfactive inoubliable.<\/p>\n<p class=\"\" data-start=\"3473\" data-end=\"3661\"><strong data-start=\"3473\" data-end=\"3488\">Vanilla Sex<\/strong> n\u2019est pas une vanille sucr\u00e9e classique : elle est charnelle, sophistiqu\u00e9e et r\u00e9solument luxueuse. Parfaite pour le soir ou pour marquer les esprits avec un parfum puissant.<\/p>\n<p class=\"\" data-start=\"3663\" data-end=\"3800\">Le flacon, \u00e9l\u00e9gant et minimaliste, refl\u00e8te l\u2019esth\u00e9tique raffin\u00e9e de TOM FORD. Son nom audacieux incarne l\u2019esprit sensuel de la fragrance.<\/p>\n<p class=\"\" data-start=\"3802\" data-end=\"3946\">Commandez <strong data-start=\"3812\" data-end=\"3850\">Vanilla Sex Eau de Parfum<\/strong> sur notre boutique en ligne.<\/p>\n<pre id=\"tw-target-text\" class=\"tw-data-text tw-text-large tw-ta\" dir=\"ltr\" data-placeholder=\"Traduzione\" data-ved=\"2ahUKEwifv6jvw96MAxXH3gIHHWyFGqAQ3ewLegQICBAV\" aria-label=\"Testo tradotto: Suivez toute notre actualit\u00e9 !\"><span class=\"Y2IQFc\" lang=\"fr\">Suivez totue notre actualit\u00e9! <\/span><a href=\"https:\/\/www.instagram.com\/freeshopswiss\/\" target=\"_blank\" rel=\"noopener\">@freeshopswiss<\/a><\/pre>\n","protected":false},"excerpt":{"rendered":"<p>TOM FORD Vanilla Sex est un parfum audacieux et envo\u00fbtant, o\u00f9 la vanille s\u2019allie au cuir, aux \u00e9pices et aux muscs pour un sillage riche et sensuel.<\/p>\n","protected":false},"featured_media":27163,"comment_status":"open","ping_status":"closed","template":"","meta":[],"pwb-brand":[396],"product_brand":[],"product_cat":[103,87,109],"product_tag":[252,296,4348,5050,789,490,559,97,5074],"class_list":{"0":"post-27104","1":"product","2":"type-product","3":"status-publish","4":"has-post-thumbnail","6":"pwb-brand-tom-ford","7":"product_cat-nouveaute","8":"product_cat-parfums","9":"product_cat-pour-elle","10":"product_tag-eau-de-parfum-fr","11":"product_tag-femme","12":"product_tag-fete-des-femmes","13":"product_tag-fete-des-meres","14":"product_tag-womens-fragrances-fr","15":"product_tag-nouveautes-parfums","16":"product_tag-nouveautes-femmes","17":"product_tag-parfums","18":"product_tag-parfums-pour-la-fete-des-meres","20":"first","21":"instock","22":"sale","23":"taxable","24":"shipping-taxable","25":"purchasable","26":"product-type-variable","27":"has-default-attributes"},"brands":[{"id":396,"name":"Tom Ford","slug":"tom-ford"}],"_links":{"self":[{"href":"https:\/\/www.freeshopfrontiera.ch\/fr\/wp-json\/wp\/v2\/product\/27104","targetHints":{"allow":["GET"]}}],"collection":[{"href":"https:\/\/www.freeshopfrontiera.ch\/fr\/wp-json\/wp\/v2\/product"}],"about":[{"href":"https:\/\/www.freeshopfrontiera.ch\/fr\/wp-json\/wp\/v2\/types\/product"}],"replies":[{"embeddable":true,"href":"https:\/\/www.freeshopfrontiera.ch\/fr\/wp-json\/wp\/v2\/comments?post=27104"}],"version-history":[{"count":2,"href":"https:\/\/www.freeshopfrontiera.ch\/fr\/wp-json\/wp\/v2\/product\/27104\/revisions"}],"predecessor-version":[{"id":27128,"href":"https:\/\/www.freeshopfrontiera.ch\/fr\/wp-json\/wp\/v2\/product\/27104\/revisions\/27128"}],"wp:featuredmedia":[{"embeddable":true,"href":"https:\/\/www.freeshopfrontiera.ch\/fr\/wp-json\/wp\/v2\/media\/27163"}],"wp:attachment":[{"href":"https:\/\/www.freeshopfrontiera.ch\/fr\/wp-json\/wp\/v2\/media?parent=27104"}],"wp:term":[{"taxonomy":"pwb-brand","embeddable":true,"href":"https:\/\/www.freeshopfrontiera.ch\/fr\/wp-json\/wp\/v2\/pwb-brand?post=27104"},{"taxonomy":"product_brand","embeddable":true,"href":"https:\/\/www.freeshopfrontiera.ch\/fr\/wp-json\/wp\/v2\/product_brand?post=27104"},{"taxonomy":"product_cat","embeddable":true,"href":"https:\/\/www.freeshopfrontiera.ch\/fr\/wp-json\/wp\/v2\/product_cat?post=27104"},{"taxonomy":"product_tag","embeddable":true,"href":"https:\/\/www.freeshopfrontiera.ch\/fr\/wp-json\/wp\/v2\/product_tag?post=27104"}],"curies":[{"name":"wp","href":"https:\/\/api.w.org\/{rel}","templated":true}]}}