{"id":27232,"date":"2025-04-18T12:39:23","date_gmt":"2025-04-18T12:39:23","guid":{"rendered":"https:\/\/www.freeshopfrontiera.ch\/shop\/tom-ford-black-orchid\/"},"modified":"2025-04-18T12:44:25","modified_gmt":"2025-04-18T12:44:25","slug":"tom-ford-black-orchid","status":"publish","type":"product","link":"https:\/\/www.freeshopfrontiera.ch\/fr\/shop\/tom-ford-black-orchid\/","title":{"rendered":"TOM FORD Black Orchid"},"content":{"rendered":"<h3 class=\"\" data-start=\"1795\" data-end=\"1880\">TOM FORD Black Orchid Eau de Parfum \u2013 L\u2019\u00e9l\u00e9gance myst\u00e9rieuse d\u2019un parfum iconique<\/h3>\n<p class=\"\" data-start=\"1882\" data-end=\"2168\"><strong data-start=\"1882\" data-end=\"1921\">TOM FORD Black Orchid Eau de Parfum<\/strong> est un parfum intense, sensuel et sophistiqu\u00e9, devenu un symbole du luxe contemporain. Con\u00e7u pour ceux qui veulent se d\u00e9marquer avec \u00e9l\u00e9gance, ce parfum unisexe est id\u00e9al pour les amateurs de fragrances audacieuses, enveloppantes et inoubliables.<\/p>\n<p class=\"\" data-start=\"2170\" data-end=\"2526\">La composition de <strong data-start=\"2188\" data-end=\"2204\">Black Orchid<\/strong> s\u2019ouvre sur des notes de truffe noire et d\u2019ylang-ylang, sublim\u00e9es par des accents fruit\u00e9s de cassis et de bergamote. Au c\u0153ur, l\u2019orchid\u00e9e noire rare se m\u00eale \u00e0 des touches florales et \u00e9pic\u00e9es. En fond, l\u2019encens, le patchouli, le v\u00e9tiver, la vanille et le chocolat noir offrent une profondeur et une sensualit\u00e9 remarquables.<\/p>\n<p class=\"\" data-start=\"2528\" data-end=\"2874\">Cette <strong data-start=\"2534\" data-end=\"2551\">Eau de Parfum<\/strong> est parfaite pour les occasions sp\u00e9ciales ou pour ceux qui recherchent un parfum de caract\u00e8re. Le flacon noir orn\u00e9 de d\u00e9tails dor\u00e9s refl\u00e8te parfaitement l\u2019\u00e2me luxueuse et myst\u00e9rieuse de la fragrance. Disponible en formats 30 ml, 50 ml et 100 ml, c\u2019est un incontournable pour les passionn\u00e9s de parfums intenses et opulents.<\/p>\n<p class=\"\" data-start=\"2876\" data-end=\"3098\"><strong data-start=\"2876\" data-end=\"2901\">TOM FORD Black Orchid<\/strong> est bien plus qu\u2019un parfum : c\u2019est une exp\u00e9rience olfactive m\u00ealant \u00e9l\u00e9gance, sensualit\u00e9 et puissance d\u2019expression. Parfait pour les soir\u00e9es, inoubliable aussi en journ\u00e9e pour ceux qui aiment oser.<\/p>\n<p class=\"\" data-start=\"3100\" data-end=\"3334\">Commandez d\u00e8s maintenant <strong data-start=\"3125\" data-end=\"3164\">TOM FORD Black Orchid Eau de Parfum<\/strong> sur notre boutique en ligne et laissez-vous s\u00e9duire par une fragrance intemporelle.<\/p>\n<pre id=\"tw-target-text\" class=\"tw-data-text tw-text-large tw-ta\" dir=\"ltr\" data-placeholder=\"Traduzione\" data-ved=\"2ahUKEwiR5PKk4tyMAxVC1QIHHdE-H0AQ3ewLegQICBAV\" aria-label=\"Testo tradotto: Suivez toute notre actualit\u00e9 !\"><span class=\"Y2IQFc\" lang=\"fr\">Suivez toute notre actualit\u00e9! <\/span><a href=\"https:\/\/www.instagram.com\/freeshopswiss\/\" target=\"_blank\" rel=\"noopener\">@freeshopswiss<\/a><\/pre>\n","protected":false},"excerpt":{"rendered":"<p>Parfum unisexe iconique et raffin\u00e9, TOM FORD Black Orchid marie truffe noire, orchid\u00e9e, \u00e9pices et chocolat noir pour une \u00e9l\u00e9gance audacieuse.<\/p>\n","protected":false},"featured_media":27225,"comment_status":"open","ping_status":"closed","template":"","meta":[],"pwb-brand":[396],"product_brand":[],"product_cat":[87,109,89],"product_tag":[252,296,789,1629,143,97,594],"class_list":{"0":"post-27232","1":"product","2":"type-product","3":"status-publish","4":"has-post-thumbnail","6":"pwb-brand-tom-ford","7":"product_cat-parfums","8":"product_cat-pour-elle","9":"product_cat-pour-lui","10":"product_tag-eau-de-parfum-fr","11":"product_tag-femme","12":"product_tag-womens-fragrances-fr","13":"product_tag-mens-fragrances-fr","14":"product_tag-homme","15":"product_tag-parfums","16":"product_tag-unisex-fr-2","18":"first","19":"instock","20":"sale","21":"taxable","22":"shipping-taxable","23":"purchasable","24":"product-type-variable","25":"has-default-attributes"},"brands":[{"id":396,"name":"Tom Ford","slug":"tom-ford"}],"_links":{"self":[{"href":"https:\/\/www.freeshopfrontiera.ch\/fr\/wp-json\/wp\/v2\/product\/27232","targetHints":{"allow":["GET"]}}],"collection":[{"href":"https:\/\/www.freeshopfrontiera.ch\/fr\/wp-json\/wp\/v2\/product"}],"about":[{"href":"https:\/\/www.freeshopfrontiera.ch\/fr\/wp-json\/wp\/v2\/types\/product"}],"replies":[{"embeddable":true,"href":"https:\/\/www.freeshopfrontiera.ch\/fr\/wp-json\/wp\/v2\/comments?post=27232"}],"version-history":[{"count":1,"href":"https:\/\/www.freeshopfrontiera.ch\/fr\/wp-json\/wp\/v2\/product\/27232\/revisions"}],"predecessor-version":[{"id":27242,"href":"https:\/\/www.freeshopfrontiera.ch\/fr\/wp-json\/wp\/v2\/product\/27232\/revisions\/27242"}],"wp:featuredmedia":[{"embeddable":true,"href":"https:\/\/www.freeshopfrontiera.ch\/fr\/wp-json\/wp\/v2\/media\/27225"}],"wp:attachment":[{"href":"https:\/\/www.freeshopfrontiera.ch\/fr\/wp-json\/wp\/v2\/media?parent=27232"}],"wp:term":[{"taxonomy":"pwb-brand","embeddable":true,"href":"https:\/\/www.freeshopfrontiera.ch\/fr\/wp-json\/wp\/v2\/pwb-brand?post=27232"},{"taxonomy":"product_brand","embeddable":true,"href":"https:\/\/www.freeshopfrontiera.ch\/fr\/wp-json\/wp\/v2\/product_brand?post=27232"},{"taxonomy":"product_cat","embeddable":true,"href":"https:\/\/www.freeshopfrontiera.ch\/fr\/wp-json\/wp\/v2\/product_cat?post=27232"},{"taxonomy":"product_tag","embeddable":true,"href":"https:\/\/www.freeshopfrontiera.ch\/fr\/wp-json\/wp\/v2\/product_tag?post=27232"}],"curies":[{"name":"wp","href":"https:\/\/api.w.org\/{rel}","templated":true}]}}