{"id":27256,"date":"2025-04-18T12:55:02","date_gmt":"2025-04-18T12:55:02","guid":{"rendered":"https:\/\/www.freeshopfrontiera.ch\/shop\/lattafa-ajwad-eau-de-parfum-60ml\/"},"modified":"2025-05-21T15:43:33","modified_gmt":"2025-05-21T15:43:33","slug":"lattafa-ajwad-eau-de-parfum-60ml","status":"publish","type":"product","link":"https:\/\/www.freeshopfrontiera.ch\/fr\/shop\/lattafa-ajwad-eau-de-parfum-60ml\/","title":{"rendered":"LATTAFA Ajwad Eau de Parfum 60ml"},"content":{"rendered":"<p class=\"\" data-start=\"0\" data-end=\"294\"><strong data-start=\"0\" data-end=\"31\">LATTAFA Ajwad Eau de Parfum<\/strong> est une fragrance enveloppante et s\u00e9duisante, con\u00e7ue pour celles et ceux qui appr\u00e9cient les parfums riches en caract\u00e8re. Dans ce flacon \u00e9l\u00e9gant de 60 ml se cache une essence capable d\u2019envo\u00fbter les sens et de laisser une empreinte marquante partout o\u00f9 l\u2019on passe.<\/p>\n<p class=\"\" data-start=\"296\" data-end=\"666\">Le parfum s\u2019ouvre sur des notes fruit\u00e9es douces et lumineuses, qui captent imm\u00e9diatement l\u2019attention. Fra\u00eeches et d\u00e9licates, elles offrent un d\u00e9part vif sans jamais \u00eatre envahissantes. Ensuite, le c\u0153ur de la fragrance d\u00e9voile des nuances florales raffin\u00e9es et subtiles. La rose et le jasmin apportent une touche romantique, tandis que l\u2019ambre diffuse chaleur et myst\u00e8re.<\/p>\n<p class=\"\" data-start=\"668\" data-end=\"970\">En fond, la fragrance repose sur une base enveloppante de musc, de bois pr\u00e9cieux et de vanille. Ces notes chaudes et sensuelles conf\u00e8rent \u00e0 <strong data-start=\"808\" data-end=\"817\">Ajwad<\/strong> une longue tenue et une pr\u00e9sence affirm\u00e9e. Id\u00e9ale pour l\u2019automne et l\u2019hiver, elle accompagne parfaitement les soir\u00e9es \u00e9l\u00e9gantes ou les moments sp\u00e9ciaux.<\/p>\n<p class=\"\" data-start=\"972\" data-end=\"1260\"><strong data-start=\"972\" data-end=\"989\">LATTAFA Ajwad<\/strong> est un choix parfait pour celles et ceux qui recherchent un parfum oriental moderne, avec une touche exotique et une excellente persistance. Sa composition \u00e9quilibr\u00e9e le rend adapt\u00e9 aussi bien aux femmes qu\u2019aux hommes, laissant dans son sillage une \u00e9l\u00e9gance myst\u00e9rieuse.<\/p>\n<p class=\"\" data-start=\"1262\" data-end=\"1480\">Le design du flacon, raffin\u00e9 et soigneusement d\u00e9cor\u00e9, refl\u00e8te le caract\u00e8re pr\u00e9cieux de son contenu. C\u2019est un parfum qui ne passe pas inaper\u00e7u, parfait \u00e9galement comme id\u00e9e cadeau pour les amateurs de senteurs intenses.<\/p>\n<p class=\"\" data-start=\"1482\" data-end=\"1694\">Avec <strong data-start=\"1487\" data-end=\"1507\">Ajwad de LATTAFA<\/strong>, chaque vaporisation est une invitation \u00e0 d\u00e9couvrir de nouvelles \u00e9motions et \u00e0 laisser une empreinte. Une essence qui raconte des histoires de charme, d\u2019\u00e9l\u00e9gance et de passion orientale.<\/p>\n<p data-start=\"1449\" data-end=\"1617\">Follow us! !\u00a0<a href=\"https:\/\/www.instagram.com\/freeshopswiss\/\" target=\"_blank\" rel=\"noopener\">@freeshopswiss<\/a><\/p>\n","protected":false},"excerpt":{"rendered":"<p><em><strong>Eau de Parfum<\/strong><\/em><\/p>\n","protected":false},"featured_media":27248,"comment_status":"open","ping_status":"closed","template":"","meta":[],"pwb-brand":[772],"product_brand":[],"product_cat":[87,109,89],"product_tag":[252,296,789,1629,143,97],"class_list":{"0":"post-27256","1":"product","2":"type-product","3":"status-publish","4":"has-post-thumbnail","6":"pwb-brand-lattafa","7":"product_cat-parfums","8":"product_cat-pour-elle","9":"product_cat-pour-lui","10":"product_tag-eau-de-parfum-fr","11":"product_tag-femme","12":"product_tag-womens-fragrances-fr","13":"product_tag-mens-fragrances-fr","14":"product_tag-homme","15":"product_tag-parfums","17":"first","18":"outofstock","19":"sale","20":"taxable","21":"shipping-taxable","22":"purchasable","23":"product-type-simple"},"brands":[{"id":772,"name":"Lattafa","slug":"lattafa"}],"_links":{"self":[{"href":"https:\/\/www.freeshopfrontiera.ch\/fr\/wp-json\/wp\/v2\/product\/27256","targetHints":{"allow":["GET"]}}],"collection":[{"href":"https:\/\/www.freeshopfrontiera.ch\/fr\/wp-json\/wp\/v2\/product"}],"about":[{"href":"https:\/\/www.freeshopfrontiera.ch\/fr\/wp-json\/wp\/v2\/types\/product"}],"replies":[{"embeddable":true,"href":"https:\/\/www.freeshopfrontiera.ch\/fr\/wp-json\/wp\/v2\/comments?post=27256"}],"version-history":[{"count":3,"href":"https:\/\/www.freeshopfrontiera.ch\/fr\/wp-json\/wp\/v2\/product\/27256\/revisions"}],"predecessor-version":[{"id":31081,"href":"https:\/\/www.freeshopfrontiera.ch\/fr\/wp-json\/wp\/v2\/product\/27256\/revisions\/31081"}],"wp:featuredmedia":[{"embeddable":true,"href":"https:\/\/www.freeshopfrontiera.ch\/fr\/wp-json\/wp\/v2\/media\/27248"}],"wp:attachment":[{"href":"https:\/\/www.freeshopfrontiera.ch\/fr\/wp-json\/wp\/v2\/media?parent=27256"}],"wp:term":[{"taxonomy":"pwb-brand","embeddable":true,"href":"https:\/\/www.freeshopfrontiera.ch\/fr\/wp-json\/wp\/v2\/pwb-brand?post=27256"},{"taxonomy":"product_brand","embeddable":true,"href":"https:\/\/www.freeshopfrontiera.ch\/fr\/wp-json\/wp\/v2\/product_brand?post=27256"},{"taxonomy":"product_cat","embeddable":true,"href":"https:\/\/www.freeshopfrontiera.ch\/fr\/wp-json\/wp\/v2\/product_cat?post=27256"},{"taxonomy":"product_tag","embeddable":true,"href":"https:\/\/www.freeshopfrontiera.ch\/fr\/wp-json\/wp\/v2\/product_tag?post=27256"}],"curies":[{"name":"wp","href":"https:\/\/api.w.org\/{rel}","templated":true}]}}