{"id":27409,"date":"2025-04-18T15:02:06","date_gmt":"2025-04-18T15:02:06","guid":{"rendered":"https:\/\/www.freeshopfrontiera.ch\/shop\/mercedesbenz-sign-your-power\/"},"modified":"2025-04-18T15:54:21","modified_gmt":"2025-04-18T15:54:21","slug":"mercedesbenz-sign-your-power","status":"publish","type":"product","link":"https:\/\/www.freeshopfrontiera.ch\/fr\/shop\/mercedesbenz-sign-your-power\/","title":{"rendered":"MERCEDES-BENZ SET Sign Your Power"},"content":{"rendered":"<p class=\"\" data-start=\"3612\" data-end=\"3892\">Le <strong data-start=\"3615\" data-end=\"3703\">coffret Mercedes-Benz Sign Your Power Eau de Parfum Intense 100ml + Gel Douche 100ml<\/strong> incarne la force int\u00e9rieure et l\u2019\u00e9l\u00e9gance moderne. Cette fragrance intense et captivante c\u00e9l\u00e8bre la d\u00e9termination et la confiance, en alliant fra\u00eecheur dynamique et raffinement intemporel.<\/p>\n<p class=\"\" data-start=\"3894\" data-end=\"4141\">L\u2019eau de parfum s\u2019ouvre sur des notes de t\u00eate lumineuses et \u00e9clatantes, suivies d\u2019un c\u0153ur floral et \u00e9pic\u00e9 qui r\u00e9v\u00e8le toute la personnalit\u00e9 du parfum. La base d\u00e9voile des bois nobles et des muscs enveloppants pour une tenue durable et sophistiqu\u00e9e.<\/p>\n<p class=\"\" data-start=\"4143\" data-end=\"4408\">Le gel douche compl\u00e8te l\u2019exp\u00e9rience sensorielle en nettoyant d\u00e9licatement la peau tout en la parfumant subtilement. Pr\u00e9sent\u00e9 dans un \u00e9l\u00e9gant flacon de 100 ml accompagn\u00e9 d\u2019un gel douche pratique, ce coffret est id\u00e9al comme cadeau ou pour compl\u00e9ter sa routine beaut\u00e9.<\/p>\n<p class=\"\" data-start=\"4410\" data-end=\"4649\">Pens\u00e9 pour l\u2019homme moderne, ambitieux et s\u00fbr de lui, ce coffret <strong data-start=\"4474\" data-end=\"4499\">Mercedes-Benz Parfums<\/strong> marie design raffin\u00e9 et excellence olfactive. \u00ab\u00a0Sign Your Power\u00a0\u00bb est bien plus qu\u2019un parfum : c\u2019est une affirmation de soi, une signature personnelle.<\/p>\n<p class=\"\" data-start=\"4651\" data-end=\"4788\">D\u00e9couvrez la puissance et le charme de la collection Mercedes-Benz, con\u00e7ue pour ceux qui souhaitent affirmer leur style avec distinction.<\/p>\n<p data-start=\"1458\" data-end=\"1557\">Suivez toute notre actualit\u00e9 ! <a href=\"https:\/\/www.instagram.com\/freeshopswiss\/\" target=\"_blank\" rel=\"noopener\">@freeshopswiss<\/a><\/p>\n","protected":false},"excerpt":{"rendered":"<p>Coffret parfum et gel douche Mercedes-Benz. Intensit\u00e9, \u00e9l\u00e9gance et caract\u00e8re dans une pr\u00e9sentation parfaite \u00e0 offrir.<\/p>\n","protected":false},"featured_media":27405,"comment_status":"open","ping_status":"closed","template":"","meta":[],"pwb-brand":[402],"product_brand":[],"product_cat":[89,484],"product_tag":[464,252,1629,143],"class_list":{"0":"post-27409","1":"product","2":"type-product","3":"status-publish","4":"has-post-thumbnail","6":"pwb-brand-mercedes-benz","7":"product_cat-pour-lui","8":"product_cat-coffret","9":"product_tag-coffret-homme","10":"product_tag-eau-de-parfum-fr","11":"product_tag-mens-fragrances-fr","12":"product_tag-homme","14":"first","15":"outofstock","16":"sale","17":"taxable","18":"shipping-taxable","19":"purchasable","20":"product-type-simple"},"brands":[{"id":402,"name":"Mercedes Benz","slug":"mercedes-benz"}],"_links":{"self":[{"href":"https:\/\/www.freeshopfrontiera.ch\/fr\/wp-json\/wp\/v2\/product\/27409","targetHints":{"allow":["GET"]}}],"collection":[{"href":"https:\/\/www.freeshopfrontiera.ch\/fr\/wp-json\/wp\/v2\/product"}],"about":[{"href":"https:\/\/www.freeshopfrontiera.ch\/fr\/wp-json\/wp\/v2\/types\/product"}],"replies":[{"embeddable":true,"href":"https:\/\/www.freeshopfrontiera.ch\/fr\/wp-json\/wp\/v2\/comments?post=27409"}],"version-history":[{"count":3,"href":"https:\/\/www.freeshopfrontiera.ch\/fr\/wp-json\/wp\/v2\/product\/27409\/revisions"}],"predecessor-version":[{"id":27458,"href":"https:\/\/www.freeshopfrontiera.ch\/fr\/wp-json\/wp\/v2\/product\/27409\/revisions\/27458"}],"wp:featuredmedia":[{"embeddable":true,"href":"https:\/\/www.freeshopfrontiera.ch\/fr\/wp-json\/wp\/v2\/media\/27405"}],"wp:attachment":[{"href":"https:\/\/www.freeshopfrontiera.ch\/fr\/wp-json\/wp\/v2\/media?parent=27409"}],"wp:term":[{"taxonomy":"pwb-brand","embeddable":true,"href":"https:\/\/www.freeshopfrontiera.ch\/fr\/wp-json\/wp\/v2\/pwb-brand?post=27409"},{"taxonomy":"product_brand","embeddable":true,"href":"https:\/\/www.freeshopfrontiera.ch\/fr\/wp-json\/wp\/v2\/product_brand?post=27409"},{"taxonomy":"product_cat","embeddable":true,"href":"https:\/\/www.freeshopfrontiera.ch\/fr\/wp-json\/wp\/v2\/product_cat?post=27409"},{"taxonomy":"product_tag","embeddable":true,"href":"https:\/\/www.freeshopfrontiera.ch\/fr\/wp-json\/wp\/v2\/product_tag?post=27409"}],"curies":[{"name":"wp","href":"https:\/\/api.w.org\/{rel}","templated":true}]}}