{"id":27440,"date":"2025-04-18T15:36:06","date_gmt":"2025-04-18T15:36:06","guid":{"rendered":"https:\/\/www.freeshopfrontiera.ch\/shop\/liu-jo-set-divine-poppy\/"},"modified":"2025-04-18T15:40:26","modified_gmt":"2025-04-18T15:40:26","slug":"liu-jo-set-divine-poppy","status":"publish","type":"product","link":"https:\/\/www.freeshopfrontiera.ch\/fr\/shop\/liu-jo-set-divine-poppy\/","title":{"rendered":"LIU JO SET Divine Poppy"},"content":{"rendered":"<p class=\"\" data-start=\"3129\" data-end=\"3351\">Le coffret LIU JO Divine Poppy est une invitation \u00e0 la f\u00e9minit\u00e9, \u00e0 la fra\u00eecheur et au bien-\u00eatre quotidien. Un duo \u00e9l\u00e9gant et raffin\u00e9 qui allie plaisir olfactif et soin de la peau. Parfait \u00e0 offrir ou pour se faire plaisir.<\/p>\n<p class=\"\" data-start=\"3353\" data-end=\"3391\">Il contient deux produits assortis :<\/p>\n<ul data-start=\"3392\" data-end=\"3503\">\n<li class=\"\" data-start=\"3392\" data-end=\"3445\">\n<p class=\"\" data-start=\"3394\" data-end=\"3445\"><strong data-start=\"3394\" data-end=\"3418\">Brume Parfum\u00e9e 200ml<\/strong>, une eau parfum\u00e9e l\u00e9g\u00e8re<\/p>\n<\/li>\n<li class=\"\" data-start=\"3446\" data-end=\"3503\">\n<p class=\"\" data-start=\"3448\" data-end=\"3503\"><strong data-start=\"3448\" data-end=\"3468\">Lait Corps 200ml<\/strong>, une lotion hydratante et parfum\u00e9e<\/p>\n<\/li>\n<\/ul>\n<p class=\"\" data-start=\"3505\" data-end=\"3755\">Le parfum s\u2019inspire de la l\u00e9g\u00e8ret\u00e9 du coquelicot, symbole de gr\u00e2ce et de libert\u00e9. Les notes de t\u00eate sont florales et lumineuses, avec une touche p\u00e9tillante. Le c\u0153ur est doux et f\u00e9minin, tandis que le fond d\u00e9pose un voile sucr\u00e9 et d\u00e9licat sur la peau.<\/p>\n<p class=\"\" data-start=\"3757\" data-end=\"3951\">La <strong data-start=\"3760\" data-end=\"3778\">Brume Parfum\u00e9e<\/strong> est id\u00e9ale pour rafra\u00eechir la peau \u00e0 tout moment. Sa formule l\u00e9g\u00e8re ne surcharge pas et laisse un sillage discret mais durable. Convient aussi aux cheveux ou aux v\u00eatements.<\/p>\n<p class=\"\" data-start=\"3953\" data-end=\"4190\">Le <strong data-start=\"3956\" data-end=\"3970\">Lait Corps<\/strong> compl\u00e8te l\u2019exp\u00e9rience sensorielle avec une texture douce et velout\u00e9e. Il nourrit la peau, la rend lisse et soyeuse, tout en laissant un parfum subtil. Utilis\u00e9 avec la brume, il intensifie et prolonge la tenue du parfum.<\/p>\n<p class=\"\" data-start=\"4192\" data-end=\"4319\">Le packaging est \u00e9l\u00e9gant, moderne et f\u00e9minin. Un coffret pens\u00e9 pour sublimer votre routine quotidienne en un moment de plaisir.<\/p>\n<p class=\"\" data-start=\"4321\" data-end=\"4495\">LIU JO Divine Poppy est id\u00e9al pour celles qui aiment les parfums d\u00e9licats avec du caract\u00e8re. Une excellente id\u00e9e cadeau pour toutes les occasions, ou un joli rituel pour soi.<\/p>\n<p data-start=\"1582\" data-end=\"1749\">Follow us! <a href=\"https:\/\/www.instagram.com\/freeshopswiss\/\" target=\"_blank\" rel=\"noopener\">@freeshopswiss<\/a><\/p>\n","protected":false},"excerpt":{"rendered":"<p>Le coffret LIU JO Divine Poppy est une invitation \u00e0 la f\u00e9minit\u00e9, \u00e0 la fra\u00eecheur et au bien-\u00eatre quotidien. Un duo \u00e9l\u00e9gant et raffin\u00e9 qui allie plaisir olfactif et soin de la peau. Parfait \u00e0 offrir ou pour se faire plaisir. Il contient deux produits assortis : Brume Parfum\u00e9e 200ml, une eau parfum\u00e9e l\u00e9g\u00e8re Lait [&hellip;]<\/p>\n","protected":false},"featured_media":27434,"comment_status":"open","ping_status":"closed","template":"","meta":[],"pwb-brand":[266],"product_brand":[],"product_cat":[109,484],"product_tag":[459,461,296],"class_list":{"0":"post-27440","1":"product","2":"type-product","3":"status-publish","4":"has-post-thumbnail","6":"pwb-brand-liu-jo","7":"product_cat-pour-elle","8":"product_cat-coffret","9":"product_tag-coffret","10":"product_tag-coffrets-femme","11":"product_tag-femme","13":"first","14":"instock","15":"sale","16":"taxable","17":"shipping-taxable","18":"purchasable","19":"product-type-simple"},"brands":[{"id":266,"name":"Liu Jo","slug":"liu-jo"}],"_links":{"self":[{"href":"https:\/\/www.freeshopfrontiera.ch\/fr\/wp-json\/wp\/v2\/product\/27440","targetHints":{"allow":["GET"]}}],"collection":[{"href":"https:\/\/www.freeshopfrontiera.ch\/fr\/wp-json\/wp\/v2\/product"}],"about":[{"href":"https:\/\/www.freeshopfrontiera.ch\/fr\/wp-json\/wp\/v2\/types\/product"}],"replies":[{"embeddable":true,"href":"https:\/\/www.freeshopfrontiera.ch\/fr\/wp-json\/wp\/v2\/comments?post=27440"}],"version-history":[{"count":2,"href":"https:\/\/www.freeshopfrontiera.ch\/fr\/wp-json\/wp\/v2\/product\/27440\/revisions"}],"predecessor-version":[{"id":27446,"href":"https:\/\/www.freeshopfrontiera.ch\/fr\/wp-json\/wp\/v2\/product\/27440\/revisions\/27446"}],"wp:featuredmedia":[{"embeddable":true,"href":"https:\/\/www.freeshopfrontiera.ch\/fr\/wp-json\/wp\/v2\/media\/27434"}],"wp:attachment":[{"href":"https:\/\/www.freeshopfrontiera.ch\/fr\/wp-json\/wp\/v2\/media?parent=27440"}],"wp:term":[{"taxonomy":"pwb-brand","embeddable":true,"href":"https:\/\/www.freeshopfrontiera.ch\/fr\/wp-json\/wp\/v2\/pwb-brand?post=27440"},{"taxonomy":"product_brand","embeddable":true,"href":"https:\/\/www.freeshopfrontiera.ch\/fr\/wp-json\/wp\/v2\/product_brand?post=27440"},{"taxonomy":"product_cat","embeddable":true,"href":"https:\/\/www.freeshopfrontiera.ch\/fr\/wp-json\/wp\/v2\/product_cat?post=27440"},{"taxonomy":"product_tag","embeddable":true,"href":"https:\/\/www.freeshopfrontiera.ch\/fr\/wp-json\/wp\/v2\/product_tag?post=27440"}],"curies":[{"name":"wp","href":"https:\/\/api.w.org\/{rel}","templated":true}]}}