{"id":27531,"date":"2025-04-22T08:20:13","date_gmt":"2025-04-22T08:20:13","guid":{"rendered":"https:\/\/www.freeshopfrontiera.ch\/shop\/shiseido-ultimune-power-infusing-serum-4-0\/"},"modified":"2025-04-22T08:31:20","modified_gmt":"2025-04-22T08:31:20","slug":"shiseido-ultimune-power-infusing-serum-4-0","status":"publish","type":"product","link":"https:\/\/www.freeshopfrontiera.ch\/fr\/shop\/shiseido-ultimune-power-infusing-serum-4-0\/","title":{"rendered":"SHISEIDO Ultimune Power Infusing Serum 4.0"},"content":{"rendered":"<p class=\"\" data-start=\"3198\" data-end=\"3454\"><strong data-start=\"3198\" data-end=\"3244\">SHISEIDO Ultimune Power Infusing Serum 4.0<\/strong> est le s\u00e9rum visage iconique qui renforce la peau de l\u2019int\u00e9rieur, booste ses d\u00e9fenses naturelles et am\u00e9liore visiblement son apparence. Un best-seller mondial, reconnu pour ses r\u00e9sultats imm\u00e9diats et durables.<\/p>\n<p class=\"\" data-start=\"3456\" data-end=\"3677\">Au c\u0153ur de la formule, la <strong data-start=\"3482\" data-end=\"3507\">technologie Ultimune\u2122<\/strong>, enrichie en extraits botaniques de <strong data-start=\"3544\" data-end=\"3561\">ginkgo biloba<\/strong>, <strong data-start=\"3563\" data-end=\"3572\">shiso<\/strong> et <strong data-start=\"3576\" data-end=\"3592\">thym sauvage<\/strong>, pour une peau plus r\u00e9sistante, souple et prot\u00e9g\u00e9e face aux agressions quotidiennes.<\/p>\n<p class=\"\" data-start=\"3679\" data-end=\"3949\">D\u00e8s la premi\u00e8re application, la peau para\u00eet <strong data-start=\"3723\" data-end=\"3760\">plus lisse, hydrat\u00e9e et lumineuse<\/strong>. Avec une utilisation r\u00e9guli\u00e8re, le teint devient plus uniforme, la texture s\u2019am\u00e9liore et la fermet\u00e9 se renforce. Les signes de fatigue s\u2019estompent pour un visage plus frais et plus jeune.<\/p>\n<p class=\"\" data-start=\"3951\" data-end=\"4091\">Sa texture l\u00e9g\u00e8re et soyeuse p\u00e9n\u00e8tre rapidement et laisse la peau douce et confortable. \u00c0 utiliser matin et soir avant votre soin hydratant.<\/p>\n<p class=\"\" data-start=\"4093\" data-end=\"4202\"><strong data-start=\"4093\" data-end=\"4109\">Ultimune 4.0<\/strong> convient \u00e0 tous les types de peau, m\u00eame sensibles. Test\u00e9 dermatologiquement. Non com\u00e9dog\u00e8ne.<\/p>\n<p class=\"\" data-start=\"4204\" data-end=\"4408\">Le flacon \u00e9l\u00e9gant et moderne refl\u00e8te la rencontre entre la tradition japonaise et la technologie de pointe en mati\u00e8re de soin. Chaque d\u00e9tail a \u00e9t\u00e9 pens\u00e9 pour offrir une exp\u00e9rience sensorielle d\u2019exception.<\/p>\n<p class=\"\" data-start=\"4410\" data-end=\"4571\">Id\u00e9al pour celles et ceux qui recherchent plus qu\u2019un simple soin hydratant. Un geste essentiel au quotidien pour une peau saine, \u00e9clatante et pleine de vitalit\u00e9.<\/p>\n<p class=\"\" data-start=\"4573\" data-end=\"4687\"><strong data-start=\"4573\" data-end=\"4619\">SHISEIDO Ultimune Power Infusing Serum 4.0<\/strong> : l\u2019\u00e9tape indispensable pour une beaut\u00e9 renouvel\u00e9e, de l\u2019int\u00e9rieur.<\/p>\n<p data-start=\"1605\" data-end=\"1718\">Follow us! <a href=\"https:\/\/www.instagram.com\/freeshopswiss\/\" target=\"_blank\" rel=\"noopener\">@freeshopswiss<\/a><\/p>\n","protected":false},"excerpt":{"rendered":"<p>SHISEIDO Ultimune Power Infusing Serum 4.0 est le s\u00e9rum visage iconique qui renforce la peau de l\u2019int\u00e9rieur, booste ses d\u00e9fenses naturelles et am\u00e9liore visiblement son apparence. Un best-seller mondial, reconnu pour ses r\u00e9sultats imm\u00e9diats et durables. Au c\u0153ur de la formule, la technologie Ultimune\u2122, enrichie en extraits botaniques de ginkgo biloba, shiso et thym sauvage, [&hellip;]<\/p>\n","protected":false},"featured_media":27507,"comment_status":"open","ping_status":"closed","template":"","meta":[],"pwb-brand":[312],"product_brand":[],"product_cat":[109,295,545],"product_tag":[481,296,417,301],"class_list":{"0":"post-27531","1":"product","2":"type-product","3":"status-publish","4":"has-post-thumbnail","6":"pwb-brand-shiseido","7":"product_cat-pour-elle","8":"product_cat-traitements","9":"product_cat-soin-du-visage","10":"product_tag-anti-rides-fr","11":"product_tag-femme","12":"product_tag-soins-fr","13":"product_tag-soins-du-visage","15":"first","16":"instock","17":"taxable","18":"shipping-taxable","19":"product-type-variable","20":"has-default-attributes"},"brands":[{"id":312,"name":"Shiseido","slug":"shiseido"}],"_links":{"self":[{"href":"https:\/\/www.freeshopfrontiera.ch\/fr\/wp-json\/wp\/v2\/product\/27531","targetHints":{"allow":["GET"]}}],"collection":[{"href":"https:\/\/www.freeshopfrontiera.ch\/fr\/wp-json\/wp\/v2\/product"}],"about":[{"href":"https:\/\/www.freeshopfrontiera.ch\/fr\/wp-json\/wp\/v2\/types\/product"}],"replies":[{"embeddable":true,"href":"https:\/\/www.freeshopfrontiera.ch\/fr\/wp-json\/wp\/v2\/comments?post=27531"}],"version-history":[{"count":3,"href":"https:\/\/www.freeshopfrontiera.ch\/fr\/wp-json\/wp\/v2\/product\/27531\/revisions"}],"predecessor-version":[{"id":27552,"href":"https:\/\/www.freeshopfrontiera.ch\/fr\/wp-json\/wp\/v2\/product\/27531\/revisions\/27552"}],"wp:featuredmedia":[{"embeddable":true,"href":"https:\/\/www.freeshopfrontiera.ch\/fr\/wp-json\/wp\/v2\/media\/27507"}],"wp:attachment":[{"href":"https:\/\/www.freeshopfrontiera.ch\/fr\/wp-json\/wp\/v2\/media?parent=27531"}],"wp:term":[{"taxonomy":"pwb-brand","embeddable":true,"href":"https:\/\/www.freeshopfrontiera.ch\/fr\/wp-json\/wp\/v2\/pwb-brand?post=27531"},{"taxonomy":"product_brand","embeddable":true,"href":"https:\/\/www.freeshopfrontiera.ch\/fr\/wp-json\/wp\/v2\/product_brand?post=27531"},{"taxonomy":"product_cat","embeddable":true,"href":"https:\/\/www.freeshopfrontiera.ch\/fr\/wp-json\/wp\/v2\/product_cat?post=27531"},{"taxonomy":"product_tag","embeddable":true,"href":"https:\/\/www.freeshopfrontiera.ch\/fr\/wp-json\/wp\/v2\/product_tag?post=27531"}],"curies":[{"name":"wp","href":"https:\/\/api.w.org\/{rel}","templated":true}]}}