{"id":27569,"date":"2025-04-22T08:56:56","date_gmt":"2025-04-22T08:56:56","guid":{"rendered":"https:\/\/www.freeshopfrontiera.ch\/shop\/grace-day-collagen-refreshing-gel-mist-120ml\/"},"modified":"2025-04-22T09:08:05","modified_gmt":"2025-04-22T09:08:05","slug":"grace-day-collagen-refreshing-gel-mist-120ml","status":"publish","type":"product","link":"https:\/\/www.freeshopfrontiera.ch\/fr\/shop\/grace-day-collagen-refreshing-gel-mist-120ml\/","title":{"rendered":"GRACE DAY Collagen Refreshing Gel Mist 120ml"},"content":{"rendered":"<p class=\"\" data-start=\"2646\" data-end=\"2873\"><strong data-start=\"2646\" data-end=\"2694\">GRACE DAY Collagen Refreshing Gel Mist 120ml<\/strong> est une brume hydratante en gel au <strong data-start=\"2730\" data-end=\"2743\">collag\u00e8ne<\/strong>, con\u00e7ue pour offrir une <strong data-start=\"2768\" data-end=\"2806\">hydratation instantan\u00e9e et durable<\/strong>, laissant la peau <strong data-start=\"2825\" data-end=\"2855\">douce, souple et \u00e9clatante<\/strong> toute la journ\u00e9e.<\/p>\n<p class=\"\" data-start=\"2875\" data-end=\"3129\">Sa texture unique en gel vaporis\u00e9 cr\u00e9e une <strong data-start=\"2918\" data-end=\"2944\">brume fine et homog\u00e8ne<\/strong> qui enveloppe d\u00e9licatement le visage et <strong data-start=\"2985\" data-end=\"3049\">s\u2019absorbe rapidement sans laisser de r\u00e9sidus ni d\u2019effet gras<\/strong>. Parfaite pour rafra\u00eechir la peau \u00e0 tout moment, m\u00eame par-dessus le maquillage.<\/p>\n<p class=\"\" data-start=\"3131\" data-end=\"3302\">Enrichie en <strong data-start=\"3143\" data-end=\"3156\">collag\u00e8ne<\/strong>, elle aide \u00e0 <strong data-start=\"3170\" data-end=\"3207\">am\u00e9liorer l\u2019\u00e9lasticit\u00e9 de la peau<\/strong> et \u00e0 lutter contre la s\u00e9cheresse. Elle revitalise les peaux ternes, d\u00e9shydrat\u00e9es ou fatigu\u00e9es.<\/p>\n<p class=\"\" data-start=\"3304\" data-end=\"3330\">Peut \u00eatre utilis\u00e9e comme :<\/p>\n<ul data-start=\"3331\" data-end=\"3463\">\n<li class=\"\" data-start=\"3331\" data-end=\"3375\">\n<p class=\"\" data-start=\"3333\" data-end=\"3375\"><strong data-start=\"3333\" data-end=\"3354\">Tonique hydratant<\/strong> apr\u00e8s le nettoyage<\/p>\n<\/li>\n<li class=\"\" data-start=\"3376\" data-end=\"3412\">\n<p class=\"\" data-start=\"3378\" data-end=\"3412\"><strong data-start=\"3378\" data-end=\"3410\">Spray fixateur de maquillage<\/strong><\/p>\n<\/li>\n<li class=\"\" data-start=\"3413\" data-end=\"3463\">\n<p class=\"\" data-start=\"3415\" data-end=\"3463\"><strong data-start=\"3415\" data-end=\"3440\">Brume rafra\u00eechissante<\/strong> au cours de la journ\u00e9e<\/p>\n<\/li>\n<\/ul>\n<p class=\"\" data-start=\"3465\" data-end=\"3624\">Son parfum doux et subtil procure une agr\u00e9able sensation de bien-\u00eatre. Le format <strong data-start=\"3546\" data-end=\"3556\">120 ml<\/strong> est id\u00e9al \u00e0 emporter partout : au bureau, en voyage ou dans le sac.<\/p>\n<p class=\"\" data-start=\"3626\" data-end=\"3774\"><strong data-start=\"3626\" data-end=\"3668\">GRACE DAY Collagen Refreshing Gel Mist<\/strong> est le geste beaut\u00e9 malin pour celles et ceux qui veulent une <strong data-start=\"3731\" data-end=\"3773\">hydratation simple, rapide et efficace<\/strong>.<\/p>\n<p data-start=\"1285\" data-end=\"1459\">Follow us! <a href=\"https:\/\/www.instagram.com\/freeshopswiss\/\" target=\"_blank\" rel=\"noopener\">@freeshopswiss<\/a><\/p>\n","protected":false},"excerpt":{"rendered":"<p>GRACE DAY Collagen Refreshing Gel Mist 120ml est une brume hydratante en gel au collag\u00e8ne, con\u00e7ue pour offrir une hydratation instantan\u00e9e et durable, laissant la peau douce, souple et \u00e9clatante toute la journ\u00e9e. Sa texture unique en gel vaporis\u00e9 cr\u00e9e une brume fine et homog\u00e8ne qui enveloppe d\u00e9licatement le visage et s\u2019absorbe rapidement sans laisser [&hellip;]<\/p>\n","protected":false},"featured_media":27565,"comment_status":"open","ping_status":"closed","template":"","meta":[],"pwb-brand":[945],"product_brand":[],"product_cat":[109,295,3768,545],"product_tag":[296,3611,417,301],"class_list":{"0":"post-27569","1":"product","2":"type-product","3":"status-publish","4":"has-post-thumbnail","6":"pwb-brand-grace-day","7":"product_cat-pour-elle","8":"product_cat-traitements","9":"product_cat-k-beauty-fr","10":"product_cat-soin-du-visage","11":"product_tag-femme","12":"product_tag-k-beauty-fr","13":"product_tag-soins-fr","14":"product_tag-soins-du-visage","16":"first","17":"outofstock","18":"sale","19":"taxable","20":"shipping-taxable","21":"purchasable","22":"product-type-simple"},"brands":[{"id":945,"name":"Grace Day","slug":"grace-day"}],"_links":{"self":[{"href":"https:\/\/www.freeshopfrontiera.ch\/fr\/wp-json\/wp\/v2\/product\/27569","targetHints":{"allow":["GET"]}}],"collection":[{"href":"https:\/\/www.freeshopfrontiera.ch\/fr\/wp-json\/wp\/v2\/product"}],"about":[{"href":"https:\/\/www.freeshopfrontiera.ch\/fr\/wp-json\/wp\/v2\/types\/product"}],"replies":[{"embeddable":true,"href":"https:\/\/www.freeshopfrontiera.ch\/fr\/wp-json\/wp\/v2\/comments?post=27569"}],"version-history":[{"count":1,"href":"https:\/\/www.freeshopfrontiera.ch\/fr\/wp-json\/wp\/v2\/product\/27569\/revisions"}],"predecessor-version":[{"id":27573,"href":"https:\/\/www.freeshopfrontiera.ch\/fr\/wp-json\/wp\/v2\/product\/27569\/revisions\/27573"}],"wp:featuredmedia":[{"embeddable":true,"href":"https:\/\/www.freeshopfrontiera.ch\/fr\/wp-json\/wp\/v2\/media\/27565"}],"wp:attachment":[{"href":"https:\/\/www.freeshopfrontiera.ch\/fr\/wp-json\/wp\/v2\/media?parent=27569"}],"wp:term":[{"taxonomy":"pwb-brand","embeddable":true,"href":"https:\/\/www.freeshopfrontiera.ch\/fr\/wp-json\/wp\/v2\/pwb-brand?post=27569"},{"taxonomy":"product_brand","embeddable":true,"href":"https:\/\/www.freeshopfrontiera.ch\/fr\/wp-json\/wp\/v2\/product_brand?post=27569"},{"taxonomy":"product_cat","embeddable":true,"href":"https:\/\/www.freeshopfrontiera.ch\/fr\/wp-json\/wp\/v2\/product_cat?post=27569"},{"taxonomy":"product_tag","embeddable":true,"href":"https:\/\/www.freeshopfrontiera.ch\/fr\/wp-json\/wp\/v2\/product_tag?post=27569"}],"curies":[{"name":"wp","href":"https:\/\/api.w.org\/{rel}","templated":true}]}}