{"id":27605,"date":"2025-04-22T09:57:52","date_gmt":"2025-04-22T09:57:52","guid":{"rendered":"https:\/\/www.freeshopfrontiera.ch\/shop\/grace-day-hello-morning-collagen-mask-30-sheets\/"},"modified":"2025-04-22T10:06:44","modified_gmt":"2025-04-22T10:06:44","slug":"grace-day-hello-morning-collagen-mask-30-sheets","status":"publish","type":"product","link":"https:\/\/www.freeshopfrontiera.ch\/fr\/shop\/grace-day-hello-morning-collagen-mask-30-sheets\/","title":{"rendered":"GRACE DAY Hello Morning Collagen Mask 30 sheets"},"content":{"rendered":"<p class=\"\" data-start=\"110\" data-end=\"1525\"><strong data-start=\"2860\" data-end=\"2928\">GRACE DAY Hello Morning Collagen Mask Pack \u2013 30 Masques en Tissu<\/strong> est le soin express id\u00e9al pour celles et ceux qui souhaitent une peau plus ferme, hydrat\u00e9e et \u00e9clatante en seulement 60 secondes.<\/p>\n<p class=\"\" data-start=\"110\" data-end=\"1525\">Chaque bo\u00eete contient 30 masques en tissu \u00e0 usage unique, con\u00e7us pour une utilisation quotidienne \u2013 parfaits pour commencer la journ\u00e9e avec \u00e9nergie ou pour un moment de d\u00e9tente le soir. Formul\u00e9s avec du collag\u00e8ne hydrolys\u00e9, ils conviennent particuli\u00e8rement aux peaux matures, s\u00e8ches, ternes ou rel\u00e2ch\u00e9es. En une minute seulement, ces masques am\u00e9liorent visiblement la fermet\u00e9 et l\u2019\u00e9lasticit\u00e9 de la peau, apportent une hydratation profonde et laissent le visage visiblement plus jeune et sain.<\/p>\n<p class=\"\" data-start=\"110\" data-end=\"1525\">Enrichis en panth\u00e9nol et allanto\u00efne, ils ont \u00e9galement un effet apaisant, id\u00e9al pour les peaux sensibles. Le tissu fin et ultra-adh\u00e9rent garantit une diffusion optimale du s\u00e9rum et une absorption rapide sans r\u00e9sidu. Les masques Hello Morning Collagen agissent efficacement pour rafra\u00eechir, lisser et illuminer la peau. Pratiques et rapides \u00e0 utiliser, ils sont la solution parfaite pour celles et ceux qui manquent de temps mais veulent prendre soin de leur peau au quotidien.<\/p>\n<p class=\"\" data-start=\"110\" data-end=\"1525\">Le format de 30 pi\u00e8ces permet une cure compl\u00e8te d\u2019un mois, pour des r\u00e9sultats visibles et durables. Avec GRACE DAY, chaque matin devient une opportunit\u00e9 de revitaliser votre peau et d\u2019en r\u00e9v\u00e9ler la beaut\u00e9 naturelle en un seul geste.<\/p>\n<p data-start=\"110\" data-end=\"1525\">Follow us! <a href=\"https:\/\/www.instagram.com\/freeshopswiss\/\" target=\"_blank\" rel=\"noopener\">@freeshopswiss<\/a><\/p>\n","protected":false},"excerpt":{"rendered":"<p>GRACE DAY Hello Morning Collagen Mask Pack \u2013 30 Masques en Tissu est le soin express id\u00e9al pour celles et ceux qui souhaitent une peau plus ferme, hydrat\u00e9e et \u00e9clatante en seulement 60 secondes. Chaque bo\u00eete contient 30 masques en tissu \u00e0 usage unique, con\u00e7us pour une utilisation quotidienne \u2013 parfaits pour commencer la journ\u00e9e [&hellip;]<\/p>\n","protected":false},"featured_media":27597,"comment_status":"open","ping_status":"closed","template":"","meta":[],"pwb-brand":[945],"product_brand":[],"product_cat":[109,295,3768,545],"product_tag":[296,3611,417,301],"class_list":{"0":"post-27605","1":"product","2":"type-product","3":"status-publish","4":"has-post-thumbnail","6":"pwb-brand-grace-day","7":"product_cat-pour-elle","8":"product_cat-traitements","9":"product_cat-k-beauty-fr","10":"product_cat-soin-du-visage","11":"product_tag-femme","12":"product_tag-k-beauty-fr","13":"product_tag-soins-fr","14":"product_tag-soins-du-visage","16":"first","17":"outofstock","18":"sale","19":"taxable","20":"shipping-taxable","21":"purchasable","22":"product-type-simple"},"brands":[{"id":945,"name":"Grace Day","slug":"grace-day"}],"_links":{"self":[{"href":"https:\/\/www.freeshopfrontiera.ch\/fr\/wp-json\/wp\/v2\/product\/27605","targetHints":{"allow":["GET"]}}],"collection":[{"href":"https:\/\/www.freeshopfrontiera.ch\/fr\/wp-json\/wp\/v2\/product"}],"about":[{"href":"https:\/\/www.freeshopfrontiera.ch\/fr\/wp-json\/wp\/v2\/types\/product"}],"replies":[{"embeddable":true,"href":"https:\/\/www.freeshopfrontiera.ch\/fr\/wp-json\/wp\/v2\/comments?post=27605"}],"version-history":[{"count":3,"href":"https:\/\/www.freeshopfrontiera.ch\/fr\/wp-json\/wp\/v2\/product\/27605\/revisions"}],"predecessor-version":[{"id":27611,"href":"https:\/\/www.freeshopfrontiera.ch\/fr\/wp-json\/wp\/v2\/product\/27605\/revisions\/27611"}],"wp:featuredmedia":[{"embeddable":true,"href":"https:\/\/www.freeshopfrontiera.ch\/fr\/wp-json\/wp\/v2\/media\/27597"}],"wp:attachment":[{"href":"https:\/\/www.freeshopfrontiera.ch\/fr\/wp-json\/wp\/v2\/media?parent=27605"}],"wp:term":[{"taxonomy":"pwb-brand","embeddable":true,"href":"https:\/\/www.freeshopfrontiera.ch\/fr\/wp-json\/wp\/v2\/pwb-brand?post=27605"},{"taxonomy":"product_brand","embeddable":true,"href":"https:\/\/www.freeshopfrontiera.ch\/fr\/wp-json\/wp\/v2\/product_brand?post=27605"},{"taxonomy":"product_cat","embeddable":true,"href":"https:\/\/www.freeshopfrontiera.ch\/fr\/wp-json\/wp\/v2\/product_cat?post=27605"},{"taxonomy":"product_tag","embeddable":true,"href":"https:\/\/www.freeshopfrontiera.ch\/fr\/wp-json\/wp\/v2\/product_tag?post=27605"}],"curies":[{"name":"wp","href":"https:\/\/api.w.org\/{rel}","templated":true}]}}