{"id":27647,"date":"2025-04-22T10:49:35","date_gmt":"2025-04-22T10:49:35","guid":{"rendered":"https:\/\/www.freeshopfrontiera.ch\/shop\/grace-day-hello-morning-hyaluronic-acid-mask-30-sheets\/"},"modified":"2025-04-22T11:02:37","modified_gmt":"2025-04-22T11:02:37","slug":"grace-day-hello-morning-hyaluronic-acid-mask-30-sheets","status":"publish","type":"product","link":"https:\/\/www.freeshopfrontiera.ch\/fr\/shop\/grace-day-hello-morning-hyaluronic-acid-mask-30-sheets\/","title":{"rendered":"GRACE DAY Hello Morning Hyaluronic Acid Mask 30 sheets"},"content":{"rendered":"<p class=\"\" data-start=\"2985\" data-end=\"4367\"><strong data-start=\"2985\" data-end=\"3060\">GRACE DAY Hello Morning Hyaluronic Acid Mask Pack \u2013 30 Masques en Tissu<\/strong> est le soin express quotidien parfait pour une hydratation profonde et imm\u00e9diate en seulement 60 secondes.<\/p>\n<p class=\"\" data-start=\"2985\" data-end=\"4367\">Chaque bo\u00eete contient 30 masques en tissu \u00e0 usage unique, parfaits pour une routine du matin ou du soir pendant un mois complet. Enrichis en <strong data-start=\"3309\" data-end=\"3331\">acide hyaluronique<\/strong>, ces masques aident \u00e0 <strong data-start=\"3354\" data-end=\"3389\">retenir l\u2019humidit\u00e9 dans la peau<\/strong>, pr\u00e9viennent la d\u00e9shydratation et redonnent un aspect souple, doux et rebondi au visage. Ils sont particuli\u00e8rement adapt\u00e9s aux <strong data-start=\"3517\" data-end=\"3586\">peaux s\u00e8ches, d\u00e9shydrat\u00e9es, ternes ou pr\u00e9sentant de fines ridules<\/strong>, mais conviennent aussi parfaitement aux peaux normales ayant besoin d\u2019un coup d\u2019hydratation. La formule est \u00e9galement enrichie en <strong data-start=\"3718\" data-end=\"3731\">panth\u00e9nol<\/strong> et <strong data-start=\"3735\" data-end=\"3749\">allanto\u00efne<\/strong>, reconnus pour leurs <strong data-start=\"3771\" data-end=\"3812\">propri\u00e9t\u00e9s apaisantes et r\u00e9paratrices<\/strong>, ce qui rend ces masques id\u00e9aux m\u00eame pour les peaux sensibles. Le tissu fin \u00e9pouse les courbes du visage et permet une <strong data-start=\"3932\" data-end=\"3972\">absorption rapide sans effet collant<\/strong>.<\/p>\n<p class=\"\" data-start=\"2985\" data-end=\"4367\">En une minute seulement, la peau retrouve \u00e9clat, fra\u00eecheur et fermet\u00e9. Les masques Hello Morning sont <strong data-start=\"4076\" data-end=\"4111\">pratiques, rapides et efficaces<\/strong> \u2013 un alli\u00e9 de choix pour les peaux exigeantes, m\u00eame en p\u00e9riode de stress ou de manque de temps. Une utilisation r\u00e9guli\u00e8re am\u00e9liore visiblement l\u2019hydratation et la souplesse de la peau. Avec GRACE DAY Hyaluronic Acid Mask, chaque soin devient un instant de bien-\u00eatre quotidien.<\/p>\n<p data-start=\"175\" data-end=\"1528\">Follow us! <a href=\"https:\/\/www.instagram.com\/freeshopswiss\/\" target=\"_blank\" rel=\"noopener\">@freeshopswiss<\/a><\/p>\n","protected":false},"excerpt":{"rendered":"<p>GRACE DAY Hello Morning Hyaluronic Acid Mask Pack \u2013 30 Masques en Tissu est le soin express quotidien parfait pour une hydratation profonde et imm\u00e9diate en seulement 60 secondes. Chaque bo\u00eete contient 30 masques en tissu \u00e0 usage unique, parfaits pour une routine du matin ou du soir pendant un mois complet. Enrichis en acide [&hellip;]<\/p>\n","protected":false},"featured_media":27639,"comment_status":"open","ping_status":"closed","template":"","meta":[],"pwb-brand":[945],"product_brand":[],"product_cat":[109,295,3768,545],"product_tag":[296,3611,417,301],"class_list":{"0":"post-27647","1":"product","2":"type-product","3":"status-publish","4":"has-post-thumbnail","6":"pwb-brand-grace-day","7":"product_cat-pour-elle","8":"product_cat-traitements","9":"product_cat-k-beauty-fr","10":"product_cat-soin-du-visage","11":"product_tag-femme","12":"product_tag-k-beauty-fr","13":"product_tag-soins-fr","14":"product_tag-soins-du-visage","16":"first","17":"outofstock","18":"sale","19":"taxable","20":"shipping-taxable","21":"purchasable","22":"product-type-simple"},"brands":[{"id":945,"name":"Grace Day","slug":"grace-day"}],"_links":{"self":[{"href":"https:\/\/www.freeshopfrontiera.ch\/fr\/wp-json\/wp\/v2\/product\/27647","targetHints":{"allow":["GET"]}}],"collection":[{"href":"https:\/\/www.freeshopfrontiera.ch\/fr\/wp-json\/wp\/v2\/product"}],"about":[{"href":"https:\/\/www.freeshopfrontiera.ch\/fr\/wp-json\/wp\/v2\/types\/product"}],"replies":[{"embeddable":true,"href":"https:\/\/www.freeshopfrontiera.ch\/fr\/wp-json\/wp\/v2\/comments?post=27647"}],"version-history":[{"count":2,"href":"https:\/\/www.freeshopfrontiera.ch\/fr\/wp-json\/wp\/v2\/product\/27647\/revisions"}],"predecessor-version":[{"id":27653,"href":"https:\/\/www.freeshopfrontiera.ch\/fr\/wp-json\/wp\/v2\/product\/27647\/revisions\/27653"}],"wp:featuredmedia":[{"embeddable":true,"href":"https:\/\/www.freeshopfrontiera.ch\/fr\/wp-json\/wp\/v2\/media\/27639"}],"wp:attachment":[{"href":"https:\/\/www.freeshopfrontiera.ch\/fr\/wp-json\/wp\/v2\/media?parent=27647"}],"wp:term":[{"taxonomy":"pwb-brand","embeddable":true,"href":"https:\/\/www.freeshopfrontiera.ch\/fr\/wp-json\/wp\/v2\/pwb-brand?post=27647"},{"taxonomy":"product_brand","embeddable":true,"href":"https:\/\/www.freeshopfrontiera.ch\/fr\/wp-json\/wp\/v2\/product_brand?post=27647"},{"taxonomy":"product_cat","embeddable":true,"href":"https:\/\/www.freeshopfrontiera.ch\/fr\/wp-json\/wp\/v2\/product_cat?post=27647"},{"taxonomy":"product_tag","embeddable":true,"href":"https:\/\/www.freeshopfrontiera.ch\/fr\/wp-json\/wp\/v2\/product_tag?post=27647"}],"curies":[{"name":"wp","href":"https:\/\/api.w.org\/{rel}","templated":true}]}}