{"id":27666,"date":"2025-04-22T11:09:03","date_gmt":"2025-04-22T11:09:03","guid":{"rendered":"https:\/\/www.freeshopfrontiera.ch\/shop\/grace-day-hello-morning-retinol-mask-30-sheets\/"},"modified":"2025-04-22T11:18:49","modified_gmt":"2025-04-22T11:18:49","slug":"grace-day-hello-morning-retinol-mask-30-sheets","status":"publish","type":"product","link":"https:\/\/www.freeshopfrontiera.ch\/fr\/shop\/grace-day-hello-morning-retinol-mask-30-sheets\/","title":{"rendered":"GRACE DAY Hello Morning Retinol Mask 30 sheets"},"content":{"rendered":"<p><strong data-start=\"3318\" data-end=\"3385\">GRACE DAY Hello Morning Retinol Mask Pack \u2013 30 Masques en Tissu<\/strong> est le soin parfait pour obtenir une peau plus lisse et plus jeune en seulement 60 secondes.<\/p>\n<p>Chaque bo\u00eete contient 30 masques \u00e0 usage unique, con\u00e7us pour une routine de soin du matin ou du soir compl\u00e8te. Formul\u00e9s avec du <strong data-start=\"3607\" data-end=\"3618\">r\u00e9tinol<\/strong>, ces masques aident \u00e0 <strong data-start=\"3641\" data-end=\"3682\">stimuler le renouvellement cellulaire<\/strong>, r\u00e9duisant visiblement les rides, les ridules et les signes du vieillissement. Le r\u00e9tinol est l\u2019un des ingr\u00e9dients les plus efficaces pour <strong data-start=\"3822\" data-end=\"3857\">am\u00e9liorer la texture de la peau<\/strong>, uniformiser le teint et donner \u00e0 la peau un aspect plus lumineux et tonifi\u00e9. Gr\u00e2ce \u00e0 l&rsquo;ajout de <strong data-start=\"3955\" data-end=\"3968\">panth\u00e9nol<\/strong> et d&rsquo;<strong data-start=\"3974\" data-end=\"3988\">allanto\u00efne<\/strong>, ces masques offrent \u00e9galement un effet <strong data-start=\"4029\" data-end=\"4054\">apaisant et hydratant<\/strong>, les rendant adapt\u00e9s m\u00eame aux peaux sensibles.<\/p>\n<p>La formule douce agit sans irritation, tandis que le tissu fin \u00e9pouse parfaitement les contours du visage, permettant une <strong data-start=\"4224\" data-end=\"4257\">r\u00e9partition uniforme du s\u00e9rum<\/strong> et une <strong data-start=\"4265\" data-end=\"4286\">absorption rapide<\/strong>. En seulement 60 secondes, la peau para\u00eet plus lisse, plus ferme et visiblement plus jeune. Les effets r\u00e9g\u00e9n\u00e9rants et tonifiants du r\u00e9tinol apportent \u00e0 la peau un aspect lumineux et sain, pr\u00eat \u00e0 affronter la journ\u00e9e ou \u00e0 se d\u00e9tendre le soir. Avec une utilisation quotidienne, la peau devient progressivement plus douce, plus \u00e9lastique et plus lisse. Les masques Hello Morning sont le soin id\u00e9al pour ceux qui recherchent un produit rapide, pratique et performant pour obtenir des r\u00e9sultats visibles avec un minimum d\u2019effort.<\/p>\n<p>Avec <strong data-start=\"4817\" data-end=\"4830\">GRACE DAY Retinol Mask<\/strong>, chaque jour commence par une routine de soin qui laisse votre peau \u00e9clatante et jeune.<\/p>\n<p>Follow us! <a href=\"https:\/\/www.instagram.com\/freeshopswiss\/\" target=\"_blank\" rel=\"noopener\">@freeshopswiss<\/a><\/p>\n","protected":false},"excerpt":{"rendered":"<p>GRACE DAY Hello Morning Retinol Mask Pack \u2013 30 Masques en Tissu est le soin parfait pour obtenir une peau plus lisse et plus jeune en seulement 60 secondes. Chaque bo\u00eete contient 30 masques \u00e0 usage unique, con\u00e7us pour une routine de soin du matin ou du soir compl\u00e8te. Formul\u00e9s avec du r\u00e9tinol, ces masques [&hellip;]<\/p>\n","protected":false},"featured_media":27658,"comment_status":"open","ping_status":"closed","template":"","meta":[],"pwb-brand":[945],"product_brand":[],"product_cat":[109,295,3768,545],"product_tag":[296,3611,417,301],"class_list":{"0":"post-27666","1":"product","2":"type-product","3":"status-publish","4":"has-post-thumbnail","6":"pwb-brand-grace-day","7":"product_cat-pour-elle","8":"product_cat-traitements","9":"product_cat-k-beauty-fr","10":"product_cat-soin-du-visage","11":"product_tag-femme","12":"product_tag-k-beauty-fr","13":"product_tag-soins-fr","14":"product_tag-soins-du-visage","16":"first","17":"outofstock","18":"sale","19":"taxable","20":"shipping-taxable","21":"purchasable","22":"product-type-simple"},"brands":[{"id":945,"name":"Grace Day","slug":"grace-day"}],"_links":{"self":[{"href":"https:\/\/www.freeshopfrontiera.ch\/fr\/wp-json\/wp\/v2\/product\/27666","targetHints":{"allow":["GET"]}}],"collection":[{"href":"https:\/\/www.freeshopfrontiera.ch\/fr\/wp-json\/wp\/v2\/product"}],"about":[{"href":"https:\/\/www.freeshopfrontiera.ch\/fr\/wp-json\/wp\/v2\/types\/product"}],"replies":[{"embeddable":true,"href":"https:\/\/www.freeshopfrontiera.ch\/fr\/wp-json\/wp\/v2\/comments?post=27666"}],"version-history":[{"count":2,"href":"https:\/\/www.freeshopfrontiera.ch\/fr\/wp-json\/wp\/v2\/product\/27666\/revisions"}],"predecessor-version":[{"id":27671,"href":"https:\/\/www.freeshopfrontiera.ch\/fr\/wp-json\/wp\/v2\/product\/27666\/revisions\/27671"}],"wp:featuredmedia":[{"embeddable":true,"href":"https:\/\/www.freeshopfrontiera.ch\/fr\/wp-json\/wp\/v2\/media\/27658"}],"wp:attachment":[{"href":"https:\/\/www.freeshopfrontiera.ch\/fr\/wp-json\/wp\/v2\/media?parent=27666"}],"wp:term":[{"taxonomy":"pwb-brand","embeddable":true,"href":"https:\/\/www.freeshopfrontiera.ch\/fr\/wp-json\/wp\/v2\/pwb-brand?post=27666"},{"taxonomy":"product_brand","embeddable":true,"href":"https:\/\/www.freeshopfrontiera.ch\/fr\/wp-json\/wp\/v2\/product_brand?post=27666"},{"taxonomy":"product_cat","embeddable":true,"href":"https:\/\/www.freeshopfrontiera.ch\/fr\/wp-json\/wp\/v2\/product_cat?post=27666"},{"taxonomy":"product_tag","embeddable":true,"href":"https:\/\/www.freeshopfrontiera.ch\/fr\/wp-json\/wp\/v2\/product_tag?post=27666"}],"curies":[{"name":"wp","href":"https:\/\/api.w.org\/{rel}","templated":true}]}}