{"id":27693,"date":"2025-04-22T12:43:56","date_gmt":"2025-04-22T12:43:56","guid":{"rendered":"https:\/\/www.freeshopfrontiera.ch\/shop\/furla-meravigliosa-eau-de-parfum\/"},"modified":"2025-04-23T11:14:59","modified_gmt":"2025-04-23T11:14:59","slug":"furla-meravigliosa-eau-de-parfum","status":"publish","type":"product","link":"https:\/\/www.freeshopfrontiera.ch\/fr\/shop\/furla-meravigliosa-eau-de-parfum\/","title":{"rendered":"FURLA Meravigliosa Eau de Parfum"},"content":{"rendered":"<p class=\"\" data-start=\"2857\" data-end=\"3102\"><strong data-start=\"2857\" data-end=\"2893\">FURLA Meravigliosa Eau de Parfum<\/strong> est un parfum f\u00e9minin sophistiqu\u00e9 et lumineux qui c\u00e9l\u00e8bre la beaut\u00e9 authentique et l&rsquo;\u00e9l\u00e9gance naturelle. Une fragrance pens\u00e9e pour la femme moderne, raffin\u00e9e et s\u00fbre d\u2019elle, qui aime se distinguer avec gr\u00e2ce.<\/p>\n<p class=\"\" data-start=\"3104\" data-end=\"3571\">La composition s\u2019ouvre sur des notes fruit\u00e9es et p\u00e9tillantes de <strong data-start=\"3168\" data-end=\"3185\">p\u00eache blanche<\/strong>, <strong data-start=\"3187\" data-end=\"3200\">mandarine<\/strong> et <strong data-start=\"3204\" data-end=\"3214\">cassis<\/strong>, pour un d\u00e9part frais et irr\u00e9sistible. Le c\u0153ur d\u00e9voile un bouquet floral riche et sensuel : <strong data-start=\"3307\" data-end=\"3317\">jasmin<\/strong>, <strong data-start=\"3319\" data-end=\"3332\">tub\u00e9reuse<\/strong> et <strong data-start=\"3336\" data-end=\"3346\">muguet<\/strong> se marient harmonieusement, apportant profondeur et f\u00e9minit\u00e9. En fond, la douceur de la <strong data-start=\"3435\" data-end=\"3446\">vanille<\/strong> se m\u00eale \u00e0 l\u2019intensit\u00e9 du <strong data-start=\"3472\" data-end=\"3490\">bois de santal<\/strong> et \u00e0 la douceur du <strong data-start=\"3510\" data-end=\"3518\">musc<\/strong>, cr\u00e9ant un sillage chaud, enveloppant et persistant.<\/p>\n<p class=\"\" data-start=\"3573\" data-end=\"3768\">Le flacon, \u00e9l\u00e9gant et moderne, est orn\u00e9 de d\u00e9tails dor\u00e9s et de lignes \u00e9pur\u00e9es. Sa couleur lilas d\u00e9licate \u00e9voque la f\u00e9minit\u00e9 et la sophistication du parfum, en faisant aussi un bel objet \u00e0 offrir.<\/p>\n<p class=\"\" data-start=\"3770\" data-end=\"4004\"><strong data-start=\"3770\" data-end=\"3792\">FURLA Meravigliosa Eau de Parfum<\/strong> est parfait \u00e0 porter au quotidien, mais convient aussi aux occasions sp\u00e9ciales gr\u00e2ce \u00e0 sa composition polyvalente et son sillage raffin\u00e9. Un parfum qui laisse une empreinte subtile, sans jamais \u00eatre envahissant.<\/p>\n<p class=\"\" data-start=\"4006\" data-end=\"4164\">Id\u00e9al pour les femmes \u00e0 la recherche d\u2019un parfum distinctif, \u00e9l\u00e9gant et plein de charme. Avec <strong data-start=\"4100\" data-end=\"4116\">Meravigliosa<\/strong>, chaque moment devient une occasion de briller.<\/p>\n<p data-start=\"1430\" data-end=\"1586\">Follow us! <a href=\"https:\/\/www.instagram.com\/freeshopswiss\/\" target=\"_blank\" rel=\"noopener\">@freeshopswiss<\/a><\/p>\n","protected":false},"excerpt":{"rendered":"<p><em><strong>Eau de Parfum<\/strong><\/em><\/p>\n","protected":false},"featured_media":27677,"comment_status":"open","ping_status":"closed","template":"","meta":[],"pwb-brand":[946],"product_brand":[],"product_cat":[87,109,4195],"product_tag":[252,296,5050,789,5046,97,5074],"class_list":{"0":"post-27693","1":"product","2":"type-product","3":"status-publish","4":"has-post-thumbnail","6":"pwb-brand-furla","7":"product_cat-parfums","8":"product_cat-pour-elle","9":"product_cat-parfums-offer","10":"product_tag-eau-de-parfum-fr","11":"product_tag-femme","12":"product_tag-fete-des-meres","13":"product_tag-womens-fragrances-fr","14":"product_tag-moins-de-30-chf","15":"product_tag-parfums","16":"product_tag-parfums-pour-la-fete-des-meres","18":"first","19":"instock","20":"sale","21":"taxable","22":"shipping-taxable","23":"purchasable","24":"product-type-variable","25":"has-default-attributes"},"brands":[{"id":946,"name":"Furla","slug":"furla"}],"_links":{"self":[{"href":"https:\/\/www.freeshopfrontiera.ch\/fr\/wp-json\/wp\/v2\/product\/27693","targetHints":{"allow":["GET"]}}],"collection":[{"href":"https:\/\/www.freeshopfrontiera.ch\/fr\/wp-json\/wp\/v2\/product"}],"about":[{"href":"https:\/\/www.freeshopfrontiera.ch\/fr\/wp-json\/wp\/v2\/types\/product"}],"replies":[{"embeddable":true,"href":"https:\/\/www.freeshopfrontiera.ch\/fr\/wp-json\/wp\/v2\/comments?post=27693"}],"version-history":[{"count":4,"href":"https:\/\/www.freeshopfrontiera.ch\/fr\/wp-json\/wp\/v2\/product\/27693\/revisions"}],"predecessor-version":[{"id":27968,"href":"https:\/\/www.freeshopfrontiera.ch\/fr\/wp-json\/wp\/v2\/product\/27693\/revisions\/27968"}],"wp:featuredmedia":[{"embeddable":true,"href":"https:\/\/www.freeshopfrontiera.ch\/fr\/wp-json\/wp\/v2\/media\/27677"}],"wp:attachment":[{"href":"https:\/\/www.freeshopfrontiera.ch\/fr\/wp-json\/wp\/v2\/media?parent=27693"}],"wp:term":[{"taxonomy":"pwb-brand","embeddable":true,"href":"https:\/\/www.freeshopfrontiera.ch\/fr\/wp-json\/wp\/v2\/pwb-brand?post=27693"},{"taxonomy":"product_brand","embeddable":true,"href":"https:\/\/www.freeshopfrontiera.ch\/fr\/wp-json\/wp\/v2\/product_brand?post=27693"},{"taxonomy":"product_cat","embeddable":true,"href":"https:\/\/www.freeshopfrontiera.ch\/fr\/wp-json\/wp\/v2\/product_cat?post=27693"},{"taxonomy":"product_tag","embeddable":true,"href":"https:\/\/www.freeshopfrontiera.ch\/fr\/wp-json\/wp\/v2\/product_tag?post=27693"}],"curies":[{"name":"wp","href":"https:\/\/api.w.org\/{rel}","templated":true}]}}