{"id":27726,"date":"2025-04-22T13:28:31","date_gmt":"2025-04-22T13:28:31","guid":{"rendered":"https:\/\/www.freeshopfrontiera.ch\/shop\/furla-romantica-eau-de-parfum\/"},"modified":"2025-04-23T11:56:43","modified_gmt":"2025-04-23T11:56:43","slug":"furla-romantica-eau-de-parfum","status":"publish","type":"product","link":"https:\/\/www.freeshopfrontiera.ch\/fr\/shop\/furla-romantica-eau-de-parfum\/","title":{"rendered":"FURLA Romantica Eau de Parfum"},"content":{"rendered":"<p class=\"\" data-start=\"1504\" data-end=\"1751\"><strong data-start=\"1504\" data-end=\"1537\">FURLA Romantica Eau de Parfum<\/strong> est un parfum f\u00e9minin doux, \u00e9l\u00e9gant et r\u00eaveur. Une fragrance qui refl\u00e8te l\u2019\u00e2me romantique de la femme moderne, d\u00e9licate mais affirm\u00e9e. Parfaite pour celles qui aiment exprimer leur f\u00e9minit\u00e9 avec gr\u00e2ce et l\u00e9g\u00e8ret\u00e9.<\/p>\n<p class=\"\" data-start=\"1753\" data-end=\"2146\">La pyramide olfactive s\u2019ouvre sur un m\u00e9lange frais et lumineux de <strong data-start=\"1819\" data-end=\"1828\">poire<\/strong>, <strong data-start=\"1830\" data-end=\"1843\">mandarine<\/strong> et <strong data-start=\"1847\" data-end=\"1860\">framboise<\/strong>, pour une premi\u00e8re impression fruit\u00e9e et irr\u00e9sistible. Le c\u0153ur floral m\u00eale avec raffinement <strong data-start=\"1953\" data-end=\"1964\">pivoine<\/strong>, <strong data-start=\"1966\" data-end=\"1976\">jasmin<\/strong> et <strong data-start=\"1980\" data-end=\"1988\">rose<\/strong>, cr\u00e9ant un bouquet harmonieux et captivant. Le fond, doux et enveloppant, associe <strong data-start=\"2071\" data-end=\"2082\">vanille<\/strong>, <strong data-start=\"2084\" data-end=\"2093\">ambre<\/strong> et <strong data-start=\"2097\" data-end=\"2105\">musc<\/strong>, pour une signature chaude et sensuelle.<\/p>\n<p class=\"\" data-start=\"2148\" data-end=\"2361\">Le flacon, simple et sophistiqu\u00e9, se distingue par ses lignes \u00e9pur\u00e9es et ses d\u00e9tails dor\u00e9s qui \u00e9voquent l\u2019\u00e9l\u00e9gance intemporelle de Furla. Sa teinte rose p\u00e2le refl\u00e8te la tendresse et la d\u00e9licatesse de la fragrance.<\/p>\n<p class=\"\" data-start=\"2363\" data-end=\"2535\">Parfait au quotidien comme pour les occasions sp\u00e9ciales, <strong data-start=\"2420\" data-end=\"2439\">FURLA Romantica<\/strong> apporte une touche romantique \u00e0 chaque instant. Un parfum polyvalent, adapt\u00e9 \u00e0 tous les styles. FURLA Romantica Eau de Parfum est un parfum f\u00e9minin doux, \u00e9l\u00e9gant et r\u00eaveur. Une fragrance qui refl\u00e8te l\u2019\u00e2me romantique de la femme d\u00e9licate mais affirm\u00e9e.<\/p>\n<p class=\"\" data-start=\"2537\" data-end=\"2737\"><strong data-start=\"2537\" data-end=\"2556\">FURLA Romantica<\/strong> est d\u00e9di\u00e9 \u00e0 celles qui croient aux \u00e9motions, \u00e0 la beaut\u00e9 des petits gestes et \u00e0 la force des sentiments. Une fragrance d\u00e9licate, \u00e0 la signature olfactive durable et reconnaissable.<\/p>\n<p class=\"\" data-start=\"2739\" data-end=\"2813\">Une excellente id\u00e9e cadeau, alliant \u00e9l\u00e9gance et qualit\u00e9, sign\u00e9e <strong data-start=\"2803\" data-end=\"2812\">FURLA<\/strong>.<\/p>\n<p data-start=\"1533\" data-end=\"1664\">Follow us! <a href=\"https:\/\/www.instagram.com\/freeshopswiss\/\" target=\"_blank\" rel=\"noopener\">@freeshopswiss<\/a><\/p>\n","protected":false},"excerpt":{"rendered":"<p><strong><em>Eau de Parfum<\/em><\/strong><\/p>\n","protected":false},"featured_media":27709,"comment_status":"open","ping_status":"closed","template":"","meta":[],"pwb-brand":[946],"product_brand":[],"product_cat":[87,109,4195],"product_tag":[252,296,5050,789,5046,97,5074,4367],"class_list":{"0":"post-27726","1":"product","2":"type-product","3":"status-publish","4":"has-post-thumbnail","6":"pwb-brand-furla","7":"product_cat-parfums","8":"product_cat-pour-elle","9":"product_cat-parfums-offer","10":"product_tag-eau-de-parfum-fr","11":"product_tag-femme","12":"product_tag-fete-des-meres","13":"product_tag-womens-fragrances-fr","14":"product_tag-moins-de-30-chf","15":"product_tag-parfums","16":"product_tag-parfums-pour-la-fete-des-meres","17":"product_tag-special-printemps","19":"first","20":"instock","21":"sale","22":"taxable","23":"shipping-taxable","24":"purchasable","25":"product-type-variable"},"brands":[{"id":946,"name":"Furla","slug":"furla"}],"_links":{"self":[{"href":"https:\/\/www.freeshopfrontiera.ch\/fr\/wp-json\/wp\/v2\/product\/27726","targetHints":{"allow":["GET"]}}],"collection":[{"href":"https:\/\/www.freeshopfrontiera.ch\/fr\/wp-json\/wp\/v2\/product"}],"about":[{"href":"https:\/\/www.freeshopfrontiera.ch\/fr\/wp-json\/wp\/v2\/types\/product"}],"replies":[{"embeddable":true,"href":"https:\/\/www.freeshopfrontiera.ch\/fr\/wp-json\/wp\/v2\/comments?post=27726"}],"version-history":[{"count":4,"href":"https:\/\/www.freeshopfrontiera.ch\/fr\/wp-json\/wp\/v2\/product\/27726\/revisions"}],"predecessor-version":[{"id":28003,"href":"https:\/\/www.freeshopfrontiera.ch\/fr\/wp-json\/wp\/v2\/product\/27726\/revisions\/28003"}],"wp:featuredmedia":[{"embeddable":true,"href":"https:\/\/www.freeshopfrontiera.ch\/fr\/wp-json\/wp\/v2\/media\/27709"}],"wp:attachment":[{"href":"https:\/\/www.freeshopfrontiera.ch\/fr\/wp-json\/wp\/v2\/media?parent=27726"}],"wp:term":[{"taxonomy":"pwb-brand","embeddable":true,"href":"https:\/\/www.freeshopfrontiera.ch\/fr\/wp-json\/wp\/v2\/pwb-brand?post=27726"},{"taxonomy":"product_brand","embeddable":true,"href":"https:\/\/www.freeshopfrontiera.ch\/fr\/wp-json\/wp\/v2\/product_brand?post=27726"},{"taxonomy":"product_cat","embeddable":true,"href":"https:\/\/www.freeshopfrontiera.ch\/fr\/wp-json\/wp\/v2\/product_cat?post=27726"},{"taxonomy":"product_tag","embeddable":true,"href":"https:\/\/www.freeshopfrontiera.ch\/fr\/wp-json\/wp\/v2\/product_tag?post=27726"}],"curies":[{"name":"wp","href":"https:\/\/api.w.org\/{rel}","templated":true}]}}