{"id":27747,"date":"2025-04-22T14:23:06","date_gmt":"2025-04-22T14:23:06","guid":{"rendered":"https:\/\/www.freeshopfrontiera.ch\/shop\/chopard-1000-miglia-eau-de-toilette-80ml\/"},"modified":"2025-04-22T14:29:20","modified_gmt":"2025-04-22T14:29:20","slug":"chopard-1000-miglia-eau-de-toilette-80ml","status":"publish","type":"product","link":"https:\/\/www.freeshopfrontiera.ch\/fr\/shop\/chopard-1000-miglia-eau-de-toilette-80ml\/","title":{"rendered":"CHOPARD 1000 Miglia Eau de Toilette 80ml"},"content":{"rendered":"<p class=\"\" data-start=\"1576\" data-end=\"1837\"><strong data-start=\"1576\" data-end=\"1615\">CHOPARD 1000 Miglia Eau de Toilette<\/strong> est un parfum masculin intense et dynamique, inspir\u00e9 de la c\u00e9l\u00e8bre course automobile italienne. Une fragrance qui incarne l\u2019\u00e9l\u00e9gance, la vitesse et la passion, con\u00e7ue pour l\u2019homme audacieux et raffin\u00e9 en qu\u00eate d\u2019aventure.<\/p>\n<p class=\"\" data-start=\"1839\" data-end=\"2293\">La fragrance s\u2019ouvre sur un accord frais et vibrant de <strong data-start=\"1894\" data-end=\"1907\">bergamote<\/strong>, <strong data-start=\"1909\" data-end=\"1920\">lavande<\/strong> et <strong data-start=\"1924\" data-end=\"1943\">notes ozoniques<\/strong>, rappelant la sensation de libert\u00e9 d\u2019un trajet sur route ouverte. Le c\u0153ur, chaleureux et aromatique, associe <strong data-start=\"2053\" data-end=\"2061\">cuir<\/strong>, <strong data-start=\"2063\" data-end=\"2075\">violette<\/strong> et <strong data-start=\"2079\" data-end=\"2092\">gen\u00e9vrier<\/strong>, ajoutant caract\u00e8re et intensit\u00e9. Le fond d\u00e9voile une base masculine, profonde et persistante, compos\u00e9e de <strong data-start=\"2200\" data-end=\"2216\">bois d\u2019ambre<\/strong>, <strong data-start=\"2218\" data-end=\"2231\">patchouli<\/strong> et <strong data-start=\"2235\" data-end=\"2252\">caf\u00e9 torr\u00e9fi\u00e9<\/strong>, pour une signature olfactive puissante.<\/p>\n<p class=\"\" data-start=\"2295\" data-end=\"2496\">Le flacon, au design robuste et masculin, rend hommage \u00e0 l\u2019univers des voitures de collection, avec des d\u00e9tails inspir\u00e9s des compteurs de vitesse vintage. Une ode au style et \u00e0 l\u2019\u00e9l\u00e9gance intemporelle.<\/p>\n<p class=\"\" data-start=\"2498\" data-end=\"2669\"><strong data-start=\"2498\" data-end=\"2521\">CHOPARD 1000 Miglia<\/strong> est id\u00e9al pour l\u2019homme qui vit chaque jour comme une course, avec d\u00e9termination et \u00e9l\u00e9gance. Parfait au quotidien comme lors d\u2019occasions sp\u00e9ciales.<\/p>\n<p class=\"\" data-start=\"2671\" data-end=\"2831\">Un \u00e9quilibre parfait entre sportivit\u00e9 et sophistication, entre tradition et modernit\u00e9. Chaque vaporisation est un voyage sensoriel \u00e0 travers vitesse et \u00e9motion. <strong data-start=\"1576\" data-end=\"1615\">CHOPARD 1000 Miglia Eau de Toilette<\/strong> est un parfum masculin intense et dynamique, inspir\u00e9 de la c\u00e9l\u00e8bre course automobile italienne.<\/p>\n<p class=\"\" data-start=\"2833\" data-end=\"2938\">Une excellente id\u00e9e cadeau pour l\u2019homme charismatique, sign\u00e9e <strong data-start=\"2895\" data-end=\"2906\">CHOPARD<\/strong>, symbole de luxe et de passion.<\/p>\n<p data-start=\"2833\" data-end=\"2938\">\n<p data-start=\"1547\" data-end=\"1656\">Follow us! <a href=\"https:\/\/www.instagram.com\/freeshopswiss\/\" target=\"_blank\" rel=\"noopener\">@freeshopswiss<\/a><\/p>\n","protected":false},"excerpt":{"rendered":"<p><em><strong data-start=\"156\" data-end=\"195\">Eau de Toilette<\/strong><\/em><\/p>\n","protected":false},"featured_media":27743,"comment_status":"open","ping_status":"closed","template":"","meta":[],"pwb-brand":[273],"product_brand":[],"product_cat":[87,89],"product_tag":[141,1629,143,97],"class_list":{"0":"post-27747","1":"product","2":"type-product","3":"status-publish","4":"has-post-thumbnail","6":"pwb-brand-chopard","7":"product_cat-parfums","8":"product_cat-pour-lui","9":"product_tag-eau-de-toilette-fr","10":"product_tag-mens-fragrances-fr","11":"product_tag-homme","12":"product_tag-parfums","14":"first","15":"instock","16":"sale","17":"taxable","18":"shipping-taxable","19":"purchasable","20":"product-type-simple"},"brands":[{"id":273,"name":"Chopard","slug":"chopard"}],"_links":{"self":[{"href":"https:\/\/www.freeshopfrontiera.ch\/fr\/wp-json\/wp\/v2\/product\/27747","targetHints":{"allow":["GET"]}}],"collection":[{"href":"https:\/\/www.freeshopfrontiera.ch\/fr\/wp-json\/wp\/v2\/product"}],"about":[{"href":"https:\/\/www.freeshopfrontiera.ch\/fr\/wp-json\/wp\/v2\/types\/product"}],"replies":[{"embeddable":true,"href":"https:\/\/www.freeshopfrontiera.ch\/fr\/wp-json\/wp\/v2\/comments?post=27747"}],"version-history":[{"count":3,"href":"https:\/\/www.freeshopfrontiera.ch\/fr\/wp-json\/wp\/v2\/product\/27747\/revisions"}],"predecessor-version":[{"id":27756,"href":"https:\/\/www.freeshopfrontiera.ch\/fr\/wp-json\/wp\/v2\/product\/27747\/revisions\/27756"}],"wp:featuredmedia":[{"embeddable":true,"href":"https:\/\/www.freeshopfrontiera.ch\/fr\/wp-json\/wp\/v2\/media\/27743"}],"wp:attachment":[{"href":"https:\/\/www.freeshopfrontiera.ch\/fr\/wp-json\/wp\/v2\/media?parent=27747"}],"wp:term":[{"taxonomy":"pwb-brand","embeddable":true,"href":"https:\/\/www.freeshopfrontiera.ch\/fr\/wp-json\/wp\/v2\/pwb-brand?post=27747"},{"taxonomy":"product_brand","embeddable":true,"href":"https:\/\/www.freeshopfrontiera.ch\/fr\/wp-json\/wp\/v2\/product_brand?post=27747"},{"taxonomy":"product_cat","embeddable":true,"href":"https:\/\/www.freeshopfrontiera.ch\/fr\/wp-json\/wp\/v2\/product_cat?post=27747"},{"taxonomy":"product_tag","embeddable":true,"href":"https:\/\/www.freeshopfrontiera.ch\/fr\/wp-json\/wp\/v2\/product_tag?post=27747"}],"curies":[{"name":"wp","href":"https:\/\/api.w.org\/{rel}","templated":true}]}}