{"id":27776,"date":"2025-04-22T15:56:29","date_gmt":"2025-04-22T15:56:29","guid":{"rendered":"https:\/\/www.freeshopfrontiera.ch\/shop\/house-of-perfumes-glorious-oud-black-100ml\/"},"modified":"2025-04-23T07:05:03","modified_gmt":"2025-04-23T07:05:03","slug":"house-of-perfumes-glorious-oud-black-100ml","status":"publish","type":"product","link":"https:\/\/www.freeshopfrontiera.ch\/fr\/shop\/house-of-perfumes-glorious-oud-black-100ml\/","title":{"rendered":"HOUSE OF PERFUMES Glorious Oud Black 100ml"},"content":{"rendered":"<p class=\"\" data-start=\"3052\" data-end=\"3658\"><strong data-start=\"3052\" data-end=\"3112\">HOUSE OF PERFUMES Glorious Oud Black Eau de Parfum 100ml<\/strong> est un parfum unisexe envo\u00fbtant et sophistiqu\u00e9, con\u00e7u pour ceux qui aiment les notes chaudes, bois\u00e9es et profondes, et recherchent un parfum qui exprime l\u2019\u00e9l\u00e9gance, l\u2019intensit\u00e9 et la personnalit\u00e9. D\u00e8s la premi\u00e8re pulv\u00e9risation, il r\u00e9v\u00e8le un m\u00e9lange raffin\u00e9 et captivant d\u2019ambrettolide, d\u2019oud et d\u2019helv\u00e9tolide : une ouverture musqu\u00e9e et velout\u00e9e qui s\u00e9duit les sens et laisse une impression durable. Le c\u0153ur et le fond de la composition se d\u00e9veloppent sur des accords bois\u00e9s intenses et persistants, cr\u00e9ant un sillage chaud, sensuel et structur\u00e9.<\/p>\n<p class=\"\" data-start=\"3660\" data-end=\"4046\"><strong data-start=\"3660\" data-end=\"3700\">HOUSE OF PERFUMES Glorious Oud Black<\/strong> est id\u00e9al au quotidien, mais r\u00e9v\u00e8le tout son charme lors de soir\u00e9es \u00e9l\u00e9gantes ou d\u2019occasions sp\u00e9ciales. Parfait pour ceux qui souhaitent se d\u00e9marquer avec discr\u00e9tion, gr\u00e2ce \u00e0 une pr\u00e9sence subtile mais inoubliable. Ce parfum convient aussi bien \u00e0 la peau f\u00e9minine qu\u2019\u00e0 la peau masculine, affirmant ainsi sa polyvalence et son esprit contemporain.<\/p>\n<p class=\"\" data-start=\"4048\" data-end=\"4472\">Le flacon de 100 ml arbore un design minimaliste et soign\u00e9 : noir \u00e9l\u00e9gant avec des d\u00e9tails dor\u00e9s, il \u00e9voque le luxe et la sobri\u00e9t\u00e9, et devient un bel objet \u00e0 exposer. <strong data-start=\"4215\" data-end=\"4237\">Glorious Oud Black<\/strong> est un excellent choix pour ceux qui recherchent un parfum de haute qualit\u00e9 \u00e0 un prix accessible, ou un cadeau raffin\u00e9 et de caract\u00e8re. Une v\u00e9ritable d\u00e9claration de style pour les amateurs de parfums intenses, \u00e9l\u00e9gants et intemporels.<\/p>\n<p data-start=\"976\" data-end=\"1388\">Follow us! <a href=\"https:\/\/www.instagram.com\/freeshopswiss\/\" target=\"_blank\" rel=\"noopener\">@freeshopswiss<\/a><\/p>\n","protected":false},"excerpt":{"rendered":"<p><em><strong>Eau de Parfum<\/strong><\/em><\/p>\n","protected":false},"featured_media":27763,"comment_status":"open","ping_status":"closed","template":"","meta":[],"pwb-brand":[391],"product_brand":[],"product_cat":[87,109,89],"product_tag":[252,296,789,1629,143,97,594],"class_list":{"0":"post-27776","1":"product","2":"type-product","3":"status-publish","4":"has-post-thumbnail","6":"pwb-brand-house-of-perfumes","7":"product_cat-parfums","8":"product_cat-pour-elle","9":"product_cat-pour-lui","10":"product_tag-eau-de-parfum-fr","11":"product_tag-femme","12":"product_tag-womens-fragrances-fr","13":"product_tag-mens-fragrances-fr","14":"product_tag-homme","15":"product_tag-parfums","16":"product_tag-unisex-fr-2","18":"first","19":"instock","20":"sale","21":"taxable","22":"shipping-taxable","23":"purchasable","24":"product-type-simple"},"brands":[{"id":391,"name":"House of Perfumes","slug":"house-of-perfumes"}],"_links":{"self":[{"href":"https:\/\/www.freeshopfrontiera.ch\/fr\/wp-json\/wp\/v2\/product\/27776","targetHints":{"allow":["GET"]}}],"collection":[{"href":"https:\/\/www.freeshopfrontiera.ch\/fr\/wp-json\/wp\/v2\/product"}],"about":[{"href":"https:\/\/www.freeshopfrontiera.ch\/fr\/wp-json\/wp\/v2\/types\/product"}],"replies":[{"embeddable":true,"href":"https:\/\/www.freeshopfrontiera.ch\/fr\/wp-json\/wp\/v2\/comments?post=27776"}],"version-history":[{"count":1,"href":"https:\/\/www.freeshopfrontiera.ch\/fr\/wp-json\/wp\/v2\/product\/27776\/revisions"}],"predecessor-version":[{"id":27780,"href":"https:\/\/www.freeshopfrontiera.ch\/fr\/wp-json\/wp\/v2\/product\/27776\/revisions\/27780"}],"wp:featuredmedia":[{"embeddable":true,"href":"https:\/\/www.freeshopfrontiera.ch\/fr\/wp-json\/wp\/v2\/media\/27763"}],"wp:attachment":[{"href":"https:\/\/www.freeshopfrontiera.ch\/fr\/wp-json\/wp\/v2\/media?parent=27776"}],"wp:term":[{"taxonomy":"pwb-brand","embeddable":true,"href":"https:\/\/www.freeshopfrontiera.ch\/fr\/wp-json\/wp\/v2\/pwb-brand?post=27776"},{"taxonomy":"product_brand","embeddable":true,"href":"https:\/\/www.freeshopfrontiera.ch\/fr\/wp-json\/wp\/v2\/product_brand?post=27776"},{"taxonomy":"product_cat","embeddable":true,"href":"https:\/\/www.freeshopfrontiera.ch\/fr\/wp-json\/wp\/v2\/product_cat?post=27776"},{"taxonomy":"product_tag","embeddable":true,"href":"https:\/\/www.freeshopfrontiera.ch\/fr\/wp-json\/wp\/v2\/product_tag?post=27776"}],"curies":[{"name":"wp","href":"https:\/\/api.w.org\/{rel}","templated":true}]}}