{"id":27810,"date":"2025-04-23T08:13:16","date_gmt":"2025-04-23T08:13:16","guid":{"rendered":"https:\/\/www.freeshopfrontiera.ch\/shop\/john-varvatos-set-men\/"},"modified":"2025-04-23T11:13:06","modified_gmt":"2025-04-23T11:13:06","slug":"john-varvatos-set-men","status":"publish","type":"product","link":"https:\/\/www.freeshopfrontiera.ch\/fr\/shop\/john-varvatos-set-men\/","title":{"rendered":"JOHN VARVATOS SET Men"},"content":{"rendered":"<p>Le coffret <strong>John Varvatos Men<\/strong> contient une Eau de Toilette de 125ml et deux formats voyage de 17ml et 15ml, id\u00e9al pour les hommes \u00e0 la recherche d\u2019un parfum \u00e9l\u00e9gant, moderne et avec du caract\u00e8re. Cette fragrance sign\u00e9e John Varvatos marie l\u2019\u00e9l\u00e9gance classique \u00e0 une touche contemporaine, offrant une composition sophistiqu\u00e9e qui exprime la personnalit\u00e9 et le style.<\/p>\n<p>Elle s\u2019ouvre sur des notes de t\u00eate fra\u00eeches et \u00e9pic\u00e9es de tamarin, datte et coriandre, suivies d\u2019un c\u0153ur intense de cuir, sauge et poivre noir. Le fond, chaud et enveloppant, associe ambre, bois pr\u00e9cieux et r\u00e9sines orientales, pour un sillage masculin et persistant. Ce coffret parfum homme John Varvatos est con\u00e7u pour accompagner chaque moment de la journ\u00e9e, gr\u00e2ce \u00e0 un flacon de 125ml pour un usage quotidien et deux formats pratiques \u00e0 emporter partout.<\/p>\n<p>Le design des flacons est sobre et \u00e9l\u00e9gant, fid\u00e8le \u00e0 l\u2019esth\u00e9tique de la marque. Ce coffret cadeau est le choix id\u00e9al pour les hommes qui aiment se distinguer avec discr\u00e9tion et recherchent un parfum polyvalent et raffin\u00e9. Parfait aussi comme id\u00e9e cadeau pour un anniversaire, une f\u00eate ou une occasion sp\u00e9ciale. Le coffret Eau de Toilette John Varvatos est un incontournable de la parfumerie masculine, alliant \u00e9l\u00e9gance, intensit\u00e9 et praticit\u00e9.<\/p>\n<p>&nbsp;<\/p>\n<p>Follow us! <a href=\"https:\/\/www.instagram.com\/freeshopswiss\/\" target=\"_blank\" rel=\"noopener\">@freeshopswiss<\/a><\/p>\n","protected":false},"excerpt":{"rendered":"<p>Le coffret John Varvatos Men contient une Eau de Toilette de 125ml et deux formats voyage de 17ml et 15ml, id\u00e9al pour les hommes \u00e0 la recherche d\u2019un parfum \u00e9l\u00e9gant, moderne et avec du caract\u00e8re. Cette fragrance sign\u00e9e John Varvatos marie l\u2019\u00e9l\u00e9gance classique \u00e0 une touche contemporaine, offrant une composition sophistiqu\u00e9e qui exprime la personnalit\u00e9 [&hellip;]<\/p>\n","protected":false},"featured_media":27802,"comment_status":"open","ping_status":"closed","template":"","meta":[],"pwb-brand":[947],"product_brand":[],"product_cat":[87,89],"product_tag":[459,464,1629,143],"class_list":{"0":"post-27810","1":"product","2":"type-product","3":"status-publish","4":"has-post-thumbnail","6":"pwb-brand-john-varvatos","7":"product_cat-parfums","8":"product_cat-pour-lui","9":"product_tag-coffret","10":"product_tag-coffret-homme","11":"product_tag-mens-fragrances-fr","12":"product_tag-homme","14":"first","15":"outofstock","16":"sale","17":"taxable","18":"shipping-taxable","19":"purchasable","20":"product-type-simple"},"brands":[{"id":947,"name":"John Varvatos","slug":"john-varvatos"}],"_links":{"self":[{"href":"https:\/\/www.freeshopfrontiera.ch\/fr\/wp-json\/wp\/v2\/product\/27810","targetHints":{"allow":["GET"]}}],"collection":[{"href":"https:\/\/www.freeshopfrontiera.ch\/fr\/wp-json\/wp\/v2\/product"}],"about":[{"href":"https:\/\/www.freeshopfrontiera.ch\/fr\/wp-json\/wp\/v2\/types\/product"}],"replies":[{"embeddable":true,"href":"https:\/\/www.freeshopfrontiera.ch\/fr\/wp-json\/wp\/v2\/comments?post=27810"}],"version-history":[{"count":2,"href":"https:\/\/www.freeshopfrontiera.ch\/fr\/wp-json\/wp\/v2\/product\/27810\/revisions"}],"predecessor-version":[{"id":27815,"href":"https:\/\/www.freeshopfrontiera.ch\/fr\/wp-json\/wp\/v2\/product\/27810\/revisions\/27815"}],"wp:featuredmedia":[{"embeddable":true,"href":"https:\/\/www.freeshopfrontiera.ch\/fr\/wp-json\/wp\/v2\/media\/27802"}],"wp:attachment":[{"href":"https:\/\/www.freeshopfrontiera.ch\/fr\/wp-json\/wp\/v2\/media?parent=27810"}],"wp:term":[{"taxonomy":"pwb-brand","embeddable":true,"href":"https:\/\/www.freeshopfrontiera.ch\/fr\/wp-json\/wp\/v2\/pwb-brand?post=27810"},{"taxonomy":"product_brand","embeddable":true,"href":"https:\/\/www.freeshopfrontiera.ch\/fr\/wp-json\/wp\/v2\/product_brand?post=27810"},{"taxonomy":"product_cat","embeddable":true,"href":"https:\/\/www.freeshopfrontiera.ch\/fr\/wp-json\/wp\/v2\/product_cat?post=27810"},{"taxonomy":"product_tag","embeddable":true,"href":"https:\/\/www.freeshopfrontiera.ch\/fr\/wp-json\/wp\/v2\/product_tag?post=27810"}],"curies":[{"name":"wp","href":"https:\/\/api.w.org\/{rel}","templated":true}]}}