{"id":27994,"date":"2025-04-23T10:56:59","date_gmt":"2025-04-23T10:56:59","guid":{"rendered":"https:\/\/www.freeshopfrontiera.ch\/shop\/hermes-24-faubourg-eau-de-toilette-100ml\/"},"modified":"2025-04-23T12:39:33","modified_gmt":"2025-04-23T12:39:33","slug":"hermes-24-faubourg-eau-de-toilette-100ml","status":"publish","type":"product","link":"https:\/\/www.freeshopfrontiera.ch\/fr\/shop\/hermes-24-faubourg-eau-de-toilette-100ml\/","title":{"rendered":"HERMES 24 Faubourg Eau de Toilette 100ml"},"content":{"rendered":"<p class=\"\" data-start=\"2910\" data-end=\"3293\">D\u00e9couvrez <strong data-start=\"2920\" data-end=\"2964\">HERM\u00c8S 24 Faubourg Eau de Toilette 100ml<\/strong>, un parfum raffin\u00e9 et lumineux qui incarne l\u2019essence du style parisien le plus authentique. Inspir\u00e9e de l\u2019adresse historique de la Maison Herm\u00e8s \u2013 24, rue du Faubourg Saint-Honor\u00e9 \u2013 cette fragrance f\u00e9minine \u00e9voque un voyage solaire entre lumi\u00e8re et sensualit\u00e9, d\u00e9di\u00e9 \u00e0 une femme \u00e9l\u00e9gante, confiante et amoureuse du luxe discret.<\/p>\n<p class=\"\" data-start=\"3295\" data-end=\"3670\">La composition olfactive s\u2019ouvre sur des notes fra\u00eeches et p\u00e9tillantes de fleurs blanches et d\u2019agrumes, apportant l\u00e9g\u00e8ret\u00e9 et vitalit\u00e9. En c\u0153ur, le jasmin, le gard\u00e9nia et l\u2019iris s\u2019entrelacent dans un bouquet riche, enveloppant et sophistiqu\u00e9. Le fond, doux et sensuel, d\u00e9voile des accords d\u2019ambre, de vanille et de bois pr\u00e9cieux pour un sillage chaud, \u00e9l\u00e9gant et inoubliable.<\/p>\n<p class=\"\" data-start=\"3672\" data-end=\"4020\"><strong data-start=\"3672\" data-end=\"3703\">24 Faubourg Eau de Toilette<\/strong> se porte comme un bijou pr\u00e9cieux : discret, mais inoubliable. Id\u00e9al pour la journ\u00e9e, il s\u2019adapte \u00e9galement aux occasions sp\u00e9ciales gr\u00e2ce \u00e0 sa personnalit\u00e9 lumineuse et f\u00e9minine. Le flacon en verre aux courbes dor\u00e9es refl\u00e8te la lumi\u00e8re comme de la soie sur la peau, soulignant l\u2019\u00e9l\u00e9gance intemporelle de la fragrance.<\/p>\n<p class=\"\" data-start=\"4022\" data-end=\"4272\">Un grand classique intemporel de la parfumerie de luxe, parfait pour celles qui recherchent un parfum qui parle de gr\u00e2ce, de beaut\u00e9 et de f\u00e9minit\u00e9. <strong data-start=\"4170\" data-end=\"4192\">HERM\u00c8S 24 Faubourg<\/strong>, plus qu\u2019un parfum : une exp\u00e9rience sensorielle au c\u0153ur de la tradition Herm\u00e8s.<\/p>\n<p data-start=\"1282\" data-end=\"1515\">Follow us! <a href=\"https:\/\/www.instagram.com\/freeshopswiss\/\" target=\"_blank\" rel=\"noopener\">@freeshopswiss<\/a><\/p>\n","protected":false},"excerpt":{"rendered":"<p><em><strong>Eau de Toilette<\/strong><\/em><\/p>\n","protected":false},"featured_media":27959,"comment_status":"open","ping_status":"closed","template":"","meta":[],"pwb-brand":[376],"product_brand":[],"product_cat":[87,109],"product_tag":[141,296,789,97],"class_list":{"0":"post-27994","1":"product","2":"type-product","3":"status-publish","4":"has-post-thumbnail","6":"pwb-brand-hermes","7":"product_cat-parfums","8":"product_cat-pour-elle","9":"product_tag-eau-de-toilette-fr","10":"product_tag-femme","11":"product_tag-womens-fragrances-fr","12":"product_tag-parfums","14":"first","15":"instock","16":"sale","17":"taxable","18":"shipping-taxable","19":"purchasable","20":"product-type-simple"},"brands":[{"id":376,"name":"Hermes","slug":"hermes"}],"_links":{"self":[{"href":"https:\/\/www.freeshopfrontiera.ch\/fr\/wp-json\/wp\/v2\/product\/27994","targetHints":{"allow":["GET"]}}],"collection":[{"href":"https:\/\/www.freeshopfrontiera.ch\/fr\/wp-json\/wp\/v2\/product"}],"about":[{"href":"https:\/\/www.freeshopfrontiera.ch\/fr\/wp-json\/wp\/v2\/types\/product"}],"replies":[{"embeddable":true,"href":"https:\/\/www.freeshopfrontiera.ch\/fr\/wp-json\/wp\/v2\/comments?post=27994"}],"version-history":[{"count":1,"href":"https:\/\/www.freeshopfrontiera.ch\/fr\/wp-json\/wp\/v2\/product\/27994\/revisions"}],"predecessor-version":[{"id":28007,"href":"https:\/\/www.freeshopfrontiera.ch\/fr\/wp-json\/wp\/v2\/product\/27994\/revisions\/28007"}],"wp:featuredmedia":[{"embeddable":true,"href":"https:\/\/www.freeshopfrontiera.ch\/fr\/wp-json\/wp\/v2\/media\/27959"}],"wp:attachment":[{"href":"https:\/\/www.freeshopfrontiera.ch\/fr\/wp-json\/wp\/v2\/media?parent=27994"}],"wp:term":[{"taxonomy":"pwb-brand","embeddable":true,"href":"https:\/\/www.freeshopfrontiera.ch\/fr\/wp-json\/wp\/v2\/pwb-brand?post=27994"},{"taxonomy":"product_brand","embeddable":true,"href":"https:\/\/www.freeshopfrontiera.ch\/fr\/wp-json\/wp\/v2\/product_brand?post=27994"},{"taxonomy":"product_cat","embeddable":true,"href":"https:\/\/www.freeshopfrontiera.ch\/fr\/wp-json\/wp\/v2\/product_cat?post=27994"},{"taxonomy":"product_tag","embeddable":true,"href":"https:\/\/www.freeshopfrontiera.ch\/fr\/wp-json\/wp\/v2\/product_tag?post=27994"}],"curies":[{"name":"wp","href":"https:\/\/api.w.org\/{rel}","templated":true}]}}