{"id":28126,"date":"2025-04-25T07:25:25","date_gmt":"2025-04-25T07:25:25","guid":{"rendered":"https:\/\/www.freeshopfrontiera.ch\/shop\/yves-saint-laurent-myslf-eau-de-parfum\/"},"modified":"2025-04-25T07:28:55","modified_gmt":"2025-04-25T07:28:55","slug":"yves-saint-laurent-myslf-eau-de-parfum","status":"publish","type":"product","link":"https:\/\/www.freeshopfrontiera.ch\/fr\/shop\/yves-saint-laurent-myslf-eau-de-parfum\/","title":{"rendered":"YVES SAINT LAURENT MYSLF Eau de Parfum"},"content":{"rendered":"<p class=\"\" data-start=\"3386\" data-end=\"3463\"><strong data-start=\"3386\" data-end=\"3463\">Yves Saint Laurent MYSLF Eau de Parfum \u2013 L\u2019Essence de l\u2019Expression de Soi<\/strong><\/p>\n<p class=\"\" data-start=\"3465\" data-end=\"3763\">MYSLF Eau de Parfum de Yves Saint Laurent est une fragrance masculine moderne, audacieuse et profonde. D\u00e9di\u00e9e \u00e0 ceux qui n&rsquo;ont pas peur d&rsquo;affirmer leur identit\u00e9, cette cr\u00e9ation olfactive c\u00e9l\u00e8bre l\u2019unicit\u00e9 et l\u2019authenticit\u00e9. Un parfum \u00e9l\u00e9gant, polyvalent et vibrant, pens\u00e9 pour l\u2019homme contemporain.<\/p>\n<p class=\"\" data-start=\"3765\" data-end=\"4129\">D\u00e8s les premi\u00e8res notes, MYSLF s\u00e9duit par la fra\u00eecheur de la bergamote de Calabre. Hesp\u00e9rid\u00e9e et lumineuse, elle ouvre la composition avec \u00e9nergie et vitalit\u00e9. En c\u0153ur, la fleur d\u2019oranger se m\u00eale \u00e0 des touches aromatiques pour une signature raffin\u00e9e et sensuelle. En fond, des bois ambr\u00e9s et du patchouli offrent une profondeur chaleureuse et une excellente tenue.<\/p>\n<p class=\"\" data-start=\"4131\" data-end=\"4319\">Le r\u00e9sultat est un parfum \u00e9quilibr\u00e9, alliant l\u00e9g\u00e8ret\u00e9 et intensit\u00e9. Id\u00e9al de jour comme de nuit, en toute saison. MYSLF s\u2019adresse \u00e0 ceux qui veulent se d\u00e9marquer tout en restant eux-m\u00eames.<\/p>\n<p class=\"\" data-start=\"4321\" data-end=\"4506\">Le flacon incarne cette philosophie. Des lignes nettes, un noir profond. Un design minimaliste qui exprime force et \u00e9l\u00e9gance. Le logo YSL grav\u00e9 sur le verre apporte une touche iconique.<\/p>\n<p class=\"\" data-start=\"4508\" data-end=\"4696\">Avec MYSLF, Yves Saint Laurent propose une nouvelle vision de la masculinit\u00e9. Ouverte, inclusive, lib\u00e9r\u00e9e des d\u00e9finitions classiques. Une invitation \u00e0 s\u2019exprimer librement, sans compromis.<\/p>\n<p class=\"\" data-start=\"4698\" data-end=\"4882\">Si vous recherchez un parfum masculin \u00e0 la fois frais, intense, raffin\u00e9 et moderne, MYSLF est le choix parfait. Une excellente id\u00e9e cadeau pour un homme s\u00fbr de lui et libre dans l\u2019\u00e2me.<\/p>\n<p class=\"\" data-start=\"4884\" data-end=\"4998\">D\u00e9couvrez MYSLF Eau de Parfum et laissez-vous envo\u00fbter par une signature olfactive unique. Par Yves Saint Laurent.<\/p>\n<p data-start=\"1724\" data-end=\"1822\">Follow us! <a href=\"https:\/\/www.instagram.com\/freeshopswiss\/\" target=\"_blank\" rel=\"noopener\">@freeshopswiss<\/a><\/p>\n","protected":false},"excerpt":{"rendered":"<p><em><strong>Eau de Parfum<\/strong><\/em><\/p>\n","protected":false},"featured_media":28102,"comment_status":"open","ping_status":"closed","template":"","meta":[],"pwb-brand":[268],"product_brand":[],"product_cat":[138,87,89],"product_tag":[252,1629,143,278,97],"class_list":{"0":"post-28126","1":"product","2":"type-product","3":"status-publish","4":"has-post-thumbnail","6":"pwb-brand-yves-saint-laurent","7":"product_cat-offre","8":"product_cat-parfums","9":"product_cat-pour-lui","10":"product_tag-eau-de-parfum-fr","11":"product_tag-mens-fragrances-fr","12":"product_tag-homme","13":"product_tag-offre","14":"product_tag-parfums","16":"first","17":"instock","18":"sale","19":"taxable","20":"shipping-taxable","21":"purchasable","22":"product-type-variable"},"brands":[{"id":268,"name":"Yves Saint Laurent","slug":"yves-saint-laurent"}],"_links":{"self":[{"href":"https:\/\/www.freeshopfrontiera.ch\/fr\/wp-json\/wp\/v2\/product\/28126","targetHints":{"allow":["GET"]}}],"collection":[{"href":"https:\/\/www.freeshopfrontiera.ch\/fr\/wp-json\/wp\/v2\/product"}],"about":[{"href":"https:\/\/www.freeshopfrontiera.ch\/fr\/wp-json\/wp\/v2\/types\/product"}],"replies":[{"embeddable":true,"href":"https:\/\/www.freeshopfrontiera.ch\/fr\/wp-json\/wp\/v2\/comments?post=28126"}],"version-history":[{"count":1,"href":"https:\/\/www.freeshopfrontiera.ch\/fr\/wp-json\/wp\/v2\/product\/28126\/revisions"}],"predecessor-version":[{"id":28133,"href":"https:\/\/www.freeshopfrontiera.ch\/fr\/wp-json\/wp\/v2\/product\/28126\/revisions\/28133"}],"wp:featuredmedia":[{"embeddable":true,"href":"https:\/\/www.freeshopfrontiera.ch\/fr\/wp-json\/wp\/v2\/media\/28102"}],"wp:attachment":[{"href":"https:\/\/www.freeshopfrontiera.ch\/fr\/wp-json\/wp\/v2\/media?parent=28126"}],"wp:term":[{"taxonomy":"pwb-brand","embeddable":true,"href":"https:\/\/www.freeshopfrontiera.ch\/fr\/wp-json\/wp\/v2\/pwb-brand?post=28126"},{"taxonomy":"product_brand","embeddable":true,"href":"https:\/\/www.freeshopfrontiera.ch\/fr\/wp-json\/wp\/v2\/product_brand?post=28126"},{"taxonomy":"product_cat","embeddable":true,"href":"https:\/\/www.freeshopfrontiera.ch\/fr\/wp-json\/wp\/v2\/product_cat?post=28126"},{"taxonomy":"product_tag","embeddable":true,"href":"https:\/\/www.freeshopfrontiera.ch\/fr\/wp-json\/wp\/v2\/product_tag?post=28126"}],"curies":[{"name":"wp","href":"https:\/\/api.w.org\/{rel}","templated":true}]}}