{"id":28138,"date":"2025-04-23T16:00:12","date_gmt":"2025-04-23T16:00:12","guid":{"rendered":"https:\/\/www.freeshopfrontiera.ch\/shop\/la-mer-creme-de-la-mer-the-moisturizing-cream-60ml\/"},"modified":"2025-05-09T09:16:23","modified_gmt":"2025-05-09T09:16:23","slug":"la-mer-creme-de-la-mer-the-moisturizing-cream-60ml","status":"publish","type":"product","link":"https:\/\/www.freeshopfrontiera.ch\/fr\/shop\/la-mer-creme-de-la-mer-the-moisturizing-cream-60ml\/","title":{"rendered":"LA MER Creme de La Mer &#8211; The Moisturizing Cream"},"content":{"rendered":"<p class=\"\" data-start=\"4478\" data-end=\"4931\"><strong data-start=\"4478\" data-end=\"4534\">LA MER Cr\u00e8me de La Mer \u2013 The Moisturizing Cream <\/strong>est bien plus qu&rsquo;une cr\u00e8me hydratante : c\u2019est une v\u00e9ritable ic\u00f4ne dans l\u2019univers des soins de la peau de luxe. N\u00e9e de la vision r\u00e9volutionnaire du Dr. Max Huber et perfectionn\u00e9e au fil des ann\u00e9es de recherche, cette cr\u00e8me d\u2019exception est enrichie du l\u00e9gendaire <strong data-start=\"4796\" data-end=\"4814\">Miracle Broth\u2122<\/strong>, un \u00e9lixir ferment\u00e9 \u00e0 base d\u2019algues marines, reconnu pour ses propri\u00e9t\u00e9s r\u00e9g\u00e9n\u00e9rantes, apaisantes et transformantes.<\/p>\n<p class=\"\" data-start=\"4933\" data-end=\"5271\">Sa texture riche, soyeuse et enveloppante est con\u00e7ue pour r\u00e9pondre aux besoins des peaux s\u00e8ches, sensibles ou stress\u00e9es, en offrant une hydratation intense et durable qui prot\u00e8ge la peau toute la journ\u00e9e. Jour apr\u00e8s jour, les signes de l\u2019\u00e2ge s\u2019estompent, les irritations diminuent, et la peau retrouve fermet\u00e9, \u00e9clat, douceur et jeunesse.<\/p>\n<p class=\"\" data-start=\"5273\" data-end=\"5562\">Le rituel d\u2019application fait partie int\u00e9grante de l\u2019exp\u00e9rience : il suffit de r\u00e9chauffer une petite quantit\u00e9 entre les doigts jusqu\u2019\u00e0 ce qu\u2019elle devienne translucide, puis de la presser d\u00e9licatement sur le visage. Un geste sensoriel qui transforme la routine en un moment de pur bien-\u00eatre.<\/p>\n<p class=\"\" data-start=\"5564\" data-end=\"5867\"><strong data-start=\"5564\" data-end=\"5583\">Cr\u00e8me de La Mer<\/strong> est le choix id\u00e9al pour celles et ceux qui recherchent une peau profond\u00e9ment nourrie, \u00e9quilibr\u00e9e et visiblement rajeunie, avec une touche d\u2019exclusivit\u00e9. Pr\u00e9sent\u00e9e dans un \u00e9l\u00e9gant pot, elle constitue \u00e9galement une id\u00e9e cadeau pr\u00e9cieuse pour les amateurs de soins d\u2019exception.<\/p>\n<p data-start=\"1177\" data-end=\"1403\">Follow us! <a href=\"https:\/\/www.instagram.com\/freeshopswiss\/\" target=\"_blank\" rel=\"noopener\">@freeshopswiss<\/a><\/p>\n","protected":false},"excerpt":{"rendered":"<p>LA MER Cr\u00e8me de La Mer \u2013 The Moisturizing Cream est bien plus qu&rsquo;une cr\u00e8me hydratante : c\u2019est une v\u00e9ritable ic\u00f4ne dans l\u2019univers des soins de la peau de luxe. N\u00e9e de la vision r\u00e9volutionnaire du Dr. Max Huber et perfectionn\u00e9e au fil des ann\u00e9es de recherche, cette cr\u00e8me d\u2019exception est enrichie du l\u00e9gendaire Miracle [&hellip;]<\/p>\n","protected":false},"featured_media":28083,"comment_status":"open","ping_status":"closed","template":"","meta":[],"pwb-brand":[962],"product_brand":[],"product_cat":[295],"product_tag":[296,417,301],"class_list":{"0":"post-28138","1":"product","2":"type-product","3":"status-publish","4":"has-post-thumbnail","6":"pwb-brand-la-mer","7":"product_cat-traitements","8":"product_tag-femme","9":"product_tag-soins-fr","10":"product_tag-soins-du-visage","12":"first","13":"instock","14":"sale","15":"taxable","16":"shipping-taxable","17":"purchasable","18":"product-type-variable"},"brands":[{"id":962,"name":"La Mer","slug":"la-mer"}],"_links":{"self":[{"href":"https:\/\/www.freeshopfrontiera.ch\/fr\/wp-json\/wp\/v2\/product\/28138","targetHints":{"allow":["GET"]}}],"collection":[{"href":"https:\/\/www.freeshopfrontiera.ch\/fr\/wp-json\/wp\/v2\/product"}],"about":[{"href":"https:\/\/www.freeshopfrontiera.ch\/fr\/wp-json\/wp\/v2\/types\/product"}],"replies":[{"embeddable":true,"href":"https:\/\/www.freeshopfrontiera.ch\/fr\/wp-json\/wp\/v2\/comments?post=28138"}],"version-history":[{"count":2,"href":"https:\/\/www.freeshopfrontiera.ch\/fr\/wp-json\/wp\/v2\/product\/28138\/revisions"}],"predecessor-version":[{"id":30011,"href":"https:\/\/www.freeshopfrontiera.ch\/fr\/wp-json\/wp\/v2\/product\/28138\/revisions\/30011"}],"wp:featuredmedia":[{"embeddable":true,"href":"https:\/\/www.freeshopfrontiera.ch\/fr\/wp-json\/wp\/v2\/media\/28083"}],"wp:attachment":[{"href":"https:\/\/www.freeshopfrontiera.ch\/fr\/wp-json\/wp\/v2\/media?parent=28138"}],"wp:term":[{"taxonomy":"pwb-brand","embeddable":true,"href":"https:\/\/www.freeshopfrontiera.ch\/fr\/wp-json\/wp\/v2\/pwb-brand?post=28138"},{"taxonomy":"product_brand","embeddable":true,"href":"https:\/\/www.freeshopfrontiera.ch\/fr\/wp-json\/wp\/v2\/product_brand?post=28138"},{"taxonomy":"product_cat","embeddable":true,"href":"https:\/\/www.freeshopfrontiera.ch\/fr\/wp-json\/wp\/v2\/product_cat?post=28138"},{"taxonomy":"product_tag","embeddable":true,"href":"https:\/\/www.freeshopfrontiera.ch\/fr\/wp-json\/wp\/v2\/product_tag?post=28138"}],"curies":[{"name":"wp","href":"https:\/\/api.w.org\/{rel}","templated":true}]}}