{"id":28238,"date":"2025-04-25T09:30:03","date_gmt":"2025-04-25T09:30:03","guid":{"rendered":"https:\/\/www.freeshopfrontiera.ch\/shop\/la-mer-the-moisturizing-fresh-cream-60ml\/"},"modified":"2025-04-25T09:32:55","modified_gmt":"2025-04-25T09:32:55","slug":"la-mer-the-moisturizing-fresh-cream-60ml","status":"publish","type":"product","link":"https:\/\/www.freeshopfrontiera.ch\/fr\/shop\/la-mer-the-moisturizing-fresh-cream-60ml\/","title":{"rendered":"LA MER The Moisturizing Fresh Cream 60ml"},"content":{"rendered":"<h3 class=\"\" data-start=\"1719\" data-end=\"1808\"><strong data-start=\"1723\" data-end=\"1808\">LA MER The Moisturizing Fresh Cream \u2013 Hydratation l\u00e9g\u00e8re, r\u00e9sultats exceptionnels<\/strong><\/h3>\n<p class=\"\" data-start=\"1810\" data-end=\"2185\"><strong data-start=\"1810\" data-end=\"1842\">The Moisturizing Fresh Cream<\/strong> de <strong data-start=\"1846\" data-end=\"1856\">La Mer<\/strong> est une nouvelle interpr\u00e9tation de l\u2019hydratation embl\u00e9matique de la marque, con\u00e7ue pour celles et ceux qui recherchent une texture plus l\u00e9g\u00e8re sans compromettre l\u2019efficacit\u00e9 du l\u00e9gendaire <strong data-start=\"2045\" data-end=\"2063\">Miracle Broth\u2122<\/strong>. Fra\u00eeche et d\u00e9licate au toucher, cette cr\u00e8me offre une hydratation en profondeur avec une sensation a\u00e9rienne sur la peau.<\/p>\n<p class=\"\" data-start=\"2187\" data-end=\"2520\">Enrichie de l\u2019<strong data-start=\"2201\" data-end=\"2237\">\u00e9lixir ferment\u00e9 d\u2019algues marines<\/strong>, The Moisturizing Fresh Cream apaise, revitalise et am\u00e9liore visiblement l\u2019apparence de la peau. Jour apr\u00e8s jour, la peau para\u00eet plus souple, plus douce et plus lumineuse. Les signes de fatigue s\u2019estompent et la barri\u00e8re cutan\u00e9e est renforc\u00e9e, r\u00e9v\u00e9lant une peau saine et renouvel\u00e9e.<\/p>\n<p class=\"\" data-start=\"2522\" data-end=\"2727\">Sa texture soyeuse se fond imm\u00e9diatement dans la peau, laissant une finition fra\u00eeche, non grasse. Id\u00e9ale pour les peaux normales \u00e0 mixtes, ou pour celles qui pr\u00e9f\u00e8rent une hydratation efficace mais l\u00e9g\u00e8re.<\/p>\n<p class=\"\" data-start=\"2729\" data-end=\"2950\">Comme tous les soins La Mer, l\u2019application suit un rituel pr\u00e9cis : faire chauffer une petite quantit\u00e9 entre les doigts pour activer les ingr\u00e9dients, puis presser d\u00e9licatement sur le visage. Un moment de luxe au quotidien.<\/p>\n<p class=\"\" data-start=\"2952\" data-end=\"3143\">Pr\u00e9sent\u00e9e dans un \u00e9l\u00e9gant pot de <strong data-start=\"2985\" data-end=\"2994\">60 ml<\/strong>, The Moisturizing Fresh Cream est le soin parfait au quotidien, en particulier pendant les saisons chaudes ou pour les amateurs de textures l\u00e9g\u00e8res.<\/p>\n<p class=\"\" data-start=\"3145\" data-end=\"3285\">D\u00e9couvrez <strong data-start=\"3155\" data-end=\"3194\">LA MER The Moisturizing Fresh Cream<\/strong> : une fra\u00eecheur nouvelle qui r\u00e9g\u00e9n\u00e8re, revitalise et illumine votre peau, jour apr\u00e8s jour.<\/p>\n<p data-start=\"1721\" data-end=\"1856\">Follow us! <a href=\"https:\/\/www.instagram.com\/freeshopswiss\/\" target=\"_blank\" rel=\"noopener\">@freeshopswiss<\/a><\/p>\n","protected":false},"excerpt":{"rendered":"<p>LA MER The Moisturizing Fresh Cream \u2013 Hydratation l\u00e9g\u00e8re, r\u00e9sultats exceptionnels The Moisturizing Fresh Cream de La Mer est une nouvelle interpr\u00e9tation de l\u2019hydratation embl\u00e9matique de la marque, con\u00e7ue pour celles et ceux qui recherchent une texture plus l\u00e9g\u00e8re sans compromettre l\u2019efficacit\u00e9 du l\u00e9gendaire Miracle Broth\u2122. Fra\u00eeche et d\u00e9licate au toucher, cette cr\u00e8me offre une [&hellip;]<\/p>\n","protected":false},"featured_media":28228,"comment_status":"open","ping_status":"closed","template":"","meta":[],"pwb-brand":[962],"product_brand":[],"product_cat":[109,295,545],"product_tag":[296,417,301],"class_list":{"0":"post-28238","1":"product","2":"type-product","3":"status-publish","4":"has-post-thumbnail","6":"pwb-brand-la-mer","7":"product_cat-pour-elle","8":"product_cat-traitements","9":"product_cat-soin-du-visage","10":"product_tag-femme","11":"product_tag-soins-fr","12":"product_tag-soins-du-visage","14":"first","15":"instock","16":"sale","17":"taxable","18":"shipping-taxable","19":"purchasable","20":"product-type-simple"},"brands":[{"id":962,"name":"La Mer","slug":"la-mer"}],"_links":{"self":[{"href":"https:\/\/www.freeshopfrontiera.ch\/fr\/wp-json\/wp\/v2\/product\/28238","targetHints":{"allow":["GET"]}}],"collection":[{"href":"https:\/\/www.freeshopfrontiera.ch\/fr\/wp-json\/wp\/v2\/product"}],"about":[{"href":"https:\/\/www.freeshopfrontiera.ch\/fr\/wp-json\/wp\/v2\/types\/product"}],"replies":[{"embeddable":true,"href":"https:\/\/www.freeshopfrontiera.ch\/fr\/wp-json\/wp\/v2\/comments?post=28238"}],"version-history":[{"count":2,"href":"https:\/\/www.freeshopfrontiera.ch\/fr\/wp-json\/wp\/v2\/product\/28238\/revisions"}],"predecessor-version":[{"id":28243,"href":"https:\/\/www.freeshopfrontiera.ch\/fr\/wp-json\/wp\/v2\/product\/28238\/revisions\/28243"}],"wp:featuredmedia":[{"embeddable":true,"href":"https:\/\/www.freeshopfrontiera.ch\/fr\/wp-json\/wp\/v2\/media\/28228"}],"wp:attachment":[{"href":"https:\/\/www.freeshopfrontiera.ch\/fr\/wp-json\/wp\/v2\/media?parent=28238"}],"wp:term":[{"taxonomy":"pwb-brand","embeddable":true,"href":"https:\/\/www.freeshopfrontiera.ch\/fr\/wp-json\/wp\/v2\/pwb-brand?post=28238"},{"taxonomy":"product_brand","embeddable":true,"href":"https:\/\/www.freeshopfrontiera.ch\/fr\/wp-json\/wp\/v2\/product_brand?post=28238"},{"taxonomy":"product_cat","embeddable":true,"href":"https:\/\/www.freeshopfrontiera.ch\/fr\/wp-json\/wp\/v2\/product_cat?post=28238"},{"taxonomy":"product_tag","embeddable":true,"href":"https:\/\/www.freeshopfrontiera.ch\/fr\/wp-json\/wp\/v2\/product_tag?post=28238"}],"curies":[{"name":"wp","href":"https:\/\/api.w.org\/{rel}","templated":true}]}}