{"id":28253,"date":"2025-04-25T09:50:15","date_gmt":"2025-04-25T09:50:15","guid":{"rendered":"https:\/\/www.freeshopfrontiera.ch\/shop\/grace-day-collagen-cellulose-mask-1-sheet-27g\/"},"modified":"2025-04-25T09:53:00","modified_gmt":"2025-04-25T09:53:00","slug":"grace-day-collagen-cellulose-mask-1-sheet-27g","status":"publish","type":"product","link":"https:\/\/www.freeshopfrontiera.ch\/fr\/shop\/grace-day-collagen-cellulose-mask-1-sheet-27g\/","title":{"rendered":"GRACE DAY Collagen Cellulose Mask 1 sheet (27g)"},"content":{"rendered":"<p class=\"\" data-start=\"1794\" data-end=\"2108\">Le <strong data-start=\"1797\" data-end=\"1830\">Masque Cellulose au Collag\u00e8ne<\/strong> de <strong data-start=\"1834\" data-end=\"1847\">Grace Day<\/strong> est un masque en tissu \u00e0 usage unique, con\u00e7u pour offrir un soin de beaut\u00e9 intensif \u00e0 base de <strong data-start=\"1942\" data-end=\"1955\">collag\u00e8ne<\/strong>, l\u2019ingr\u00e9dient cl\u00e9 pour une peau plus ferme, tonique et jeune. Un v\u00e9ritable moment de soin quotidien qui nourrit en profondeur et redonne \u00e9clat au teint.<\/p>\n<p class=\"\" data-start=\"2110\" data-end=\"2431\">Formul\u00e9 avec du <strong data-start=\"2126\" data-end=\"2149\">collag\u00e8ne hydrolys\u00e9<\/strong>, reconnu pour ses propri\u00e9t\u00e9s raffermissantes et lissantes, ce masque aide \u00e0 r\u00e9duire l\u2019apparence des ridules et donne \u00e0 la peau un aspect plus sain et repos\u00e9. Enrichi en ingr\u00e9dients hydratants et apaisants, il renforce la barri\u00e8re cutan\u00e9e tout en laissant la peau douce et prot\u00e9g\u00e9e.<\/p>\n<p class=\"\" data-start=\"2433\" data-end=\"2702\">La <strong data-start=\"2436\" data-end=\"2470\">feuille de cellulose naturelle<\/strong> \u00e9pouse parfaitement les contours du visage, favorisant l\u2019absorption des actifs et offrant une sensation de confort et de fra\u00eecheur. La texture du s\u00e9rum est l\u00e9g\u00e8re mais nourrissante, adapt\u00e9e \u00e0 tous les types de peau, m\u00eame sensibles.<\/p>\n<p class=\"\" data-start=\"2704\" data-end=\"2902\">Parfait apr\u00e8s une journ\u00e9e stressante ou en soin pr\u00e9paratoire avant le maquillage, le masque <strong data-start=\"2796\" data-end=\"2809\">Grace Day<\/strong> laisse la peau visiblement plus lumineuse, hydrat\u00e9e et repulp\u00e9e d\u00e8s la premi\u00e8re utilisation.<\/p>\n<p class=\"\" data-start=\"2904\" data-end=\"3095\">Conseils d&rsquo;utilisation : apr\u00e8s le nettoyage, appliquer le masque sur le visage et laisser agir 15 \u00e0 20 minutes. Retirer et masser d\u00e9licatement l&rsquo;exc\u00e9dent de s\u00e9rum jusqu&rsquo;\u00e0 absorption compl\u00e8te.<\/p>\n<p class=\"\" data-start=\"3097\" data-end=\"3212\">Avec son format pratique de <strong data-start=\"3125\" data-end=\"3144\">1 feuille (27g)<\/strong>, il est id\u00e9al pour les voyages ou un moment de d\u00e9tente \u00e0 la maison.<\/p>\n<p class=\"\" data-start=\"3214\" data-end=\"3346\">D\u00e9couvrez le <strong data-start=\"3227\" data-end=\"3270\">Masque Cellulose au Collag\u00e8ne Grace Day<\/strong> et offrez \u00e0 votre peau un regain d\u2019hydratation, de fermet\u00e9 et de bien-\u00eatre.<\/p>\n<p data-start=\"1792\" data-end=\"1913\">Follow all our news! <a href=\"https:\/\/www.instagram.com\/freeshopswiss\/\" target=\"_blank\" rel=\"noopener\">@freeshopswiss<\/a><\/p>\n","protected":false},"excerpt":{"rendered":"<p>Le Masque Cellulose au Collag\u00e8ne de Grace Day est un masque en tissu \u00e0 usage unique, con\u00e7u pour offrir un soin de beaut\u00e9 intensif \u00e0 base de collag\u00e8ne, l\u2019ingr\u00e9dient cl\u00e9 pour une peau plus ferme, tonique et jeune. Un v\u00e9ritable moment de soin quotidien qui nourrit en profondeur et redonne \u00e9clat au teint. Formul\u00e9 avec [&hellip;]<\/p>\n","protected":false},"featured_media":28249,"comment_status":"open","ping_status":"closed","template":"","meta":[],"pwb-brand":[945],"product_brand":[],"product_cat":[109,295,3768,545],"product_tag":[296,3611,417,301],"class_list":{"0":"post-28253","1":"product","2":"type-product","3":"status-publish","4":"has-post-thumbnail","6":"pwb-brand-grace-day","7":"product_cat-pour-elle","8":"product_cat-traitements","9":"product_cat-k-beauty-fr","10":"product_cat-soin-du-visage","11":"product_tag-femme","12":"product_tag-k-beauty-fr","13":"product_tag-soins-fr","14":"product_tag-soins-du-visage","16":"first","17":"outofstock","18":"sale","19":"taxable","20":"shipping-taxable","21":"purchasable","22":"product-type-simple"},"brands":[{"id":945,"name":"Grace Day","slug":"grace-day"}],"_links":{"self":[{"href":"https:\/\/www.freeshopfrontiera.ch\/fr\/wp-json\/wp\/v2\/product\/28253","targetHints":{"allow":["GET"]}}],"collection":[{"href":"https:\/\/www.freeshopfrontiera.ch\/fr\/wp-json\/wp\/v2\/product"}],"about":[{"href":"https:\/\/www.freeshopfrontiera.ch\/fr\/wp-json\/wp\/v2\/types\/product"}],"replies":[{"embeddable":true,"href":"https:\/\/www.freeshopfrontiera.ch\/fr\/wp-json\/wp\/v2\/comments?post=28253"}],"version-history":[{"count":1,"href":"https:\/\/www.freeshopfrontiera.ch\/fr\/wp-json\/wp\/v2\/product\/28253\/revisions"}],"predecessor-version":[{"id":28256,"href":"https:\/\/www.freeshopfrontiera.ch\/fr\/wp-json\/wp\/v2\/product\/28253\/revisions\/28256"}],"wp:featuredmedia":[{"embeddable":true,"href":"https:\/\/www.freeshopfrontiera.ch\/fr\/wp-json\/wp\/v2\/media\/28249"}],"wp:attachment":[{"href":"https:\/\/www.freeshopfrontiera.ch\/fr\/wp-json\/wp\/v2\/media?parent=28253"}],"wp:term":[{"taxonomy":"pwb-brand","embeddable":true,"href":"https:\/\/www.freeshopfrontiera.ch\/fr\/wp-json\/wp\/v2\/pwb-brand?post=28253"},{"taxonomy":"product_brand","embeddable":true,"href":"https:\/\/www.freeshopfrontiera.ch\/fr\/wp-json\/wp\/v2\/product_brand?post=28253"},{"taxonomy":"product_cat","embeddable":true,"href":"https:\/\/www.freeshopfrontiera.ch\/fr\/wp-json\/wp\/v2\/product_cat?post=28253"},{"taxonomy":"product_tag","embeddable":true,"href":"https:\/\/www.freeshopfrontiera.ch\/fr\/wp-json\/wp\/v2\/product_tag?post=28253"}],"curies":[{"name":"wp","href":"https:\/\/api.w.org\/{rel}","templated":true}]}}