{"id":28351,"date":"2025-04-25T11:56:55","date_gmt":"2025-04-25T11:56:55","guid":{"rendered":"https:\/\/www.freeshopfrontiera.ch\/shop\/grace-day-tea-tree-cellulose-mask-1-sheet-27g\/"},"modified":"2025-10-07T17:12:48","modified_gmt":"2025-10-07T17:12:48","slug":"grace-day-tea-tree-cellulose-mask-1-sheet-27g","status":"publish","type":"product","link":"https:\/\/www.freeshopfrontiera.ch\/fr\/shop\/grace-day-tea-tree-cellulose-mask-1-sheet-27g\/","title":{"rendered":"GRACE DAY Tea Tree Cellulose Mask 1 sheet (27g)"},"content":{"rendered":"<p class=\"\" data-start=\"1793\" data-end=\"2215\">Le <strong data-start=\"1796\" data-end=\"1838\">Masque Cellulose \u00e0 l&rsquo;Huile de Tea Tree<\/strong> de <strong data-start=\"1842\" data-end=\"1855\">Grace Day<\/strong> est un masque en tissu \u00e0 usage unique enrichi en <strong data-start=\"1905\" data-end=\"1926\">huile de tea tree<\/strong>, connue pour ses propri\u00e9t\u00e9s purifiantes, antibact\u00e9riennes et apaisantes. Ce masque est id\u00e9al pour les peaux impures, sujettes aux imperfections ou \u00e0 l&rsquo;acn\u00e9, car il aide \u00e0 \u00e9quilibrer et purifier la peau, r\u00e9duisant l&rsquo;apparence des pores et pr\u00e9venant l&rsquo;apparition de nouvelles imperfections.<\/p>\n<p class=\"\" data-start=\"2217\" data-end=\"2488\">L&rsquo;huile de tea tree est r\u00e9put\u00e9e pour sa capacit\u00e9 \u00e0 combattre les bact\u00e9ries et les inflammations, favorisant la r\u00e9g\u00e9n\u00e9ration de la peau et contribuant \u00e0 am\u00e9liorer sa texture globale. Son effet purifiant rend la peau plus fra\u00eeche, plus propre et moins sujette aux rougeurs.<\/p>\n<p class=\"\" data-start=\"2490\" data-end=\"2723\">Le <strong data-start=\"2493\" data-end=\"2525\">tissu en cellulose naturelle<\/strong> s&rsquo;adapte parfaitement aux contours du visage, assurant une p\u00e9n\u00e9tration optimale des actifs. La texture l\u00e9g\u00e8re du s\u00e9rum n&rsquo;est pas collante et laisse la peau douce, fra\u00eeche et visiblement \u00e9quilibr\u00e9e.<\/p>\n<p class=\"\" data-start=\"2725\" data-end=\"2948\">Parfait pour les peaux grasses, mixtes ou sujettes aux imperfections, ce masque est id\u00e9al \u00e0 utiliser une fois par semaine ou comme traitement intensif pour r\u00e9tablir l&rsquo;\u00e9quilibre de la peau et lutter contre les imperfections.<\/p>\n<p class=\"\" data-start=\"2950\" data-end=\"3148\"><strong data-start=\"2950\" data-end=\"2976\">Conseils d\u2019utilisation<\/strong> : apr\u00e8s nettoyage, appliquez le masque sur le visage et laissez poser pendant 15 \u00e0 20 minutes. Retirez et massez doucement l&rsquo;exc\u00e9dent de s\u00e9rum jusqu&rsquo;\u00e0 absorption compl\u00e8te.<\/p>\n<p class=\"\" data-start=\"3150\" data-end=\"3279\">Avec son format pratique de <strong data-start=\"3178\" data-end=\"3197\">1 feuille (27g)<\/strong>, il est facile \u00e0 emporter partout et parfait pour un soin rapide, m\u00eame en voyage.<\/p>\n<p class=\"\" data-start=\"3281\" data-end=\"3445\">D\u00e9couvrez le <strong data-start=\"3294\" data-end=\"3349\">Masque Cellulose \u00e0 l&rsquo;Huile de Tea Tree de Grace Day<\/strong> : un soin purifiant et apaisant pour une peau plus propre, \u00e9quilibr\u00e9e et visiblement am\u00e9lior\u00e9e.<\/p>\n<p data-start=\"1636\" data-end=\"1786\">Follow us! <a href=\"https:\/\/www.instagram.com\/freeshopswiss\/\" target=\"_blank\" rel=\"noopener\">@freeshopswiss<\/a><\/p>\n","protected":false},"excerpt":{"rendered":"<p>Le Masque Cellulose \u00e0 l&rsquo;Huile de Tea Tree de Grace Day est un masque en tissu \u00e0 usage unique enrichi en huile de tea tree, connue pour ses propri\u00e9t\u00e9s purifiantes, antibact\u00e9riennes et apaisantes. Ce masque est id\u00e9al pour les peaux impures, sujettes aux imperfections ou \u00e0 l&rsquo;acn\u00e9, car il aide \u00e0 \u00e9quilibrer et purifier la [&hellip;]<\/p>\n","protected":false},"featured_media":28345,"comment_status":"open","ping_status":"closed","template":"","meta":[],"pwb-brand":[945],"product_brand":[],"product_cat":[109,295,3768,545],"product_tag":[296,3611,417,301],"class_list":{"0":"post-28351","1":"product","2":"type-product","3":"status-publish","4":"has-post-thumbnail","6":"pwb-brand-grace-day","7":"product_cat-pour-elle","8":"product_cat-traitements","9":"product_cat-k-beauty-fr","10":"product_cat-soin-du-visage","11":"product_tag-femme","12":"product_tag-k-beauty-fr","13":"product_tag-soins-fr","14":"product_tag-soins-du-visage","16":"first","17":"outofstock","18":"sale","19":"taxable","20":"shipping-taxable","21":"purchasable","22":"product-type-simple"},"brands":[{"id":945,"name":"Grace Day","slug":"grace-day"}],"_links":{"self":[{"href":"https:\/\/www.freeshopfrontiera.ch\/fr\/wp-json\/wp\/v2\/product\/28351","targetHints":{"allow":["GET"]}}],"collection":[{"href":"https:\/\/www.freeshopfrontiera.ch\/fr\/wp-json\/wp\/v2\/product"}],"about":[{"href":"https:\/\/www.freeshopfrontiera.ch\/fr\/wp-json\/wp\/v2\/types\/product"}],"replies":[{"embeddable":true,"href":"https:\/\/www.freeshopfrontiera.ch\/fr\/wp-json\/wp\/v2\/comments?post=28351"}],"version-history":[{"count":3,"href":"https:\/\/www.freeshopfrontiera.ch\/fr\/wp-json\/wp\/v2\/product\/28351\/revisions"}],"predecessor-version":[{"id":28357,"href":"https:\/\/www.freeshopfrontiera.ch\/fr\/wp-json\/wp\/v2\/product\/28351\/revisions\/28357"}],"wp:featuredmedia":[{"embeddable":true,"href":"https:\/\/www.freeshopfrontiera.ch\/fr\/wp-json\/wp\/v2\/media\/28345"}],"wp:attachment":[{"href":"https:\/\/www.freeshopfrontiera.ch\/fr\/wp-json\/wp\/v2\/media?parent=28351"}],"wp:term":[{"taxonomy":"pwb-brand","embeddable":true,"href":"https:\/\/www.freeshopfrontiera.ch\/fr\/wp-json\/wp\/v2\/pwb-brand?post=28351"},{"taxonomy":"product_brand","embeddable":true,"href":"https:\/\/www.freeshopfrontiera.ch\/fr\/wp-json\/wp\/v2\/product_brand?post=28351"},{"taxonomy":"product_cat","embeddable":true,"href":"https:\/\/www.freeshopfrontiera.ch\/fr\/wp-json\/wp\/v2\/product_cat?post=28351"},{"taxonomy":"product_tag","embeddable":true,"href":"https:\/\/www.freeshopfrontiera.ch\/fr\/wp-json\/wp\/v2\/product_tag?post=28351"}],"curies":[{"name":"wp","href":"https:\/\/api.w.org\/{rel}","templated":true}]}}