{"id":28369,"date":"2025-04-25T13:00:32","date_gmt":"2025-04-25T13:00:32","guid":{"rendered":"https:\/\/www.freeshopfrontiera.ch\/shop\/grace-day-pomegranate-cellulose-mask-1-sheet-27g\/"},"modified":"2025-10-07T17:12:49","modified_gmt":"2025-10-07T17:12:49","slug":"grace-day-pomegranate-cellulose-mask-1-sheet-27g","status":"publish","type":"product","link":"https:\/\/www.freeshopfrontiera.ch\/fr\/shop\/grace-day-pomegranate-cellulose-mask-1-sheet-27g\/","title":{"rendered":"GRACE DAY Pomegranate Cellulose Mask 1 sheet (27g)"},"content":{"rendered":"<p class=\"\" data-start=\"1595\" data-end=\"1984\">Le <strong data-start=\"1598\" data-end=\"1629\">Masque Cellulose au Grenade<\/strong> de <strong data-start=\"1633\" data-end=\"1646\">Grace Day<\/strong> est un masque en tissu \u00e0 usage unique enrichi en <strong data-start=\"1696\" data-end=\"1718\">extrait de grenade<\/strong>, un puissant antioxydant qui aide \u00e0 revitaliser la peau et \u00e0 am\u00e9liorer son apparence. La grenade est connue pour ses propri\u00e9t\u00e9s nutritionnelles qui favorisent la production de collag\u00e8ne, am\u00e9liorent l&rsquo;\u00e9lasticit\u00e9 de la peau et combattent les signes du vieillissement.<\/p>\n<p class=\"\" data-start=\"1986\" data-end=\"2250\">Ce masque est con\u00e7u pour rafra\u00eechir et tonifier la peau, r\u00e9duisant les signes de stress et de fatigue. L&rsquo;<strong data-start=\"2091\" data-end=\"2113\">extrait de grenade<\/strong>, riche en vitamines et min\u00e9raux, hydrate profond\u00e9ment et revitalise la peau, la laissant douce, \u00e9lastique et visiblement plus lumineuse.<\/p>\n<p class=\"\" data-start=\"2252\" data-end=\"2532\">Le <strong data-start=\"2255\" data-end=\"2287\">tissu en cellulose naturelle<\/strong> s\u2019adapte parfaitement aux contours du visage, permettant aux actifs de p\u00e9n\u00e9trer efficacement sans laisser de r\u00e9sidus collants. La texture l\u00e9g\u00e8re et fra\u00eeche du s\u00e9rum nourrit et hydrate la peau, lui redonnant un aspect plus sain et plus lumineux.<\/p>\n<p class=\"\" data-start=\"2534\" data-end=\"2729\"><strong data-start=\"2534\" data-end=\"2551\">Mode d\u2019emploi<\/strong> : Apr\u00e8s avoir nettoy\u00e9 votre visage, appliquez le masque et laissez-le poser pendant 15 \u00e0 20 minutes. Retirez-le et massez doucement le s\u00e9rum restant jusqu\u2019\u00e0 absorption compl\u00e8te.<\/p>\n<p class=\"\" data-start=\"2731\" data-end=\"2915\">Id\u00e9al pour un soin hebdomadaire ou pour donner un coup de frais \u00e0 votre peau avant un \u00e9v\u00e9nement sp\u00e9cial, le masque <strong data-start=\"2846\" data-end=\"2865\">1 feuille (27g)<\/strong> est pratique \u00e0 emporter lors de vos d\u00e9placements.<\/p>\n<p class=\"\" data-start=\"2917\" data-end=\"3049\">D\u00e9couvrez le <strong data-start=\"2930\" data-end=\"2961\">Masque Cellulose au Grenade<\/strong> de Grace Day : le soin id\u00e9al pour une peau nourrie, tonifi\u00e9e et naturellement radieuse.<\/p>\n<p data-start=\"1361\" data-end=\"1492\">Follow us! <a href=\"https:\/\/www.instagram.com\/freeshopswiss\/\" target=\"_blank\" rel=\"noopener\">@freeshopswiss<\/a><\/p>\n","protected":false},"excerpt":{"rendered":"<p>Le Masque Cellulose au Grenade de Grace Day est un masque en tissu \u00e0 usage unique enrichi en extrait de grenade, un puissant antioxydant qui aide \u00e0 revitaliser la peau et \u00e0 am\u00e9liorer son apparence. La grenade est connue pour ses propri\u00e9t\u00e9s nutritionnelles qui favorisent la production de collag\u00e8ne, am\u00e9liorent l&rsquo;\u00e9lasticit\u00e9 de la peau et [&hellip;]<\/p>\n","protected":false},"featured_media":28363,"comment_status":"open","ping_status":"closed","template":"","meta":[],"pwb-brand":[945],"product_brand":[],"product_cat":[109,295,3768,545],"product_tag":[296,3611,417,301],"class_list":{"0":"post-28369","1":"product","2":"type-product","3":"status-publish","4":"has-post-thumbnail","6":"pwb-brand-grace-day","7":"product_cat-pour-elle","8":"product_cat-traitements","9":"product_cat-k-beauty-fr","10":"product_cat-soin-du-visage","11":"product_tag-femme","12":"product_tag-k-beauty-fr","13":"product_tag-soins-fr","14":"product_tag-soins-du-visage","16":"first","17":"outofstock","18":"sale","19":"taxable","20":"shipping-taxable","21":"purchasable","22":"product-type-simple"},"brands":[{"id":945,"name":"Grace Day","slug":"grace-day"}],"_links":{"self":[{"href":"https:\/\/www.freeshopfrontiera.ch\/fr\/wp-json\/wp\/v2\/product\/28369","targetHints":{"allow":["GET"]}}],"collection":[{"href":"https:\/\/www.freeshopfrontiera.ch\/fr\/wp-json\/wp\/v2\/product"}],"about":[{"href":"https:\/\/www.freeshopfrontiera.ch\/fr\/wp-json\/wp\/v2\/types\/product"}],"replies":[{"embeddable":true,"href":"https:\/\/www.freeshopfrontiera.ch\/fr\/wp-json\/wp\/v2\/comments?post=28369"}],"version-history":[{"count":2,"href":"https:\/\/www.freeshopfrontiera.ch\/fr\/wp-json\/wp\/v2\/product\/28369\/revisions"}],"predecessor-version":[{"id":28373,"href":"https:\/\/www.freeshopfrontiera.ch\/fr\/wp-json\/wp\/v2\/product\/28369\/revisions\/28373"}],"wp:featuredmedia":[{"embeddable":true,"href":"https:\/\/www.freeshopfrontiera.ch\/fr\/wp-json\/wp\/v2\/media\/28363"}],"wp:attachment":[{"href":"https:\/\/www.freeshopfrontiera.ch\/fr\/wp-json\/wp\/v2\/media?parent=28369"}],"wp:term":[{"taxonomy":"pwb-brand","embeddable":true,"href":"https:\/\/www.freeshopfrontiera.ch\/fr\/wp-json\/wp\/v2\/pwb-brand?post=28369"},{"taxonomy":"product_brand","embeddable":true,"href":"https:\/\/www.freeshopfrontiera.ch\/fr\/wp-json\/wp\/v2\/product_brand?post=28369"},{"taxonomy":"product_cat","embeddable":true,"href":"https:\/\/www.freeshopfrontiera.ch\/fr\/wp-json\/wp\/v2\/product_cat?post=28369"},{"taxonomy":"product_tag","embeddable":true,"href":"https:\/\/www.freeshopfrontiera.ch\/fr\/wp-json\/wp\/v2\/product_tag?post=28369"}],"curies":[{"name":"wp","href":"https:\/\/api.w.org\/{rel}","templated":true}]}}