{"id":28409,"date":"2025-04-25T14:06:55","date_gmt":"2025-04-25T14:06:55","guid":{"rendered":"https:\/\/www.freeshopfrontiera.ch\/shop\/doctor-babor-hydration-10d-hyaluronic-acid-ampoule\/"},"modified":"2025-04-25T14:14:14","modified_gmt":"2025-04-25T14:14:14","slug":"doctor-babor-hydration-10d-hyaluronic-acid-ampoule","status":"publish","type":"product","link":"https:\/\/www.freeshopfrontiera.ch\/fr\/shop\/doctor-babor-hydration-10d-hyaluronic-acid-ampoule\/","title":{"rendered":"DOCTOR BABOR Hydration 10D Hyaluronic Acid Ampoule"},"content":{"rendered":"<p class=\"\" data-start=\"1643\" data-end=\"1992\">Le <strong data-start=\"1646\" data-end=\"1715\">DOCTOR BABOR Hydration 10D S\u00e9rum Concentr\u00e9 \u00e0 l&rsquo;Acide Hyaluronique<\/strong> est un s\u00e9rum hautement efficace con\u00e7u pour offrir une hydratation profonde et durable. Avec un m\u00e9lange innovant de 10 types diff\u00e9rents d\u2019acide hyaluronique, ce traitement intensif agit \u00e0 la fois en surface et en profondeur pour am\u00e9liorer l&rsquo;\u00e9lasticit\u00e9 et la fermet\u00e9 de la peau.<\/p>\n<p class=\"\" data-start=\"1994\" data-end=\"2320\">Chaque <strong data-start=\"2001\" data-end=\"2020\">ampoule de 2 ml<\/strong> est formul\u00e9e pour traiter les peaux d\u00e9shydrat\u00e9es, s\u00e8ches ou ayant besoin d\u2019un puissant coup de boost d\u2019hydratation. L\u2019acide hyaluronique, connu pour sa capacit\u00e9 \u00e0 retenir l&rsquo;humidit\u00e9, agit pour repulper la peau et r\u00e9duire visiblement les signes de d\u00e9shydratation, tels que les ridules et la rugosit\u00e9.<\/p>\n<p class=\"\" data-start=\"2322\" data-end=\"2629\">Le <strong data-start=\"2325\" data-end=\"2394\">DOCTOR BABOR Hydration 10D S\u00e9rum Concentr\u00e9 \u00e0 l&rsquo;Acide Hyaluronique<\/strong> est id\u00e9al pour les peaux s\u00e8ches et ternes qui n\u00e9cessitent un apport rapide en hydratation. Sa formule l\u00e9g\u00e8re et rapidement absorb\u00e9e procure une sensation de fra\u00eecheur imm\u00e9diate, laissant la peau douce, lisse et visiblement plus saine.<\/p>\n<p class=\"\" data-start=\"2631\" data-end=\"2891\"><strong data-start=\"2631\" data-end=\"2648\">Mode d\u2019emploi<\/strong> : Appliquez le contenu d\u2019une ampoule sur le visage et le cou propres, en massant d\u00e9licatement jusqu&rsquo;\u00e0 absorption compl\u00e8te. Utilisez comme traitement intensif quotidien ou lors d\u2019occasions sp\u00e9ciales pour une hydratation profonde et repulpante.<\/p>\n<p class=\"\" data-start=\"2893\" data-end=\"3067\">Parfait pour des traitements hebdomadaires ou lors de p\u00e9riodes de s\u00e9cheresse cutan\u00e9e accrue, ce s\u00e9rum est un alli\u00e9 essentiel pour une peau parfaitement hydrat\u00e9e et \u00e9clatante.<\/p>\n<p data-start=\"1371\" data-end=\"1549\">Follow us! <a href=\"https:\/\/www.instagram.com\/freeshopswiss\/\" target=\"_blank\" rel=\"noopener\">@freeshopswiss<\/a><\/p>\n","protected":false},"excerpt":{"rendered":"<p>Le DOCTOR BABOR Hydration 10D S\u00e9rum Concentr\u00e9 \u00e0 l&rsquo;Acide Hyaluronique est un s\u00e9rum hautement efficace con\u00e7u pour offrir une hydratation profonde et durable. Avec un m\u00e9lange innovant de 10 types diff\u00e9rents d\u2019acide hyaluronique, ce traitement intensif agit \u00e0 la fois en surface et en profondeur pour am\u00e9liorer l&rsquo;\u00e9lasticit\u00e9 et la fermet\u00e9 de la peau. Chaque [&hellip;]<\/p>\n","protected":false},"featured_media":28401,"comment_status":"open","ping_status":"closed","template":"","meta":[],"pwb-brand":[808],"product_brand":[],"product_cat":[109,295,545],"product_tag":[296,417,301],"class_list":{"0":"post-28409","1":"product","2":"type-product","3":"status-publish","4":"has-post-thumbnail","6":"pwb-brand-babor","7":"product_cat-pour-elle","8":"product_cat-traitements","9":"product_cat-soin-du-visage","10":"product_tag-femme","11":"product_tag-soins-fr","12":"product_tag-soins-du-visage","14":"first","15":"instock","16":"sale","17":"taxable","18":"shipping-taxable","19":"purchasable","20":"product-type-simple"},"brands":[{"id":808,"name":"Babor","slug":"babor"}],"_links":{"self":[{"href":"https:\/\/www.freeshopfrontiera.ch\/fr\/wp-json\/wp\/v2\/product\/28409","targetHints":{"allow":["GET"]}}],"collection":[{"href":"https:\/\/www.freeshopfrontiera.ch\/fr\/wp-json\/wp\/v2\/product"}],"about":[{"href":"https:\/\/www.freeshopfrontiera.ch\/fr\/wp-json\/wp\/v2\/types\/product"}],"replies":[{"embeddable":true,"href":"https:\/\/www.freeshopfrontiera.ch\/fr\/wp-json\/wp\/v2\/comments?post=28409"}],"version-history":[{"count":1,"href":"https:\/\/www.freeshopfrontiera.ch\/fr\/wp-json\/wp\/v2\/product\/28409\/revisions"}],"predecessor-version":[{"id":28413,"href":"https:\/\/www.freeshopfrontiera.ch\/fr\/wp-json\/wp\/v2\/product\/28409\/revisions\/28413"}],"wp:featuredmedia":[{"embeddable":true,"href":"https:\/\/www.freeshopfrontiera.ch\/fr\/wp-json\/wp\/v2\/media\/28401"}],"wp:attachment":[{"href":"https:\/\/www.freeshopfrontiera.ch\/fr\/wp-json\/wp\/v2\/media?parent=28409"}],"wp:term":[{"taxonomy":"pwb-brand","embeddable":true,"href":"https:\/\/www.freeshopfrontiera.ch\/fr\/wp-json\/wp\/v2\/pwb-brand?post=28409"},{"taxonomy":"product_brand","embeddable":true,"href":"https:\/\/www.freeshopfrontiera.ch\/fr\/wp-json\/wp\/v2\/product_brand?post=28409"},{"taxonomy":"product_cat","embeddable":true,"href":"https:\/\/www.freeshopfrontiera.ch\/fr\/wp-json\/wp\/v2\/product_cat?post=28409"},{"taxonomy":"product_tag","embeddable":true,"href":"https:\/\/www.freeshopfrontiera.ch\/fr\/wp-json\/wp\/v2\/product_tag?post=28409"}],"curies":[{"name":"wp","href":"https:\/\/api.w.org\/{rel}","templated":true}]}}