{"id":28422,"date":"2025-04-25T14:39:03","date_gmt":"2025-04-25T14:39:03","guid":{"rendered":"https:\/\/www.freeshopfrontiera.ch\/shop\/babor-set-hsr-lifting\/"},"modified":"2025-04-25T14:55:53","modified_gmt":"2025-04-25T14:55:53","slug":"babor-set-hsr-lifting","status":"publish","type":"product","link":"https:\/\/www.freeshopfrontiera.ch\/fr\/shop\/babor-set-hsr-lifting\/","title":{"rendered":"BABOR SET HSR Lifting"},"content":{"rendered":"<p class=\"\" data-start=\"2824\" data-end=\"3094\">Le <strong data-start=\"2827\" data-end=\"2852\">BABOR HSR Lifting Set<\/strong> est un duo anti-\u00e2ge exclusif con\u00e7u pour cibler efficacement tous les types de rides et redonner \u00e0 la peau un aspect plus jeune, plus lisse et plus ferme. Un soin complet haut de gamme alliant technologie cosm\u00e9tique avanc\u00e9e et luxe sensoriel.<\/p>\n<p class=\"\" data-start=\"3096\" data-end=\"3117\"><strong data-start=\"3096\" data-end=\"3117\">Le set comprend :<\/strong><\/p>\n<ul data-start=\"3119\" data-end=\"3796\">\n<li class=\"\" data-start=\"3119\" data-end=\"3471\">\n<p class=\"\" data-start=\"3121\" data-end=\"3471\"><strong data-start=\"3121\" data-end=\"3152\">HSR Lifting Cream (50 ml) :<\/strong><br data-start=\"3152\" data-end=\"3155\" \/>Une cr\u00e8me riche et soyeuse contenant six actifs haute performance. Elle agit sur les rides de gravit\u00e9, d&rsquo;expression et sur la perte de fermet\u00e9, tout en luttant contre les rides dues \u00e0 la glycation. Un glucoside naturel aide \u00e0 ralentir l\u2019apparition de nouvelles rides. Le teint est plus lisse, \u00e9clatant et uniforme.<\/p>\n<\/li>\n<li class=\"\" data-start=\"3473\" data-end=\"3796\">\n<p class=\"\" data-start=\"3475\" data-end=\"3796\"><strong data-start=\"3475\" data-end=\"3510\">HSR Lifting Eye Cream (15 ml) :<\/strong><br data-start=\"3510\" data-end=\"3513\" \/>Une cr\u00e8me contour des yeux cibl\u00e9e qui r\u00e9duit visiblement les rides, poches, cernes et ridules. Son complexe marin \u00e0 base d\u2019eau de mer et d\u2019algine raffermit et lisse la zone du regard, avec un effet lift visible, m\u00eame sur la paupi\u00e8re sup\u00e9rieure. Pour un regard plus frais et repos\u00e9.<\/p>\n<\/li>\n<\/ul>\n<p class=\"\" data-start=\"3798\" data-end=\"3973\">Id\u00e9al pour les peaux matures ou marqu\u00e9es par le temps, ce set est aussi une excellente id\u00e9e cadeau pour celles et ceux qui recherchent des soins performants et professionnels. Le BABOR HSR Lifting Set est un duo anti-\u00e2ge exclusif con\u00e7u pour cibler efficacement tous les types de rides et redonner \u00e0 la peau un aspect plus jeune.<\/p>\n<p data-start=\"1650\" data-end=\"1739\">Follow us! <a href=\"https:\/\/www.instagram.com\/freeshopswiss\/\" target=\"_blank\" rel=\"noopener\">@freeshopswiss<\/a><\/p>\n","protected":false},"excerpt":{"rendered":"<p>Le BABOR HSR Lifting Set est un duo anti-\u00e2ge exclusif con\u00e7u pour cibler efficacement tous les types de rides et redonner \u00e0 la peau un aspect plus jeune, plus lisse et plus ferme. Un soin complet haut de gamme alliant technologie cosm\u00e9tique avanc\u00e9e et luxe sensoriel. Le set comprend : HSR Lifting Cream (50 ml) [&hellip;]<\/p>\n","protected":false},"featured_media":28418,"comment_status":"open","ping_status":"closed","template":"","meta":[],"pwb-brand":[808],"product_brand":[],"product_cat":[109,295,484,545],"product_tag":[296,417,301],"class_list":{"0":"post-28422","1":"product","2":"type-product","3":"status-publish","4":"has-post-thumbnail","6":"pwb-brand-babor","7":"product_cat-pour-elle","8":"product_cat-traitements","9":"product_cat-coffret","10":"product_cat-soin-du-visage","11":"product_tag-femme","12":"product_tag-soins-fr","13":"product_tag-soins-du-visage","15":"first","16":"outofstock","17":"sale","18":"taxable","19":"shipping-taxable","20":"purchasable","21":"product-type-simple"},"brands":[{"id":808,"name":"Babor","slug":"babor"}],"_links":{"self":[{"href":"https:\/\/www.freeshopfrontiera.ch\/fr\/wp-json\/wp\/v2\/product\/28422","targetHints":{"allow":["GET"]}}],"collection":[{"href":"https:\/\/www.freeshopfrontiera.ch\/fr\/wp-json\/wp\/v2\/product"}],"about":[{"href":"https:\/\/www.freeshopfrontiera.ch\/fr\/wp-json\/wp\/v2\/types\/product"}],"replies":[{"embeddable":true,"href":"https:\/\/www.freeshopfrontiera.ch\/fr\/wp-json\/wp\/v2\/comments?post=28422"}],"version-history":[{"count":1,"href":"https:\/\/www.freeshopfrontiera.ch\/fr\/wp-json\/wp\/v2\/product\/28422\/revisions"}],"predecessor-version":[{"id":28426,"href":"https:\/\/www.freeshopfrontiera.ch\/fr\/wp-json\/wp\/v2\/product\/28422\/revisions\/28426"}],"wp:featuredmedia":[{"embeddable":true,"href":"https:\/\/www.freeshopfrontiera.ch\/fr\/wp-json\/wp\/v2\/media\/28418"}],"wp:attachment":[{"href":"https:\/\/www.freeshopfrontiera.ch\/fr\/wp-json\/wp\/v2\/media?parent=28422"}],"wp:term":[{"taxonomy":"pwb-brand","embeddable":true,"href":"https:\/\/www.freeshopfrontiera.ch\/fr\/wp-json\/wp\/v2\/pwb-brand?post=28422"},{"taxonomy":"product_brand","embeddable":true,"href":"https:\/\/www.freeshopfrontiera.ch\/fr\/wp-json\/wp\/v2\/product_brand?post=28422"},{"taxonomy":"product_cat","embeddable":true,"href":"https:\/\/www.freeshopfrontiera.ch\/fr\/wp-json\/wp\/v2\/product_cat?post=28422"},{"taxonomy":"product_tag","embeddable":true,"href":"https:\/\/www.freeshopfrontiera.ch\/fr\/wp-json\/wp\/v2\/product_tag?post=28422"}],"curies":[{"name":"wp","href":"https:\/\/api.w.org\/{rel}","templated":true}]}}