{"id":28486,"date":"2025-04-28T07:55:31","date_gmt":"2025-04-28T07:55:31","guid":{"rendered":"https:\/\/www.freeshopfrontiera.ch\/shop\/shiseido-men-skin-empowering-cream-50ml\/"},"modified":"2025-04-28T07:59:39","modified_gmt":"2025-04-28T07:59:39","slug":"shiseido-men-skin-empowering-cream-50ml","status":"publish","type":"product","link":"https:\/\/www.freeshopfrontiera.ch\/fr\/shop\/shiseido-men-skin-empowering-cream-50ml\/","title":{"rendered":"SHISEIDO Men Skin Empowering Cream 50ml"},"content":{"rendered":"<p class=\"\" data-start=\"1750\" data-end=\"1864\"><strong data-start=\"1750\" data-end=\"1864\">SHISEIDO Men Skin Empowering Cream Intensive Age Defense Recharge 50ml \u2013 Cr\u00e8me anti-\u00e2ge renfor\u00e7ante pour homme<\/strong><\/p>\n<p class=\"\" data-start=\"1866\" data-end=\"2165\">La <strong data-start=\"1869\" data-end=\"1907\">SHISEIDO Men Skin Empowering Cream<\/strong> est un soin visage intensif con\u00e7u pour lutter efficacement contre les signes du vieillissement cutan\u00e9 masculin. Gr\u00e2ce \u00e0 sa formule avanc\u00e9e, elle offre une protection compl\u00e8te contre les rides, la perte de fermet\u00e9, la d\u00e9shydratation et les signes de fatigue.<\/p>\n<p class=\"\" data-start=\"2167\" data-end=\"2564\">Au c\u0153ur de son efficacit\u00e9 se trouve le <strong data-start=\"2206\" data-end=\"2232\">Damage Defense Complex<\/strong>, une technologie exclusive SHISEIDO qui aide \u00e0 renforcer la barri\u00e8re naturelle de la peau. La cr\u00e8me stimule la production de collag\u00e8ne, am\u00e9liore l\u2019\u00e9lasticit\u00e9 et rend la peau visiblement plus ferme et tonique. Son action antioxydante prot\u00e8ge contre les agressions environnementales quotidiennes telles que la pollution et le stress.<\/p>\n<p class=\"\" data-start=\"2566\" data-end=\"2836\">Sa texture riche mais l\u00e9g\u00e8re est rapidement absorb\u00e9e, laissant la peau fra\u00eeche, hydrat\u00e9e et sans effet gras. Elle convient \u00e0 tous les types de peau, m\u00eame sensibles ou sujettes au stress. Avec une utilisation r\u00e9guli\u00e8re, le visage para\u00eet plus lisse, revitalis\u00e9 et rajeuni.<\/p>\n<p class=\"\" data-start=\"2838\" data-end=\"3008\">Ce format <strong data-start=\"2848\" data-end=\"2868\">recharge de 50ml<\/strong> est id\u00e9al pour remplir votre pot d&rsquo;origine, r\u00e9duisant ainsi l&rsquo;impact environnemental tout en pr\u00e9servant l&rsquo;efficacit\u00e9 de votre routine soin.<\/p>\n<p class=\"\" data-start=\"3010\" data-end=\"3214\"><strong data-start=\"3010\" data-end=\"3029\">Mode d&#8217;emploi :<\/strong> Appliquer matin et soir sur une peau propre. Pr\u00e9lever une petite quantit\u00e9 de produit et l\u2019\u00e9taler sur le visage et le cou avec des mouvements ascendants, en \u00e9vitant le contour des yeux.<\/p>\n<p class=\"\" data-start=\"3216\" data-end=\"3411\">Avec <strong data-start=\"3221\" data-end=\"3259\">SHISEIDO Men Skin Empowering Cream<\/strong>, le soin de la peau des hommes devient un geste quotidien de force. Une protection compl\u00e8te pour pr\u00e9server une apparence fra\u00eeche, dynamique et assur\u00e9e.<\/p>\n<p data-start=\"1597\" data-end=\"1841\">Follow us! <a href=\"https:\/\/www.instagram.com\/freeshopswiss\/\" target=\"_blank\" rel=\"noopener\">@freeshopswiss<\/a><\/p>\n","protected":false},"excerpt":{"rendered":"<p>SHISEIDO Men Skin Empowering Cream Intensive Age Defense Recharge 50ml \u2013 Cr\u00e8me anti-\u00e2ge renfor\u00e7ante pour homme La SHISEIDO Men Skin Empowering Cream est un soin visage intensif con\u00e7u pour lutter efficacement contre les signes du vieillissement cutan\u00e9 masculin. Gr\u00e2ce \u00e0 sa formule avanc\u00e9e, elle offre une protection compl\u00e8te contre les rides, la perte de fermet\u00e9, [&hellip;]<\/p>\n","protected":false},"featured_media":28474,"comment_status":"open","ping_status":"closed","template":"","meta":[],"pwb-brand":[312],"product_brand":[],"product_cat":[89,295,545],"product_tag":[481,143,417,301],"class_list":{"0":"post-28486","1":"product","2":"type-product","3":"status-publish","4":"has-post-thumbnail","6":"pwb-brand-shiseido","7":"product_cat-pour-lui","8":"product_cat-traitements","9":"product_cat-soin-du-visage","10":"product_tag-anti-rides-fr","11":"product_tag-homme","12":"product_tag-soins-fr","13":"product_tag-soins-du-visage","15":"first","16":"outofstock","17":"sale","18":"taxable","19":"shipping-taxable","20":"purchasable","21":"product-type-simple"},"brands":[{"id":312,"name":"Shiseido","slug":"shiseido"}],"_links":{"self":[{"href":"https:\/\/www.freeshopfrontiera.ch\/fr\/wp-json\/wp\/v2\/product\/28486","targetHints":{"allow":["GET"]}}],"collection":[{"href":"https:\/\/www.freeshopfrontiera.ch\/fr\/wp-json\/wp\/v2\/product"}],"about":[{"href":"https:\/\/www.freeshopfrontiera.ch\/fr\/wp-json\/wp\/v2\/types\/product"}],"replies":[{"embeddable":true,"href":"https:\/\/www.freeshopfrontiera.ch\/fr\/wp-json\/wp\/v2\/comments?post=28486"}],"version-history":[{"count":1,"href":"https:\/\/www.freeshopfrontiera.ch\/fr\/wp-json\/wp\/v2\/product\/28486\/revisions"}],"predecessor-version":[{"id":28489,"href":"https:\/\/www.freeshopfrontiera.ch\/fr\/wp-json\/wp\/v2\/product\/28486\/revisions\/28489"}],"wp:featuredmedia":[{"embeddable":true,"href":"https:\/\/www.freeshopfrontiera.ch\/fr\/wp-json\/wp\/v2\/media\/28474"}],"wp:attachment":[{"href":"https:\/\/www.freeshopfrontiera.ch\/fr\/wp-json\/wp\/v2\/media?parent=28486"}],"wp:term":[{"taxonomy":"pwb-brand","embeddable":true,"href":"https:\/\/www.freeshopfrontiera.ch\/fr\/wp-json\/wp\/v2\/pwb-brand?post=28486"},{"taxonomy":"product_brand","embeddable":true,"href":"https:\/\/www.freeshopfrontiera.ch\/fr\/wp-json\/wp\/v2\/product_brand?post=28486"},{"taxonomy":"product_cat","embeddable":true,"href":"https:\/\/www.freeshopfrontiera.ch\/fr\/wp-json\/wp\/v2\/product_cat?post=28486"},{"taxonomy":"product_tag","embeddable":true,"href":"https:\/\/www.freeshopfrontiera.ch\/fr\/wp-json\/wp\/v2\/product_tag?post=28486"}],"curies":[{"name":"wp","href":"https:\/\/api.w.org\/{rel}","templated":true}]}}