{"id":28520,"date":"2025-04-28T08:29:32","date_gmt":"2025-04-28T08:29:32","guid":{"rendered":"https:\/\/www.freeshopfrontiera.ch\/shop\/clarins-double-serum-complete-age-defying-concentrate-75ml\/"},"modified":"2025-05-09T09:12:21","modified_gmt":"2025-05-09T09:12:21","slug":"clarins-double-serum-complete-age-defying-concentrate-75ml","status":"publish","type":"product","link":"https:\/\/www.freeshopfrontiera.ch\/fr\/shop\/clarins-double-serum-complete-age-defying-concentrate-75ml\/","title":{"rendered":"CLARINS Double Serum Complete Age-Defying Concentrate"},"content":{"rendered":"<p class=\"\" data-start=\"1569\" data-end=\"1656\"><strong data-start=\"1569\" data-end=\"1656\">CLARINS Double Serum Complete Age-Defying Concentrate \u2013 S\u00e9rum anti-\u00e2ge complet<\/strong><\/p>\n<p class=\"\" data-start=\"1658\" data-end=\"1905\">Le <strong data-start=\"1661\" data-end=\"1685\">CLARINS Double Serum<\/strong> est un soin anti-\u00e2ge iconique qui agit sur les principaux signes du vieillissement cutan\u00e9. Gr\u00e2ce \u00e0 sa formule unique \u00e0 double phase, il combine le meilleur de l&rsquo;eau et de l&rsquo;huile pour une parfaite affinit\u00e9 avec la peau.<\/p>\n<p class=\"\" data-start=\"1907\" data-end=\"2204\">Enrichi de 21 puissants extraits de plantes, dont le curcuma reconnu pour ses propri\u00e9t\u00e9s antioxydantes, le Double Serum stimule les cinq fonctions vitales de la peau : r\u00e9g\u00e9n\u00e9ration, nutrition, oxyg\u00e9nation, hydratation et protection. R\u00e9sultat : une peau visiblement plus ferme, liss\u00e9e et \u00e9clatante.<\/p>\n<p class=\"\" data-start=\"2206\" data-end=\"2526\">La texture biphas\u00e9e fusionne parfaitement avec la peau, assurant une absorption rapide sans laisser de r\u00e9sidus. La peau para\u00eet imm\u00e9diatement plus lisse et hydrat\u00e9e, tandis qu\u2019au fil des jours, les signes de l&rsquo;\u00e2ge s&rsquo;estompent visiblement. Les rides sont att\u00e9nu\u00e9es, les pores affin\u00e9s et le teint plus uniforme et lumineux.<\/p>\n<p class=\"\" data-start=\"2528\" data-end=\"2621\">Le format pratique\u00a0est id\u00e9al pour prolonger les bienfaits de ce soin d&rsquo;exception.<\/p>\n<p class=\"\" data-start=\"2623\" data-end=\"2835\"><strong data-start=\"2623\" data-end=\"2642\">Mode d\u2019emploi :<\/strong> Appuyer sur la pompe pour pr\u00e9lever la quantit\u00e9 souhait\u00e9e, m\u00e9langer les deux phases entre les mains, puis appliquer matin et soir sur le visage et le cou nettoy\u00e9s, avant votre cr\u00e8me habituelle.<\/p>\n<p class=\"\" data-start=\"2837\" data-end=\"3006\">Avec le <strong data-start=\"2845\" data-end=\"2872\">Double Serum de CLARINS<\/strong>, la peau retrouve vitalit\u00e9 et jeunesse. Un soin complet adapt\u00e9 \u00e0 tous les types de peau, m\u00eame les plus sensibles, et \u00e0 tous les \u00e2ges.<\/p>\n<p data-start=\"1515\" data-end=\"1695\">Follow us! <a href=\"https:\/\/www.instagram.com\/freeshopswiss\/\" target=\"_blank\" rel=\"noopener\">@freeshopswiss<\/a><\/p>\n","protected":false},"excerpt":{"rendered":"<p>CLARINS Double Serum Complete Age-Defying Concentrate \u2013 S\u00e9rum anti-\u00e2ge complet Le CLARINS Double Serum est un soin anti-\u00e2ge iconique qui agit sur les principaux signes du vieillissement cutan\u00e9. Gr\u00e2ce \u00e0 sa formule unique \u00e0 double phase, il combine le meilleur de l&rsquo;eau et de l&rsquo;huile pour une parfaite affinit\u00e9 avec la peau. Enrichi de 21 [&hellip;]<\/p>\n","protected":false},"featured_media":28494,"comment_status":"open","ping_status":"closed","template":"","meta":[],"pwb-brand":[311],"product_brand":[],"product_cat":[109,295,545],"product_tag":[481,296,417,301],"class_list":{"0":"post-28520","1":"product","2":"type-product","3":"status-publish","4":"has-post-thumbnail","6":"pwb-brand-clarins","7":"product_cat-pour-elle","8":"product_cat-traitements","9":"product_cat-soin-du-visage","10":"product_tag-anti-rides-fr","11":"product_tag-femme","12":"product_tag-soins-fr","13":"product_tag-soins-du-visage","15":"first","16":"instock","17":"sale","18":"taxable","19":"shipping-taxable","20":"purchasable","21":"product-type-variable","22":"has-default-attributes"},"brands":[{"id":311,"name":"Clarins","slug":"clarins"}],"_links":{"self":[{"href":"https:\/\/www.freeshopfrontiera.ch\/fr\/wp-json\/wp\/v2\/product\/28520","targetHints":{"allow":["GET"]}}],"collection":[{"href":"https:\/\/www.freeshopfrontiera.ch\/fr\/wp-json\/wp\/v2\/product"}],"about":[{"href":"https:\/\/www.freeshopfrontiera.ch\/fr\/wp-json\/wp\/v2\/types\/product"}],"replies":[{"embeddable":true,"href":"https:\/\/www.freeshopfrontiera.ch\/fr\/wp-json\/wp\/v2\/comments?post=28520"}],"version-history":[{"count":2,"href":"https:\/\/www.freeshopfrontiera.ch\/fr\/wp-json\/wp\/v2\/product\/28520\/revisions"}],"predecessor-version":[{"id":30008,"href":"https:\/\/www.freeshopfrontiera.ch\/fr\/wp-json\/wp\/v2\/product\/28520\/revisions\/30008"}],"wp:featuredmedia":[{"embeddable":true,"href":"https:\/\/www.freeshopfrontiera.ch\/fr\/wp-json\/wp\/v2\/media\/28494"}],"wp:attachment":[{"href":"https:\/\/www.freeshopfrontiera.ch\/fr\/wp-json\/wp\/v2\/media?parent=28520"}],"wp:term":[{"taxonomy":"pwb-brand","embeddable":true,"href":"https:\/\/www.freeshopfrontiera.ch\/fr\/wp-json\/wp\/v2\/pwb-brand?post=28520"},{"taxonomy":"product_brand","embeddable":true,"href":"https:\/\/www.freeshopfrontiera.ch\/fr\/wp-json\/wp\/v2\/product_brand?post=28520"},{"taxonomy":"product_cat","embeddable":true,"href":"https:\/\/www.freeshopfrontiera.ch\/fr\/wp-json\/wp\/v2\/product_cat?post=28520"},{"taxonomy":"product_tag","embeddable":true,"href":"https:\/\/www.freeshopfrontiera.ch\/fr\/wp-json\/wp\/v2\/product_tag?post=28520"}],"curies":[{"name":"wp","href":"https:\/\/api.w.org\/{rel}","templated":true}]}}