{"id":28558,"date":"2025-04-28T09:13:55","date_gmt":"2025-04-28T09:13:55","guid":{"rendered":"https:\/\/www.freeshopfrontiera.ch\/shop\/sensai-set-awakening-creamy-eye\/"},"modified":"2025-04-28T09:18:01","modified_gmt":"2025-04-28T09:18:01","slug":"sensai-set-awakening-creamy-eye","status":"publish","type":"product","link":"https:\/\/www.freeshopfrontiera.ch\/fr\/shop\/sensai-set-awakening-creamy-eye\/","title":{"rendered":"SENSAI SET Awakening Creamy Eye"},"content":{"rendered":"<p class=\"\" data-start=\"2030\" data-end=\"2139\"><strong data-start=\"2030\" data-end=\"2139\">SENSAI SET Awakening Creamy Eye, TOTAL LIP TREATMENT et THROAT &amp; BUST LIFTING EFFECT \u2013 Soins anti-\u00e2ge intensifs<\/strong><\/p>\n<p class=\"\" data-start=\"2141\" data-end=\"2465\">Ce <strong data-start=\"2144\" data-end=\"2174\">coffret en \u00e9dition limit\u00e9e<\/strong> est con\u00e7u pour offrir un traitement complet du visage et du corps, avec trois produits innovants et hautement efficaces. Chaque produit est formul\u00e9 avec des ingr\u00e9dients de qualit\u00e9 pour agir en synergie, am\u00e9liorant l\u2019apparence g\u00e9n\u00e9rale de la peau et offrant un aspect plus jeune et lumineux.<\/p>\n<ul data-start=\"2467\" data-end=\"3739\">\n<li class=\"\" data-start=\"2467\" data-end=\"2977\">\n<p class=\"\" data-start=\"2469\" data-end=\"2977\"><strong data-start=\"2469\" data-end=\"2506\">AWAKENING CREAMY EYE ESSENCE 20ml<\/strong> : Ce soin pour les yeux, \u00e0 la texture unique qui se transforme de cr\u00e8me en essence, aide \u00e0 hydrater et renforcer la peau d\u00e9licate du contour des yeux. Avec une utilisation r\u00e9guli\u00e8re, il r\u00e9duit visiblement les cernes, les rides et offre un effet rafra\u00eechissant et liftant. Gr\u00e2ce aux actifs puissants comme le <strong data-start=\"2815\" data-end=\"2844\">Koishimaru Silk Royal\u2122 AE<\/strong> et le <strong data-start=\"2851\" data-end=\"2876\">Awakening Eye Complex<\/strong>, la zone des yeux appara\u00eet visiblement plus ferme et lumineuse, avec un aspect repos\u00e9 et plus jeune.<\/p>\n<\/li>\n<li class=\"\" data-start=\"2979\" data-end=\"3378\">\n<p class=\"\" data-start=\"2981\" data-end=\"3378\"><strong data-start=\"2981\" data-end=\"3008\">TOTAL LIP TREATMENT 5ml<\/strong> : Un soin nourrissant qui r\u00e9pond aux besoins de la peau fragile des l\u00e8vres et du contour des l\u00e8vres. Cette formule riche en nutriments aide \u00e0 r\u00e9duire les lignes fines et \u00e0 apporter du volume, de l\u2019\u00e9lasticit\u00e9 et de la douceur aux l\u00e8vres, tout en combattant la s\u00e9cheresse et les ridules. Sa texture soyeuse et hydratante laisse les l\u00e8vres visiblement lisses et repulp\u00e9es.<\/p>\n<\/li>\n<li class=\"\" data-start=\"3380\" data-end=\"3739\">\n<p class=\"\" data-start=\"3382\" data-end=\"3739\"><strong data-start=\"3382\" data-end=\"3442\">CELLULAR PERFORMANCE THROAT AND BUST LIFTING EFFECT 19ml<\/strong> : Un soin sp\u00e9cifique pour le cou et le d\u00e9collet\u00e9 qui aide \u00e0 raffermir, lisser et tonifier la peau d\u00e9licate de ces zones. Avec sa formule l\u00e9g\u00e8re, cette essence combat les signes du vieillissement, am\u00e9liorant la fermet\u00e9 et l\u2019\u00e9lasticit\u00e9, et redonnant au cou et au d\u00e9collet\u00e9 un aspect jeune et lisse.<\/p>\n<\/li>\n<\/ul>\n<p class=\"\" data-start=\"3741\" data-end=\"4039\">SENSAI SET Awakening Creamy Eye est id\u00e9al pour ceux qui souhaitent prendre soin des zones les plus sensibles et sujettes aux signes de l\u2019\u00e2ge. Chaque produit est con\u00e7u pour offrir les meilleurs soins, transformant votre routine beaut\u00e9 en un v\u00e9ritable rituel de luxe, avec des r\u00e9sultats visibles et durables.<\/p>\n<p data-start=\"1950\" data-end=\"2159\">Follow us! <a href=\"https:\/\/www.instagram.com\/freeshopswiss\/\" target=\"_blank\" rel=\"noopener\">@freeshopswiss<\/a><\/p>\n","protected":false},"excerpt":{"rendered":"<p>SENSAI SET Awakening Creamy Eye, TOTAL LIP TREATMENT et THROAT &amp; BUST LIFTING EFFECT \u2013 Soins anti-\u00e2ge intensifs Ce coffret en \u00e9dition limit\u00e9e est con\u00e7u pour offrir un traitement complet du visage et du corps, avec trois produits innovants et hautement efficaces. Chaque produit est formul\u00e9 avec des ingr\u00e9dients de qualit\u00e9 pour agir en synergie, [&hellip;]<\/p>\n","protected":false},"featured_media":28554,"comment_status":"open","ping_status":"closed","template":"","meta":[],"pwb-brand":[596],"product_brand":[],"product_cat":[109,295,545],"product_tag":[481,296,417,301],"class_list":{"0":"post-28558","1":"product","2":"type-product","3":"status-publish","4":"has-post-thumbnail","6":"pwb-brand-sensai","7":"product_cat-pour-elle","8":"product_cat-traitements","9":"product_cat-soin-du-visage","10":"product_tag-anti-rides-fr","11":"product_tag-femme","12":"product_tag-soins-fr","13":"product_tag-soins-du-visage","15":"first","16":"outofstock","17":"sale","18":"taxable","19":"shipping-taxable","20":"purchasable","21":"product-type-simple"},"brands":[{"id":596,"name":"Sensai","slug":"sensai"}],"_links":{"self":[{"href":"https:\/\/www.freeshopfrontiera.ch\/fr\/wp-json\/wp\/v2\/product\/28558","targetHints":{"allow":["GET"]}}],"collection":[{"href":"https:\/\/www.freeshopfrontiera.ch\/fr\/wp-json\/wp\/v2\/product"}],"about":[{"href":"https:\/\/www.freeshopfrontiera.ch\/fr\/wp-json\/wp\/v2\/types\/product"}],"replies":[{"embeddable":true,"href":"https:\/\/www.freeshopfrontiera.ch\/fr\/wp-json\/wp\/v2\/comments?post=28558"}],"version-history":[{"count":1,"href":"https:\/\/www.freeshopfrontiera.ch\/fr\/wp-json\/wp\/v2\/product\/28558\/revisions"}],"predecessor-version":[{"id":28562,"href":"https:\/\/www.freeshopfrontiera.ch\/fr\/wp-json\/wp\/v2\/product\/28558\/revisions\/28562"}],"wp:featuredmedia":[{"embeddable":true,"href":"https:\/\/www.freeshopfrontiera.ch\/fr\/wp-json\/wp\/v2\/media\/28554"}],"wp:attachment":[{"href":"https:\/\/www.freeshopfrontiera.ch\/fr\/wp-json\/wp\/v2\/media?parent=28558"}],"wp:term":[{"taxonomy":"pwb-brand","embeddable":true,"href":"https:\/\/www.freeshopfrontiera.ch\/fr\/wp-json\/wp\/v2\/pwb-brand?post=28558"},{"taxonomy":"product_brand","embeddable":true,"href":"https:\/\/www.freeshopfrontiera.ch\/fr\/wp-json\/wp\/v2\/product_brand?post=28558"},{"taxonomy":"product_cat","embeddable":true,"href":"https:\/\/www.freeshopfrontiera.ch\/fr\/wp-json\/wp\/v2\/product_cat?post=28558"},{"taxonomy":"product_tag","embeddable":true,"href":"https:\/\/www.freeshopfrontiera.ch\/fr\/wp-json\/wp\/v2\/product_tag?post=28558"}],"curies":[{"name":"wp","href":"https:\/\/api.w.org\/{rel}","templated":true}]}}