{"id":28576,"date":"2025-04-28T09:43:03","date_gmt":"2025-04-28T09:43:03","guid":{"rendered":"https:\/\/www.freeshopfrontiera.ch\/shop\/sensai-silky-purifiying-sponge-chief\/"},"modified":"2025-04-28T09:46:20","modified_gmt":"2025-04-28T09:46:20","slug":"sensai-silky-purifiying-sponge-chief","status":"publish","type":"product","link":"https:\/\/www.freeshopfrontiera.ch\/fr\/shop\/sensai-silky-purifiying-sponge-chief\/","title":{"rendered":"SENSAI Silky Purifiying Sponge Chief"},"content":{"rendered":"<p class=\"\" data-start=\"1593\" data-end=\"1685\"><strong data-start=\"1593\" data-end=\"1685\">SENSAI Silky Purifying Sponge Chief \u2013 \u00c9ponge purifiante de luxe pour une peau impeccable<\/strong><\/p>\n<p class=\"\" data-start=\"1687\" data-end=\"2106\">La <strong data-start=\"1690\" data-end=\"1729\">SENSAI Silky Purifying Sponge Chief<\/strong> est un accessoire de beaut\u00e9 exclusif con\u00e7u pour offrir une exp\u00e9rience de nettoyage \u00e0 la fois profonde et douce. Fabriqu\u00e9e avec des mat\u00e9riaux de la plus haute qualit\u00e9, cette \u00e9ponge est le compagnon id\u00e9al pour am\u00e9liorer votre routine de nettoyage, \u00e9liminant efficacement les impuret\u00e9s, l&rsquo;exc\u00e8s de s\u00e9bum et les r\u00e9sidus de maquillage sans perturber l&rsquo;\u00e9quilibre naturel de la peau.<\/p>\n<p class=\"\" data-start=\"2108\" data-end=\"2554\">Sa <strong data-start=\"2111\" data-end=\"2128\">texture douce<\/strong> et <strong data-start=\"2132\" data-end=\"2143\">soyeuse<\/strong> est con\u00e7ue pour cr\u00e9er une mousse riche et cr\u00e9meuse, transformant le nettoyage en un v\u00e9ritable moment de plaisir. Utilis\u00e9e avec votre nettoyant SENSAI pr\u00e9f\u00e9r\u00e9, l&rsquo;\u00e9ponge procure un nettoyage en profondeur et am\u00e9liore l&rsquo;efficacit\u00e9 des soins appliqu\u00e9s ensuite. Son design ergonomique et sa capacit\u00e9 \u00e0 <strong data-start=\"2441\" data-end=\"2463\">massager doucement<\/strong> la peau, stimulant la microcirculation, rendent l&rsquo;\u00e9tape de nettoyage encore plus luxueuse.<\/p>\n<p class=\"\" data-start=\"2556\" data-end=\"2919\"><strong data-start=\"2556\" data-end=\"2591\">Id\u00e9ale pour les peaux sensibles<\/strong>, la <strong data-start=\"2596\" data-end=\"2635\">SENSAI Silky Purifying Sponge Chief<\/strong> laisse la peau fra\u00eeche, lisse et purifi\u00e9e sans provoquer d&rsquo;irritation ou de s\u00e9cheresse. Convient \u00e0 tous les types de peau, y compris les peaux sensibles, elle offre un <strong data-start=\"2804\" data-end=\"2831\">nettoyage tr\u00e8s efficace<\/strong> qui pr\u00e9pare la peau \u00e0 recevoir les soins suivants, assurant un aspect sain et lumineux.<\/p>\n<p class=\"\" data-start=\"2921\" data-end=\"3163\"><strong data-start=\"2921\" data-end=\"2940\">Mode d&#8217;emploi :<\/strong> Humidifiez l&rsquo;\u00e9ponge avec de l&rsquo;eau ti\u00e8de, appliquez une petite quantit\u00e9 de nettoyant et massez d\u00e9licatement le visage en mouvements circulaires. Apr\u00e8s utilisation, rincez l&rsquo;\u00e9ponge et laissez-la s\u00e9cher dans un endroit frais.<\/p>\n<p data-start=\"1433\" data-end=\"1665\">Follow us! <a href=\"https:\/\/www.instagram.com\/freeshopswiss\/\" target=\"_blank\" rel=\"noopener\">@freeshopswiss<\/a><\/p>\n","protected":false},"excerpt":{"rendered":"<p>SENSAI Silky Purifying Sponge Chief \u2013 \u00c9ponge purifiante de luxe pour une peau impeccable La SENSAI Silky Purifying Sponge Chief est un accessoire de beaut\u00e9 exclusif con\u00e7u pour offrir une exp\u00e9rience de nettoyage \u00e0 la fois profonde et douce. Fabriqu\u00e9e avec des mat\u00e9riaux de la plus haute qualit\u00e9, cette \u00e9ponge est le compagnon id\u00e9al pour [&hellip;]<\/p>\n","protected":false},"featured_media":28568,"comment_status":"open","ping_status":"closed","template":"","meta":[],"pwb-brand":[596],"product_brand":[],"product_cat":[109,566],"product_tag":[467,296,474],"class_list":{"0":"post-28576","1":"product","2":"type-product","3":"status-publish","4":"has-post-thumbnail","6":"pwb-brand-sensai","7":"product_cat-pour-elle","8":"product_cat-make-up-fr-2","9":"product_tag-accessoires-de-maquillage","10":"product_tag-femme","11":"product_tag-maquillage-du-visage","13":"first","14":"instock","15":"sale","16":"taxable","17":"shipping-taxable","18":"purchasable","19":"product-type-simple"},"brands":[{"id":596,"name":"Sensai","slug":"sensai"}],"_links":{"self":[{"href":"https:\/\/www.freeshopfrontiera.ch\/fr\/wp-json\/wp\/v2\/product\/28576","targetHints":{"allow":["GET"]}}],"collection":[{"href":"https:\/\/www.freeshopfrontiera.ch\/fr\/wp-json\/wp\/v2\/product"}],"about":[{"href":"https:\/\/www.freeshopfrontiera.ch\/fr\/wp-json\/wp\/v2\/types\/product"}],"replies":[{"embeddable":true,"href":"https:\/\/www.freeshopfrontiera.ch\/fr\/wp-json\/wp\/v2\/comments?post=28576"}],"version-history":[{"count":1,"href":"https:\/\/www.freeshopfrontiera.ch\/fr\/wp-json\/wp\/v2\/product\/28576\/revisions"}],"predecessor-version":[{"id":28579,"href":"https:\/\/www.freeshopfrontiera.ch\/fr\/wp-json\/wp\/v2\/product\/28576\/revisions\/28579"}],"wp:featuredmedia":[{"embeddable":true,"href":"https:\/\/www.freeshopfrontiera.ch\/fr\/wp-json\/wp\/v2\/media\/28568"}],"wp:attachment":[{"href":"https:\/\/www.freeshopfrontiera.ch\/fr\/wp-json\/wp\/v2\/media?parent=28576"}],"wp:term":[{"taxonomy":"pwb-brand","embeddable":true,"href":"https:\/\/www.freeshopfrontiera.ch\/fr\/wp-json\/wp\/v2\/pwb-brand?post=28576"},{"taxonomy":"product_brand","embeddable":true,"href":"https:\/\/www.freeshopfrontiera.ch\/fr\/wp-json\/wp\/v2\/product_brand?post=28576"},{"taxonomy":"product_cat","embeddable":true,"href":"https:\/\/www.freeshopfrontiera.ch\/fr\/wp-json\/wp\/v2\/product_cat?post=28576"},{"taxonomy":"product_tag","embeddable":true,"href":"https:\/\/www.freeshopfrontiera.ch\/fr\/wp-json\/wp\/v2\/product_tag?post=28576"}],"curies":[{"name":"wp","href":"https:\/\/api.w.org\/{rel}","templated":true}]}}