{"id":28593,"date":"2025-04-28T10:06:17","date_gmt":"2025-04-28T10:06:17","guid":{"rendered":"https:\/\/www.freeshopfrontiera.ch\/shop\/lancome-set-hydrazen\/"},"modified":"2025-11-21T11:04:14","modified_gmt":"2025-11-21T11:04:14","slug":"lancome-set-hydrazen","status":"publish","type":"product","link":"https:\/\/www.freeshopfrontiera.ch\/fr\/shop\/lancome-set-hydrazen\/","title":{"rendered":"LANCOME SET HydraZen"},"content":{"rendered":"<p data-start=\"66\" data-end=\"138\"><strong data-start=\"66\" data-end=\"138\">Set Lanc\u00f4me HydraZen \u2013 Hydratation, Confort et R\u00e9g\u00e9n\u00e9ration Compl\u00e8te<\/strong><\/p>\n<p data-start=\"140\" data-end=\"556\">D\u00e9couvrez le secret d\u2019une peau saine, lumineuse et parfaitement hydrat\u00e9e avec le <strong data-start=\"221\" data-end=\"245\">Set Lanc\u00f4me HydraZen<\/strong>, une routine compl\u00e8te qui combine les traitements les plus efficaces pour hydrater, apaiser et r\u00e9g\u00e9n\u00e9rer la peau. Con\u00e7u pour ceux qui recherchent une approche premium des soins quotidiens, ce set est id\u00e9al \u00e0 la fois comme cadeau de luxe et pour ceux qui souhaitent se choyer avec des produits de haute qualit\u00e9.<\/p>\n<p data-start=\"558\" data-end=\"916\">Gr\u00e2ce \u00e0 la combinaison de cr\u00e8me, s\u00e9rum et soin contour des yeux, la peau appara\u00eet visiblement plus douce, \u00e9lastique et lumineuse, avec une r\u00e9duction significative des signes de fatigue et de stress cutan\u00e9. Convient \u00e0 tous les types de peau, y compris les peaux sensibles, le set Lanc\u00f4me HydraZen est le compagnon id\u00e9al pour une routine compl\u00e8te jour et nuit.<\/p>\n<p data-start=\"918\" data-end=\"943\"><strong data-start=\"918\" data-end=\"943\">Le coffret contient :<\/strong><\/p>\n<p data-start=\"945\" data-end=\"1365\"><strong data-start=\"945\" data-end=\"993\">HydraZen Cr\u00e8me Hydratante et Apaisante 50 ml<\/strong><br data-start=\"993\" data-end=\"996\" \/>Cr\u00e8me visage hydratante et apaisante con\u00e7ue pour offrir un confort imm\u00e9diat \u00e0 la peau stress\u00e9e. La formule aide \u00e0 prot\u00e9ger la barri\u00e8re cutan\u00e9e, r\u00e9duit les rougeurs et la sensibilit\u00e9, et laisse la peau douce, fra\u00eeche et nourrie. Id\u00e9ale pour un usage quotidien, elle donne au teint un aspect uniforme et lumineux, pr\u00e9parant la peau \u00e0 affronter les agressions ext\u00e9rieures.<\/p>\n<p data-start=\"1367\" data-end=\"1711\"><strong data-start=\"1367\" data-end=\"1389\">Genifique Eye 5 ml<\/strong><br data-start=\"1389\" data-end=\"1392\" \/>Soin contour des yeux tr\u00e8s efficace, con\u00e7u pour illuminer et r\u00e9g\u00e9n\u00e9rer la zone d\u00e9licate autour des yeux. R\u00e9duit visiblement les poches et les cernes, lisse les ridules et donne un regard plus repos\u00e9 et jeune. Le contour des yeux appara\u00eet hydrat\u00e9, frais et prot\u00e9g\u00e9, compl\u00e9tant la routine visage avec un effet \u00e9nergisant.<\/p>\n<p data-start=\"1713\" data-end=\"2158\"><strong data-start=\"1713\" data-end=\"1747\">Genifique Ultimate Serum 10 ml<\/strong><br data-start=\"1747\" data-end=\"1750\" \/>S\u00e9rum r\u00e9g\u00e9n\u00e9rant avanc\u00e9 qui stimule le renouvellement cellulaire, am\u00e9liore l\u2019\u00e9lasticit\u00e9 et la fermet\u00e9 de la peau et r\u00e9duit les signes visibles du vieillissement. La formule l\u00e9g\u00e8re et concentr\u00e9e p\u00e9n\u00e8tre rapidement, laissant le visage lumineux, uniforme et visiblement plus jeune. Parfait comme \u00e9tape centrale de la routine quotidienne, il aide \u00e0 renforcer l\u2019efficacit\u00e9 de la cr\u00e8me et du soin contour des yeux.<\/p>\n<p data-start=\"1989\" data-end=\"2313\">Follow us! <a href=\"https:\/\/www.instagram.com\/freeshopswiss\/\" target=\"_blank\" rel=\"noopener\">@freeshopswiss<\/a><\/p>\n","protected":false},"excerpt":{"rendered":"<p>D\u00e9couvrez le secret d\u2019une peau saine, lumineuse et parfaitement hydrat\u00e9e avec le <strong data-start=\"221\" data-end=\"245\">Set Lanc\u00f4me HydraZen<\/strong>, une routine compl\u00e8te qui combine les traitements les plus efficaces pour hydrater, apaiser et r\u00e9g\u00e9n\u00e9rer la peau.<\/p>\n","protected":false},"featured_media":37317,"comment_status":"open","ping_status":"closed","template":"","meta":[],"pwb-brand":[262],"product_brand":[],"product_cat":[109,295,545],"product_tag":[481,459,461,417,301],"class_list":{"0":"post-28593","1":"product","2":"type-product","3":"status-publish","4":"has-post-thumbnail","6":"pwb-brand-lancome","7":"product_cat-pour-elle","8":"product_cat-traitements","9":"product_cat-soin-du-visage","10":"product_tag-anti-rides-fr","11":"product_tag-coffret","12":"product_tag-coffrets-femme","13":"product_tag-soins-fr","14":"product_tag-soins-du-visage","16":"first","17":"outofstock","18":"sale","19":"taxable","20":"shipping-taxable","21":"purchasable","22":"product-type-simple"},"brands":[{"id":262,"name":"Lanc\u00f4me","slug":"lancome"}],"_links":{"self":[{"href":"https:\/\/www.freeshopfrontiera.ch\/fr\/wp-json\/wp\/v2\/product\/28593","targetHints":{"allow":["GET"]}}],"collection":[{"href":"https:\/\/www.freeshopfrontiera.ch\/fr\/wp-json\/wp\/v2\/product"}],"about":[{"href":"https:\/\/www.freeshopfrontiera.ch\/fr\/wp-json\/wp\/v2\/types\/product"}],"replies":[{"embeddable":true,"href":"https:\/\/www.freeshopfrontiera.ch\/fr\/wp-json\/wp\/v2\/comments?post=28593"}],"version-history":[{"count":3,"href":"https:\/\/www.freeshopfrontiera.ch\/fr\/wp-json\/wp\/v2\/product\/28593\/revisions"}],"predecessor-version":[{"id":37324,"href":"https:\/\/www.freeshopfrontiera.ch\/fr\/wp-json\/wp\/v2\/product\/28593\/revisions\/37324"}],"wp:featuredmedia":[{"embeddable":true,"href":"https:\/\/www.freeshopfrontiera.ch\/fr\/wp-json\/wp\/v2\/media\/37317"}],"wp:attachment":[{"href":"https:\/\/www.freeshopfrontiera.ch\/fr\/wp-json\/wp\/v2\/media?parent=28593"}],"wp:term":[{"taxonomy":"pwb-brand","embeddable":true,"href":"https:\/\/www.freeshopfrontiera.ch\/fr\/wp-json\/wp\/v2\/pwb-brand?post=28593"},{"taxonomy":"product_brand","embeddable":true,"href":"https:\/\/www.freeshopfrontiera.ch\/fr\/wp-json\/wp\/v2\/product_brand?post=28593"},{"taxonomy":"product_cat","embeddable":true,"href":"https:\/\/www.freeshopfrontiera.ch\/fr\/wp-json\/wp\/v2\/product_cat?post=28593"},{"taxonomy":"product_tag","embeddable":true,"href":"https:\/\/www.freeshopfrontiera.ch\/fr\/wp-json\/wp\/v2\/product_tag?post=28593"}],"curies":[{"name":"wp","href":"https:\/\/api.w.org\/{rel}","templated":true}]}}