{"id":28619,"date":"2025-04-28T10:44:16","date_gmt":"2025-04-28T10:44:16","guid":{"rendered":"https:\/\/www.freeshopfrontiera.ch\/shop\/valmont-set-prime\/"},"modified":"2025-04-28T10:52:18","modified_gmt":"2025-04-28T10:52:18","slug":"valmont-set-prime","status":"publish","type":"product","link":"https:\/\/www.freeshopfrontiera.ch\/fr\/shop\/valmont-set-prime\/","title":{"rendered":"VALMONT SET Prime"},"content":{"rendered":"<p class=\"\" data-start=\"3225\" data-end=\"3421\"><strong data-start=\"3225\" data-end=\"3421\">Set VALMONT Prime Renewing Pack, Restoring Perfection SPF50, Moisturizing Booster, Moisturizing Cream, Vital Falls, Elixir Yeaux, Fizzy Mint et Vanity \u2013 Soin complet de beaut\u00e9 et d&rsquo;hydratation<\/strong><\/p>\n<p class=\"\" data-start=\"3423\" data-end=\"3812\">Ce <strong data-start=\"3426\" data-end=\"3454\">coffret exclusif VALMONT<\/strong> repr\u00e9sente un soin complet et luxueux pour le visage, con\u00e7u pour r\u00e9pondre aux besoins des peaux matures, d\u00e9shydrat\u00e9es et stress\u00e9es. Avec une combinaison de produits innovants et hautement efficaces, ce set offre une hydratation en profondeur, une protection solaire avanc\u00e9e et un soin r\u00e9g\u00e9n\u00e9rant pour donner \u00e0 la peau une apparence radieuse, jeune et saine.<\/p>\n<ul data-start=\"3814\" data-end=\"6066\">\n<li class=\"\" data-start=\"3814\" data-end=\"4156\">\n<p class=\"\" data-start=\"3816\" data-end=\"4156\"><strong data-start=\"3816\" data-end=\"3844\">Prime Renewing Pack 15ml<\/strong> : Un masque innovant avec une texture riche et cr\u00e9meuse qui revitalise et renouvelle la peau. Il redonne de la luminosit\u00e9, de la douceur et de la fermet\u00e9, tout en combattant les signes de fatigue et de stress. Id\u00e9al pour un soin r\u00e9g\u00e9n\u00e9rant intensif, il donne \u00e0 la peau un aspect visiblement plus jeune et frais.<\/p>\n<\/li>\n<li class=\"\" data-start=\"4158\" data-end=\"4554\">\n<p class=\"\" data-start=\"4160\" data-end=\"4554\"><strong data-start=\"4160\" data-end=\"4195\">Restoring Perfection SPF50 15ml<\/strong> : Un fluide perfectionnant avec protection solaire SPF50, id\u00e9al pour prot\u00e9ger la peau des dommages caus\u00e9s par les rayons UV. Sa formule l\u00e9g\u00e8re et r\u00e9g\u00e9n\u00e9rante aide \u00e0 r\u00e9duire visiblement les signes du vieillissement, tout en am\u00e9liorant l\u2019\u00e9lasticit\u00e9 et la texture de la peau. Parfait pour une utilisation quotidienne en tant que cr\u00e8me hydratante et protectrice.<\/p>\n<\/li>\n<li class=\"\" data-start=\"4556\" data-end=\"4814\">\n<p class=\"\" data-start=\"4558\" data-end=\"4814\"><strong data-start=\"4558\" data-end=\"4587\">Moisturizing Booster 10ml<\/strong> : Un puissant activateur d\u2019hydratation qui renforce la barri\u00e8re cutan\u00e9e en apportant une hydratation intensive et durable. Sa formule concentr\u00e9e hydrate profond\u00e9ment la peau, la laissant visiblement plus douce et plus soyeuse.<\/p>\n<\/li>\n<li class=\"\" data-start=\"4816\" data-end=\"5129\">\n<p class=\"\" data-start=\"4818\" data-end=\"5129\"><strong data-start=\"4818\" data-end=\"4845\">Moisturizing Cream 15ml<\/strong> : Une cr\u00e8me hydratante riche qui renforce l\u2019hydratation et la protection de la peau, la laissant fra\u00eeche, douce et lisse. Parfaite pour un usage quotidien, cette cr\u00e8me aide \u00e0 maintenir le bon \u00e9quilibre hydrolipidique, tout en combattant la s\u00e9cheresse et les signes du vieillissement.<\/p>\n<\/li>\n<li class=\"\" data-start=\"5131\" data-end=\"5408\">\n<p class=\"\" data-start=\"5133\" data-end=\"5408\"><strong data-start=\"5133\" data-end=\"5153\">Vital Falls 30ml<\/strong> : Un soin r\u00e9g\u00e9n\u00e9rant qui agit en profondeur sur la peau, lui redonnant vitalit\u00e9 et \u00e9clat. Ses propri\u00e9t\u00e9s nourrissantes et hydratantes donnent \u00e0 la peau une apparence saine et lumineuse, am\u00e9liorant la qualit\u00e9 de la peau et r\u00e9duisant les signes de fatigue.<\/p>\n<\/li>\n<li class=\"\" data-start=\"5410\" data-end=\"5673\">\n<p class=\"\" data-start=\"5412\" data-end=\"5673\"><strong data-start=\"5412\" data-end=\"5432\">Elixir Yeaux 5ml<\/strong> : Un \u00e9lixir hautement concentr\u00e9 offrant un soin cibl\u00e9 pour la zone d\u00e9licate du contour des yeux. Il lutte contre les cernes, les poches et les rides, tout en am\u00e9liorant l\u2019\u00e9lasticit\u00e9 de la peau et en apportant un regard plus frais et repos\u00e9.<\/p>\n<\/li>\n<li class=\"\" data-start=\"5675\" data-end=\"5950\">\n<p class=\"\" data-start=\"5677\" data-end=\"5950\"><strong data-start=\"5677\" data-end=\"5696\">Fizzy Mint 10ml<\/strong> : Un gel l\u00e9ger au effet rafra\u00eechissant qui apporte un soulagement imm\u00e9diat \u00e0 la peau stress\u00e9e et fatigu\u00e9e. Son effet p\u00e9tillant stimule la circulation, am\u00e9liorant ainsi l\u2019apparence g\u00e9n\u00e9rale de la peau et la laissant visiblement plus tonique et lumineuse.<\/p>\n<\/li>\n<li class=\"\" data-start=\"5952\" data-end=\"6066\">\n<p class=\"\" data-start=\"5954\" data-end=\"6066\"><strong data-start=\"5954\" data-end=\"5964\">Vanity<\/strong> : Un \u00e9l\u00e9gant \u00e9tui de voyage pour emporter vos soins VALMONT partout, de mani\u00e8re pratique et raffin\u00e9e.<\/p>\n<\/li>\n<\/ul>\n<p class=\"\" data-start=\"6068\" data-end=\"6452\">VALMONT Set est l\u2019alli\u00e9 parfait pour ceux qui recherchent un soin complet et r\u00e9g\u00e9n\u00e9rant. Avec une gamme de produits hydratants, protecteurs et anti-\u00e2ge, la peau appara\u00eet visiblement plus jeune, fra\u00eeche et lumineuse. Chaque produit est formul\u00e9 pour r\u00e9pondre aux besoins des peaux matures et d\u00e9shydrat\u00e9es, am\u00e9liorant l\u2019\u00e9lasticit\u00e9 et la luminosit\u00e9 avec des r\u00e9sultats visibles.<\/p>\n<p data-start=\"3043\" data-end=\"3426\">Follow us! <a href=\"https:\/\/www.instagram.com\/freeshopswiss\/\" target=\"_blank\" rel=\"noopener\">@freeshopswiss<\/a><\/p>\n","protected":false},"excerpt":{"rendered":"<p>Set VALMONT Prime Renewing Pack, Restoring Perfection SPF50, Moisturizing Booster, Moisturizing Cream, Vital Falls, Elixir Yeaux, Fizzy Mint et Vanity \u2013 Soin complet de beaut\u00e9 et d&rsquo;hydratation Ce coffret exclusif VALMONT repr\u00e9sente un soin complet et luxueux pour le visage, con\u00e7u pour r\u00e9pondre aux besoins des peaux matures, d\u00e9shydrat\u00e9es et stress\u00e9es. Avec une combinaison de [&hellip;]<\/p>\n","protected":false},"featured_media":28615,"comment_status":"open","ping_status":"closed","template":"","meta":[],"pwb-brand":[977],"product_brand":[],"product_cat":[295,484,545],"product_tag":[459,461,296,417,301],"class_list":{"0":"post-28619","1":"product","2":"type-product","3":"status-publish","4":"has-post-thumbnail","6":"pwb-brand-valmont","7":"product_cat-traitements","8":"product_cat-coffret","9":"product_cat-soin-du-visage","10":"product_tag-coffret","11":"product_tag-coffrets-femme","12":"product_tag-femme","13":"product_tag-soins-fr","14":"product_tag-soins-du-visage","16":"first","17":"outofstock","18":"sale","19":"taxable","20":"shipping-taxable","21":"purchasable","22":"product-type-simple"},"brands":[{"id":977,"name":"Valmont","slug":"valmont"}],"_links":{"self":[{"href":"https:\/\/www.freeshopfrontiera.ch\/fr\/wp-json\/wp\/v2\/product\/28619","targetHints":{"allow":["GET"]}}],"collection":[{"href":"https:\/\/www.freeshopfrontiera.ch\/fr\/wp-json\/wp\/v2\/product"}],"about":[{"href":"https:\/\/www.freeshopfrontiera.ch\/fr\/wp-json\/wp\/v2\/types\/product"}],"replies":[{"embeddable":true,"href":"https:\/\/www.freeshopfrontiera.ch\/fr\/wp-json\/wp\/v2\/comments?post=28619"}],"version-history":[{"count":2,"href":"https:\/\/www.freeshopfrontiera.ch\/fr\/wp-json\/wp\/v2\/product\/28619\/revisions"}],"predecessor-version":[{"id":28626,"href":"https:\/\/www.freeshopfrontiera.ch\/fr\/wp-json\/wp\/v2\/product\/28619\/revisions\/28626"}],"wp:featuredmedia":[{"embeddable":true,"href":"https:\/\/www.freeshopfrontiera.ch\/fr\/wp-json\/wp\/v2\/media\/28615"}],"wp:attachment":[{"href":"https:\/\/www.freeshopfrontiera.ch\/fr\/wp-json\/wp\/v2\/media?parent=28619"}],"wp:term":[{"taxonomy":"pwb-brand","embeddable":true,"href":"https:\/\/www.freeshopfrontiera.ch\/fr\/wp-json\/wp\/v2\/pwb-brand?post=28619"},{"taxonomy":"product_brand","embeddable":true,"href":"https:\/\/www.freeshopfrontiera.ch\/fr\/wp-json\/wp\/v2\/product_brand?post=28619"},{"taxonomy":"product_cat","embeddable":true,"href":"https:\/\/www.freeshopfrontiera.ch\/fr\/wp-json\/wp\/v2\/product_cat?post=28619"},{"taxonomy":"product_tag","embeddable":true,"href":"https:\/\/www.freeshopfrontiera.ch\/fr\/wp-json\/wp\/v2\/product_tag?post=28619"}],"curies":[{"name":"wp","href":"https:\/\/api.w.org\/{rel}","templated":true}]}}